{"id":76719,"date":"2025-10-31T15:58:17","date_gmt":"2025-10-31T19:58:17","guid":{"rendered":"https:\/\/rightsandresources.org\/cop30\/"},"modified":"2025-12-05T12:23:42","modified_gmt":"2025-12-05T17:23:42","slug":"cop30","status":"publish","type":"page","link":"https:\/\/rightsandresources.org\/pt-br\/cop30\/","title":{"rendered":"RRI na COP30: Os #DefensoresDoPlanetaLideramOCaminho na A\u00e7\u00e3o Clim\u00e1tica"},"content":{"rendered":"","protected":false},"excerpt":{"rendered":"","protected":false},"author":76,"featured_media":76708,"parent":0,"menu_order":0,"comment_status":"closed","ping_status":"closed","template":"template-cop30.php","meta":{"_acf_changed":false,"inline_featured_image":false,"footnotes":""},"class_list":["post-76719","page","type-page","status-publish","has-post-thumbnail","hentry"],"acf":[],"aioseo_notices":[],"publishpress_future_action":{"enabled":false,"date":"2026-04-22 20:06:32","action":"change-status","newStatus":"draft","terms":[],"taxonomy":"keywords","extraData":[]},"publishpress_future_workflow_manual_trigger":{"enabledWorkflows":[]},"_links":{"self":[{"href":"https:\/\/rightsandresources.org\/pt-br\/wp-json\/wp\/v2\/pages\/76719","targetHints":{"allow":["GET"]}}],"collection":[{"href":"https:\/\/rightsandresources.org\/pt-br\/wp-json\/wp\/v2\/pages"}],"about":[{"href":"https:\/\/rightsandresources.org\/pt-br\/wp-json\/wp\/v2\/types\/page"}],"author":[{"embeddable":true,"href":"https:\/\/rightsandresources.org\/pt-br\/wp-json\/wp\/v2\/users\/76"}],"replies":[{"embeddable":true,"href":"https:\/\/rightsandresources.org\/pt-br\/wp-json\/wp\/v2\/comments?post=76719"}],"version-history":[{"count":29,"href":"https:\/\/rightsandresources.org\/pt-br\/wp-json\/wp\/v2\/pages\/76719\/revisions"}],"predecessor-version":[{"id":77390,"href":"https:\/\/rightsandresources.org\/pt-br\/wp-json\/wp\/v2\/pages\/76719\/revisions\/77390"}],"wp:featuredmedia":[{"embeddable":true,"href":"https:\/\/rightsandresources.org\/pt-br\/wp-json\/wp\/v2\/media\/76708"}],"wp:attachment":[{"href":"https:\/\/rightsandresources.org\/pt-br\/wp-json\/wp\/v2\/media?parent=76719"}],"curies":[{"name":"wp","href":"https:\/\/api.w.org\/{rel}","templated":true}]}}