{"id":871,"date":"2024-06-05T22:44:35","date_gmt":"2024-06-05T22:44:35","guid":{"rendered":"https:\/\/rightsandresources.org\/livelihoods\/module-4-how-can-we-bring-our-ideas-to-life\/"},"modified":"2024-07-10T21:34:23","modified_gmt":"2024-07-10T21:34:23","slug":"module-4-how-can-we-bring-our-ideas-to-life","status":"publish","type":"page","link":"https:\/\/rightsandresources.org\/livelihoods\/fr\/my-course\/module-4-how-can-we-bring-our-ideas-to-life\/","title":{"rendered":"Module 4: Comment donner vie \u00e0 nos projets?\u00a0"},"content":{"rendered":"\r\n<section class=\"hero hero--internal\" data-waypoint=\"0.25\">\r\n  <div class=\"hero__background\"><\/div>\r\n    <div class=\"container medium\">\r\n      <div class=\"hero__content\">\r\n      <div class=\"language-content no-margin\" data-waypoint=\"0.25\">\r\n        <div class=\"container medium\">\r\n            <div class=\"language-content__grid\">\r\n              <ul class=\"header-language\">\r\n                \n<div class=\"wpml-ls-statics-shortcode_actions wpml-ls wpml-ls-legacy-list-horizontal\">\n\t<ul><li class=\"wpml-ls-slot-shortcode_actions wpml-ls-item wpml-ls-item-en wpml-ls-first-item wpml-ls-item-legacy-list-horizontal\">\n\t\t\t\t<a href=\"https:\/\/rightsandresources.org\/livelihoods\/\" class=\"wpml-ls-link\">\n                    <span class=\"wpml-ls-display\">EN<\/span><\/a>\n\t\t\t<\/li><li class=\"wpml-ls-slot-shortcode_actions wpml-ls-item wpml-ls-item-fr wpml-ls-current-language wpml-ls-item-legacy-list-horizontal\">\n\t\t\t\t<a href=\"https:\/\/rightsandresources.org\/livelihoods\/fr\/\" class=\"wpml-ls-link\">\n                    <span class=\"wpml-ls-native\">FR<\/span><\/a>\n\t\t\t<\/li><li class=\"wpml-ls-slot-shortcode_actions wpml-ls-item wpml-ls-item-es wpml-ls-item-legacy-list-horizontal\">\n\t\t\t\t<a href=\"https:\/\/rightsandresources.org\/livelihoods\/es\/\" class=\"wpml-ls-link\">\n                    <span class=\"wpml-ls-display\">ES<\/span><\/a>\n\t\t\t<\/li><li class=\"wpml-ls-slot-shortcode_actions wpml-ls-item wpml-ls-item-ne wpml-ls-last-item wpml-ls-item-legacy-list-horizontal\">\n\t\t\t\t<a href=\"https:\/\/rightsandresources.org\/livelihoods\/ne\/\" class=\"wpml-ls-link\">\n                    <span class=\"wpml-ls-display\">NP<\/span><\/a>\n\t\t\t<\/li><\/ul>\n<\/div>\n              <\/ul>\r\n            <\/div>\r\n        <\/div>\r\n      <\/div>\r\n\r\n        <div class=\"hero__data\">\r\n            <h1 class=\"hero__title\"><p><b>Module 4: <\/b>Comment donner vie \u00e0 nos projets?<b><br \/>\n<\/b><\/p>\n<\/h1> \r\n        <\/div>\r\n        \r\n            \r\n              <div class=\"block__buttons-content\">\r\n                                            <a class=\"button button-solid-green\" href=\"https:\/\/rightsandresources.org\/livelihoods\/wp-content\/uploads\/2024\/06\/Module-4_-Comment-donner-vie-a-nos-projets_.pdf\" target=\"_blank\" download>\r\n        T\u00e9l\u00e9charger le module        <\/a>\r\n                                                    <a class=\"button button-solid-blue\" href=\"https:\/\/rightsandresources.org\/livelihoods\/wp-content\/uploads\/2024\/06\/Livelihoods-Live-Sessions-Date_Times-Slide.pptx.pdf\" target=\"_blank\" download>\r\n        Session en direct        <\/a>\r\n                                      <\/div>\r\n            \r\n      <\/div>\r\n    <\/div> \r\n<\/section>\r\n\r\n\n\n\n<section class=\"block-text-cover\" data-waypoint=\".25\"> \n  <div class=\"block-text-cover__background\">\n    <div class=\"container medium\">\n      <div class=\"content\">\n        <div class=\"data\">\n            <h3 class=\"title\">Introduction<\/h3> \n            <div class=\"text\"><p>Dans ce module, nous explorerons les options de financement disponibles pour les projets de moyens de subsistance durables. Vous dresserez la carte des actifs financiers de votre communaut\u00e9, identifierez les strat\u00e9gies de subsistance potentielles qui pourraient se transformer en initiatives, et comparerez les diff\u00e9rents types de financement en fonction de l&rsquo;\u00e9chelle et des conditions pr\u00e9alables de votre projet. Ce module est con\u00e7u pour fournir les outils n\u00e9cessaires afin d\u2019explorer et de lancer des initiatives de subsistance r\u00e9alisables au sein de votre communaut\u00e9, en veillant \u00e0 ce que vous compreniez les cadres financiers pouvant soutenir vos objectifs<\/p>\n<p>&nbsp;<\/p>\n<\/div> \n        <\/div>\n      <\/div>\n    <\/div> \n  <\/div>\n<\/section>\n\n\n\n\r\n\r\n<section class=\"block-title-solid\" id=\"block_b4512e35d713b327d8258ec26b853297\" data-waypoint=\".25\">\r\n    <div class=\"container medium\">\r\n        <div class=\"content\">\r\n            <h2 class=\"title\">Identification du capital financier<\/h2> \r\n        <\/div>\r\n    <\/div>\r\n<\/section>\r\n \r\n\n\n\r\n\r\n<section class=\"block-copy-text\" data-waypoint=\".25\">\r\n    <div class=\"container medium\">\r\n                    <div class=\"block-copy-text__content\">\r\n                <div class=\"text\"><p>Les finances sont un \u00e9l\u00e9ment cl\u00e9 des initiatives de subsistance et des activit\u00e9s g\u00e9n\u00e9ratrices de revenus, comme le souligne <a href=\"https:\/\/drive.google.com\/file\/d\/1eUBRg93da6Mrx3mFPbql0nZ8MRZMfcnB\/view?usp=sharing\">Norman Rodea<\/a>.<\/p>\n<p>\u00ab [L]e capital financier permet d&rsquo;\u00e9changer ou de s&rsquo;approprier d&rsquo;autres capitaux. Il repr\u00e9sente l&rsquo;acc\u00e8s \u00e0 la liquidit\u00e9 mon\u00e9taire [rapidit\u00e9 d&rsquo;acc\u00e8s \u00e0 l&rsquo;argent], les revenus mon\u00e9taires directs et indirects dans la communaut\u00e9, ainsi que les possibilit\u00e9s de financement et de cr\u00e9dit offertes \u00e0 la communaut\u00e9. Il r\u00e9pond aux questions suivantes :<\/p>\n<ul>\n<li>Quel est le revenu mon\u00e9taire des individus, des familles et de la communaut\u00e9 dans la communaut\u00e9 ?<\/li>\n<li>Quelles sont les possibilit\u00e9s d&#8217;emploi dans la communaut\u00e9 ?<\/li>\n<li>Quelles sont les possibilit\u00e9s de capitalisation, de financement et\/ou de cr\u00e9dit disponibles dans la communaut\u00e9 ?<\/li>\n<li>Quels sont les programmes gouvernementaux qui soutiennent les processus financiers, environnementaux, culturels ou sociaux ?<\/li>\n<li>Quelles organisations priv\u00e9es sont int\u00e9ress\u00e9es \u00e0 collaborer ou soutiennent d\u00e9j\u00e0 des processus financiers, environnementaux, culturels ou sociaux ?<\/li>\n<li>Quels sont les outils et plateformes financiers disponibles \u2013 applications bancaires, distributeurs de cartes, financement participatif ?<\/li>\n<\/ul>\n<div id=\"gtx-trans\" style=\"position: absolute;left: -30px;top: -9.33333px\">\n<div class=\"gtx-trans-icon\"><\/div>\n<\/div>\n<\/div>\r\n            <\/div>\r\n         \r\n    <\/div>\r\n<\/section>\r\n\r\n\n\n\r\n\r\n<section class=\"block-title-solid\" id=\"block_c882f192b27091b0f657a1d0f565c731\" data-waypoint=\".25\">\r\n    <div class=\"container medium\">\r\n        <div class=\"content\">\r\n            <h2 class=\"title\">Planification et strat\u00e9gie<\/h2> \r\n        <\/div>\r\n    <\/div>\r\n<\/section>\r\n \r\n\n\n\r\n\r\n<section class=\"block-copy-text\" data-waypoint=\".25\">\r\n    <div class=\"container medium\">\r\n                    <div class=\"block-copy-text__content\">\r\n                <div class=\"text\"><p>Lors de la planification de votre initiative, vous devrez r\u00e9fl\u00e9chir au contexte, \u00e0 l&rsquo;ampleur et aux besoins financiers sp\u00e9cifiques de celle-ci afin d&rsquo;\u00e9laborer un plan de financement du processus. Voici quelques \u00e9l\u00e9ments importants \u00e0 prendre en compte :<\/p>\n<ul>\n<li style=\"font-weight: 400\"><span style=\"font-weight: 400\">Concevez votre strat\u00e9gie et \u00e9laborez un plan d&rsquo;action qui donne la priorit\u00e9 aux actions les moins co\u00fbteuses et les plus b\u00e9n\u00e9fiques, en tenant compte des objectifs \u00e0 court et \u00e0 long terme.\u00a0<\/span><\/li>\n<li style=\"font-weight: 400\"><span style=\"font-weight: 400\">Concevez et testez d&rsquo;abord un prototype \u00e0 petite \u00e9chelle \u2013 cela vous permettra d&rsquo;affiner votre approche avant d&rsquo;engager des ressources importantes dans une strat\u00e9gie enti\u00e8rement d\u00e9velopp\u00e9e.<\/span><\/li>\n<li style=\"font-weight: 400\"><span style=\"font-weight: 400\">Concevez et travailler avec d&rsquo;autres pour am\u00e9liorer et recevoir un feedback sur vos id\u00e9es, \u00e0 chaque \u00e9tape de la conception et de la mise en \u0153uvre.<\/span><\/li>\n<li style=\"font-weight: 400\"><span style=\"font-weight: 400\">\u00c9tudiez des entreprises proposant des produits similaires dans votre contexte, afin de disposer de points de r\u00e9f\u00e9rence pour analyser le march\u00e9.<\/span><\/li>\n<li style=\"font-weight: 400\"><span style=\"font-weight: 400\">\u00c9valuez le capital financier dont vous disposez et hi\u00e9rarchisez les investissements en fonction des actions que vous avez planifi\u00e9es. Par exemple, d\u00e9terminez s&rsquo;il est plus strat\u00e9gique d&rsquo;investir dans l&rsquo;achat d&rsquo;outils ou de machines sp\u00e9cialis\u00e9s, de tester votre prototype ou d&rsquo;\u00e9tendre vos activit\u00e9s.\u00a0<\/span><\/li>\n<\/ul>\n<p>&nbsp;<\/p>\n<\/div>\r\n            <\/div>\r\n         \r\n    <\/div>\r\n<\/section>\r\n\r\n\n\n\r\n\r\n<section class=\"block-title-solid\" id=\"block_261272902680b29a2aade4a2da1ed430\" data-waypoint=\".25\">\r\n    <div class=\"container medium\">\r\n        <div class=\"content\">\r\n            <h2 class=\"title\">Options possibles en mati\u00e8re de capital financier pour acc\u00e9der au capital d&#039;amor\u00e7age<\/h2> \r\n        <\/div>\r\n    <\/div>\r\n<\/section>\r\n \r\n\n\n\r\n\r\n<section class=\"block-copy-text\" data-waypoint=\".25\">\r\n    <div class=\"container medium\">\r\n                    <div class=\"block-copy-text__content\">\r\n                <div class=\"text\"><ul>\n<li style=\"font-weight: 400\"><strong>Ressources financi\u00e8res communautaires :<\/strong><\/li>\n<\/ul>\n<p><span style=\"font-weight: 400\"><strong>Groupes d&rsquo;\u00e9pargne communautaires:<\/strong> \u00ab\u00a0<em>Il s&rsquo;agit d&rsquo;une m\u00e9thode efficace pour \u00e9pargner une petite somme d&rsquo;argent en organisant ou en rejoignant un groupe d&rsquo;\u00e9pargne compos\u00e9 de 25 personnes au maximum. Ces personnes peuvent \u00eatre des coll\u00e8gues, des amis ou des voisins issus de la m\u00eame communaut\u00e9&#8230; Les groupes d&rsquo;\u00e9pargne communautaire sont des associations au sein desquelles les personnes conviennent d&rsquo;\u00e9pargner p\u00e9riodiquement une certaine somme et de d\u00e9poser leurs \u00e9conomies sur un compte commun. Certains groupes proposent \u00e9galement de petits pr\u00eats. Ils sont populaires <\/em><\/span><em><a href=\"https:\/\/gdrc.org\/icm\/rosca\/rosca-names.html\"><span style=\"font-weight: 400\">dans le monde entier<\/span><\/a><span style=\"font-weight: 400\">, de susu ouest-africain aux tandas mexicains en passant par les huis vietnamiens.\u00a0<\/span><\/em><\/p>\n<p>Plus d\u2019informations ici : <a href=\"https:\/\/drive.google.com\/file\/d\/1PW2ZJLlS7GcptZMvwVCSUd0shAgiXs9F\/view\" target=\"_blank\" rel=\"noopener\">Que sont les groupes d&rsquo;\u00e9pargne communautaires et commentfonctionnent-ils ?<\/a><\/p>\n<p><span style=\"font-weight: 400\"><strong>Financement participatif \u2013 via des plateformes en ligne:<\/strong> <em>\u00ab\u00a0Collecter un important montant de fonds aupr\u00e8s de particuliers par l&rsquo;interm\u00e9diaire de plateformes en ligne. Il s&rsquo;agit d&rsquo;un moyen innovant d&rsquo;obtenir un financement, car au lieu de provenir d&rsquo;une ou plusieurs entit\u00e9s financi\u00e8res, les fonds sont mis en commun par un groupe de personnes int\u00e9ress\u00e9es par le financement d&rsquo;un nouveau projet, d&rsquo;une entreprise, d&rsquo;une id\u00e9e ou d&rsquo;une cause\u00a0\u00bb<\/em> &#8211;<\/span><a href=\"https:\/\/solidaridadlatam.org\/news\/plataforma-de-crowdfunding-plusplus-cumple-un-a%25C3%25B1o\/\"><span style=\"font-weight: 400\"> Solidaridad<\/span><\/a><\/p>\n<p><span style=\"font-weight: 400\">Exemples :\u00a0<\/span><\/p>\n<ul>\n<li style=\"font-weight: 400\"><span style=\"font-weight: 400\"><strong>KIVA<\/strong>: <\/span><a href=\"https:\/\/www.kiva.org\/about\/where-kiva-works\"><span style=\"font-weight: 400\">O\u00f9 est-ce que Kiva op\u00e8re ?<\/span><\/a><span style=\"font-weight: 400\">\u00a0<\/span><\/li>\n<li style=\"font-weight: 400\"><strong>Donner un coup de main (formellement Plus Plus): <\/strong><a href=\"https:\/\/www.lendahand.com\/en-EU\/borrowers\"><span style=\"font-weight: 400\">Entreprises ouvertes au financement participatif<\/span><\/a><span style=\"font-weight: 400\"> et <\/span><a href=\"https:\/\/www.lendahand.com\/en-EU\/projects\"><span style=\"font-weight: 400\">Financement participatif d&rsquo;impact<\/span><\/a><span style=\"font-weight: 400\"> (site web en anglais, espagnol et fran\u00e7ais)<\/span><\/li>\n<\/ul>\n<p>&nbsp;<\/p>\n<div id=\"gtx-trans\" style=\"position: absolute;left: 483px;top: 254.667px\">\n<div class=\"gtx-trans-icon\"><\/div>\n<\/div>\n<\/div>\r\n            <\/div>\r\n         \r\n    <\/div>\r\n<\/section>\r\n\r\n\n\n\n\n<section class=\"block-image\" data-waypoint=\".25\">\n    <div class=\"container medium\">\n        <div class=\"block-image__content\">\n                            <div class=\"block-image__image\">\n                    <img decoding=\"async\" width=\"1436\" height=\"820\" src=\"https:\/\/rightsandresources.org\/livelihoods\/wp-content\/uploads\/2024\/05\/Screen-Shot-2024-06-05-at-16.38.04.png\" class=\"\" alt=\"\" loading=\"lazy\" srcset=\"https:\/\/rightsandresources.org\/livelihoods\/wp-content\/uploads\/2024\/05\/Screen-Shot-2024-06-05-at-16.38.04.png 1436w, https:\/\/rightsandresources.org\/livelihoods\/wp-content\/uploads\/2024\/05\/Screen-Shot-2024-06-05-at-16.38.04-1200x685.png 1200w, https:\/\/rightsandresources.org\/livelihoods\/wp-content\/uploads\/2024\/05\/Screen-Shot-2024-06-05-at-16.38.04-600x343.png 600w, https:\/\/rightsandresources.org\/livelihoods\/wp-content\/uploads\/2024\/05\/Screen-Shot-2024-06-05-at-16.38.04-768x439.png 768w\" sizes=\"auto, (max-width: 1436px) 100vw, 1436px\" \/>                <\/div>\n                                <\/div>\n    <\/div>\n<\/section>\n\n\n\n\r\n\r\n<section class=\"block-copy-text\" data-waypoint=\".25\">\r\n    <div class=\"container medium\">\r\n                    <div class=\"block-copy-text__content\">\r\n                <div class=\"text\"><ul>\n<li style=\"font-weight: 400\"><strong>Fonds d&rsquo;investissement \u00e0 impact par l&rsquo;interm\u00e9diaire d&rsquo;ONG<\/strong><\/li>\n<\/ul>\n<p><strong>Exemple: RRI: Initiative de financement des droits fonciers communautaires et de la conservation (CLARIFI)<\/strong><\/p>\n<p><em><span style=\"font-weight: 400\">\u00ab\u00a0CLARIFI compl\u00e8te l&rsquo;\u00e9cosyst\u00e8me existant de m\u00e9canismes financiers pour investir dans les droits des communaut\u00e9s, les moyens de subsistance et la conservation, y compris ceux qui ont \u00e9t\u00e9 mis en place par RRI (<\/span><a href=\"https:\/\/thetenurefacility.org\/\"><span style=\"font-weight: 400\">la Tenure Facility<\/span><\/a><span style=\"font-weight: 400\"> et le <\/span><a href=\"https:\/\/rightsandresources.org\/strategic-response-mechanism\/\"><span style=\"font-weight: 400\">M\u00e9chanisme de r\u00e9ponse strat\u00e9gique<\/span><\/a><span style=\"font-weight: 400\">), ainsi que les fonds nationaux et r\u00e9gionaux cr\u00e9\u00e9s par les organisations autochtones et les organisations de d\u00e9tenteurs de droits communautaires.\u00a0\u00bb<\/span><\/em><\/p>\n<p><a href=\"https:\/\/rightsandresources.org\/clarifi\/\"><span style=\"font-weight: 400\">Site web : Qu&rsquo;est-ce que CLARIFI ?<\/span><\/a><span style=\"font-weight: 400\"> [disponible en anglais, espagnol et fran\u00e7ais]<\/span><\/p>\n<ul>\n<li style=\"font-weight: 400\"><strong>Programmes gouvernementaux<\/strong><\/li>\n<\/ul>\n<p><span style=\"font-weight: 400\">Cela d\u00e9pend en grande partie du gouvernement de chaque pays et des programmes qui peuvent exister au niveau national et au niveau local. Voici quelques exemples :<br \/>\n<\/span><span style=\"font-weight: 400\">\u00a0 \u00a0 \u00a0 \u00a0 \u00a0 \u00a0 \u00a0 \u00a0 &#8211; Paiement pour des services environnementaux<br \/>\n<\/span><span style=\"font-weight: 400\">\u00a0 \u00a0 \u00a0 \u00a0 \u00a0 \u00a0 \u00a0 \u00a0 &#8211; Pr\u00eats ou subventions pour des entreprises locales ou l\u2019agriculture<\/span><\/p>\n<ul>\n<li style=\"font-weight: 400\"><strong>Services financiers des institutions bancaires<\/strong><\/li>\n<\/ul>\n<p><span style=\"font-weight: 400\">Services nationaux, bancaires ou de microfinance qui peuvent offrir les services suivants :<\/span><\/p>\n<p><span style=\"font-weight: 400\">\u00a0 \u00a0 &#8211; pr\u00eats aux entreprises<br \/>\n<\/span><span style=\"font-weight: 400\">\u00a0 \u00a0 &#8211; conseils financiers<br \/>\n<\/span><span style=\"font-weight: 400\">\u00a0 \u00a0 &#8211; services d\u2019Investissement<br \/>\n<\/span><span style=\"font-weight: 400\">\u00a0 \u00a0 &#8211; comptes courants et d\u2019\u00e9pargne<br \/>\n<\/span><span style=\"font-weight: 400\">\u00a0 \u00a0 &#8211; cartes de cr\u00e9dit<\/span><\/p>\n<ul>\n<li style=\"font-weight: 400\"><strong>Partenariats priv\u00e9s\u00a0<\/strong><\/li>\n<\/ul>\n<p><span style=\"font-weight: 400\">Une opportunit\u00e9 commerciale directe de fournir des produits et\/ou des services qu&rsquo;une entreprise priv\u00e9e peut int\u00e9grer dans sa cha\u00eene de valeur. Ces types de partenariats commerciaux peuvent \u00eatre r\u00e9gionaux, nationaux ou internationaux, et peuvent varier en taille et en \u00e9chelle.\u00a0<\/span><\/p>\n<p>&nbsp;<\/p>\n<\/div>\r\n            <\/div>\r\n         \r\n    <\/div>\r\n<\/section>\r\n\r\n\n\n\r\n\r\n<section class=\"block-title-solid\" id=\"block_06f219ea99df8ed3cd26ac5afe65a096\" data-waypoint=\".25\">\r\n    <div class=\"container medium\">\r\n        <div class=\"content\">\r\n            <h2 class=\"title\"> \u00c9tude de cas: India Handmade Collective<\/h2> \r\n        <\/div>\r\n    <\/div>\r\n<\/section>\r\n \r\n\n\n\r\n\r\n<section class=\"block-copy-text\" data-waypoint=\".25\">\r\n    <div class=\"container medium\">\r\n                    <div class=\"block-copy-text__content\">\r\n                <div class=\"text\"><p><em>\u00ab Nous avons cr\u00e9\u00e9 India HandMade Collective, afin d&rsquo;unifier et de rassembler tous ces artisans sur une plateforme commune. Ce faisant, nous sommes en mesure d&rsquo;introduire des produits qui v\u00e9ritablement tiss\u00e9s \u00e0 la main, provenant de diff\u00e9rentes parties du pays, pour le client conscientis\u00e9. Nous avons \u00e9galement l&rsquo;intention d&rsquo;\u00e9duquer le consommateur sur notre riche patrimoine de m\u00e9tiers \u00e0 tisser et sur tout ce qui est fait \u00e0 la main. Actuellement, nous repr\u00e9sentons un petit nombre d&rsquo;organisations membres, travaillant avec environ 2500 artisans ruraux qui pr\u00e9sentent leurs produits et nous esp\u00e9rons qu&rsquo;avec un patronage actif, ces chiffres pourront \u00eatre grandement revus \u00e0 la hausse.<\/em><\/p>\n<p><em>L&rsquo;objectif de cette initiative est d&rsquo;encourager les tisserands autochtones, les fileurs et les petits producteurs de textiles \u00e9thiques \u00e0 poursuivre leur travail dans ce domaine et \u00e0 joindre les deux bouts de mani\u00e8re durable, en donnant un coup de pouce \u00e0 leur activit\u00e9 par le biais de cette plateforme commune. D\u2019\u00e9largir le march\u00e9 des v\u00eatements faits main et de sensibiliser les consommateurs \u00e0 la situation des acteurs locaux. Nous cherchons \u00e0 contribuer d&rsquo;une mani\u00e8re ou d&rsquo;une autre \u00e0 l&rsquo;\u00e9quilibre de notre \u00e9cosyst\u00e8me naturel qui maintient la qualit\u00e9 de vie d&rsquo;une mani\u00e8re durable et holistique, gr\u00e2ce \u00e0 de bonnes habitudes vestimentaires avec un minimum de gaspillage. \u00bb<\/em><\/p>\n<p>\ud83d\udcd6 Pour en savoir plus sur les moyens de subsistance des tisserands en Inde, sur la plateforme qui les rassemble et les aide \u00e0 monter en gamme, et sur le mod\u00e8le d&rsquo;entreprise sociale <i>slow fashion<\/i>, cliquez ici : <a href=\"https:\/\/drive.google.com\/file\/d\/1Abz4Lum_3XTN_qE7yRQ9HsJwc2KywO3K\/view?usp=sharing\">Collectif d&rsquo;artisans indiens.<\/a><\/p>\n<p>&nbsp;<\/p>\n<\/div>\r\n            <\/div>\r\n         \r\n    <\/div>\r\n<\/section>\r\n\r\n\n\n\r\n\r\n<section class=\"block-title-solid\" id=\"block_01b456901ed8f9b570ae309e7b65e2e5\" data-waypoint=\".25\">\r\n    <div class=\"container medium\">\r\n        <div class=\"content\">\r\n            <h2 class=\"title\">Devoirs<\/h2> \r\n        <\/div>\r\n    <\/div>\r\n<\/section>\r\n \r\n\n\n\r\n\r\n<section class=\"block-copy-text\" data-waypoint=\".25\">\r\n    <div class=\"container medium\">\r\n                    <div class=\"block-copy-text__content\">\r\n                <div class=\"text\"><p><em><span style=\"font-weight: 400\">Les activit\u00e9s suivantes sont celles que vous devez r\u00e9aliser avant la session en direct du module 5.<br \/>\n<\/span><span style=\"font-weight: 400\">Dur\u00e9e approximative : 1 heure<\/span><\/em><\/p>\n<\/div>\r\n            <\/div>\r\n         \r\n    <\/div>\r\n<\/section>\r\n\r\n\n\n\n\n\n<section class=\"block-homework\" data-waypoint=\".1\">\n    <div class=\"container medium\">\n                                    <div class=\"homework-item\">\n                    <div class=\"title\"><p><a href=\"https:\/\/drive.google.com\/file\/d\/1a70BNWFvDZ6InMaTxCCdoGfjaAwiQeEP\/view?usp=sharing\"><b>Devoirs de groupe (90 &#8211; 120 min)\u00a0<\/b><\/a><\/p>\n<p>Un exercice de cartographie pour identifier les actifs financiers disponibles dans votre pays et \u00e0 l&rsquo;international.\u00a0 Et pr\u00e9parez une pr\u00e9sentation sur une premi\u00e8re strat\u00e9gie \u00e0 partager avec un groupe de participants la semaine suivante, bas\u00e9e sur les actifs humains, sociaux, naturels, infrastructurels et financiers que vous avez pr\u00e9alablement cartographi\u00e9s.<\/p>\n<\/div>\n\n                                    <\/div>\n                \n                     \n    <\/div>\n<\/section>\n\n\n\n\r\n<section class=\"separator\" data-waypoint='.25'>\r\n    <div class=\"container medium\">\r\n        <div class=\"separator__line\"><\/div>\r\n    <\/div>\r\n<\/section>","protected":false},"excerpt":{"rendered":"","protected":false},"author":1,"featured_media":0,"parent":1246,"menu_order":4,"comment_status":"closed","ping_status":"closed","template":"","meta":{"_acf_changed":false,"footnotes":""},"class_list":["post-871","page","type-page","status-publish","hentry"],"acf":[],"_links":{"self":[{"href":"https:\/\/rightsandresources.org\/livelihoods\/fr\/wp-json\/wp\/v2\/pages\/871","targetHints":{"allow":["GET"]}}],"collection":[{"href":"https:\/\/rightsandresources.org\/livelihoods\/fr\/wp-json\/wp\/v2\/pages"}],"about":[{"href":"https:\/\/rightsandresources.org\/livelihoods\/fr\/wp-json\/wp\/v2\/types\/page"}],"author":[{"embeddable":true,"href":"https:\/\/rightsandresources.org\/livelihoods\/fr\/wp-json\/wp\/v2\/users\/1"}],"replies":[{"embeddable":true,"href":"https:\/\/rightsandresources.org\/livelihoods\/fr\/wp-json\/wp\/v2\/comments?post=871"}],"version-history":[{"count":0,"href":"https:\/\/rightsandresources.org\/livelihoods\/fr\/wp-json\/wp\/v2\/pages\/871\/revisions"}],"up":[{"embeddable":true,"href":"https:\/\/rightsandresources.org\/livelihoods\/fr\/wp-json\/wp\/v2\/pages\/1246"}],"wp:attachment":[{"href":"https:\/\/rightsandresources.org\/livelihoods\/fr\/wp-json\/wp\/v2\/media?parent=871"}],"curies":[{"name":"wp","href":"https:\/\/api.w.org\/{rel}","templated":true}]}}