{"id":860,"date":"2024-06-05T22:42:37","date_gmt":"2024-06-05T22:42:37","guid":{"rendered":"https:\/\/rightsandresources.org\/livelihoods\/module-1-what-is-our-shared-understanding-of-livelihoods\/"},"modified":"2024-06-14T17:20:00","modified_gmt":"2024-06-14T17:20:00","slug":"module-1-what-is-our-shared-understanding-of-livelihoods","status":"publish","type":"page","link":"https:\/\/rightsandresources.org\/livelihoods\/fr\/my-course\/module-1-what-is-our-shared-understanding-of-livelihoods\/","title":{"rendered":"Module 1: Quelle est notre compr\u00e9hension commune des moyens de subsistance?"},"content":{"rendered":"\r\n<section class=\"hero hero--internal\" data-waypoint=\"0.25\">\r\n  <div class=\"hero__background\"><\/div>\r\n    <div class=\"container medium\">\r\n      <div class=\"hero__content\">\r\n      <div class=\"language-content no-margin\" data-waypoint=\"0.25\">\r\n        <div class=\"container medium\">\r\n            <div class=\"language-content__grid\">\r\n              <ul class=\"header-language\">\r\n                \n<div class=\"wpml-ls-statics-shortcode_actions wpml-ls wpml-ls-legacy-list-horizontal\">\n\t<ul><li class=\"wpml-ls-slot-shortcode_actions wpml-ls-item wpml-ls-item-en wpml-ls-first-item wpml-ls-item-legacy-list-horizontal\">\n\t\t\t\t<a href=\"https:\/\/rightsandresources.org\/livelihoods\/\" class=\"wpml-ls-link\">\n                    <span class=\"wpml-ls-display\">EN<\/span><\/a>\n\t\t\t<\/li><li class=\"wpml-ls-slot-shortcode_actions wpml-ls-item wpml-ls-item-fr wpml-ls-current-language wpml-ls-item-legacy-list-horizontal\">\n\t\t\t\t<a href=\"https:\/\/rightsandresources.org\/livelihoods\/fr\/\" class=\"wpml-ls-link\">\n                    <span class=\"wpml-ls-native\">FR<\/span><\/a>\n\t\t\t<\/li><li class=\"wpml-ls-slot-shortcode_actions wpml-ls-item wpml-ls-item-es wpml-ls-item-legacy-list-horizontal\">\n\t\t\t\t<a href=\"https:\/\/rightsandresources.org\/livelihoods\/es\/\" class=\"wpml-ls-link\">\n                    <span class=\"wpml-ls-display\">ES<\/span><\/a>\n\t\t\t<\/li><li class=\"wpml-ls-slot-shortcode_actions wpml-ls-item wpml-ls-item-ne wpml-ls-last-item wpml-ls-item-legacy-list-horizontal\">\n\t\t\t\t<a href=\"https:\/\/rightsandresources.org\/livelihoods\/ne\/\" class=\"wpml-ls-link\">\n                    <span class=\"wpml-ls-display\">NP<\/span><\/a>\n\t\t\t<\/li><\/ul>\n<\/div>\n              <\/ul>\r\n            <\/div>\r\n        <\/div>\r\n      <\/div>\r\n\r\n        <div class=\"hero__data\">\r\n            <h1 class=\"hero__title\"><p><strong>Module 1: <\/strong>Quelle est notre compr\u00e9hension commune des moyens de subsistance?<\/p>\n<p>&nbsp;<\/p>\n<\/h1> \r\n        <\/div>\r\n        \r\n            \r\n              <div class=\"block__buttons-content\">\r\n                                            <a class=\"button button-solid-green\" href=\"https:\/\/rightsandresources.org\/livelihoods\/wp-content\/uploads\/2024\/06\/Module-1_-Quelle-est-notre-comprehension-commune-des-moyens-de-subsistance_.pdf\" target=\"_blank\" download>\r\n        Module de t\u00e9l\u00e9chargement        <\/a>\r\n                                                    <a class=\"button button-solid-blue\" href=\"https:\/\/rightsandresources.org\/livelihoods\/wp-content\/uploads\/2024\/06\/Livelihoods-Live-Sessions-Date_Times-Slide.pptx.pdf\" target=\"_blank\" download>\r\n        Session en direct        <\/a>\r\n                                      <\/div>\r\n            \r\n      <\/div>\r\n    <\/div> \r\n<\/section>\r\n\r\n\n\n\n<section class=\"block-text-cover\" data-waypoint=\".25\"> \n  <div class=\"block-text-cover__background\">\n    <div class=\"container medium\">\n      <div class=\"content\">\n        <div class=\"data\">\n            <h3 class=\"title\">Introduction<\/h3> \n            <div class=\"text\"><p>Dans ce module, nous apprendrons ensemble en explorant les diverses perspectives, voix et exp\u00e9riences qui fa\u00e7onnent notre compr\u00e9hension collective des moyens de subsistance.<\/p>\n<p>&nbsp;<\/p>\n<p>Vous r\u00e9fl\u00e9chirez aux valeurs et aux visions de votre communaut\u00e9 en mati\u00e8re de prosp\u00e9rit\u00e9 et de bien-\u00eatre. Nous d\u00e9crirons les moyens de subsistance durables, en th\u00e9orie comme en pratique, et commencerons \u00e0 dresser la carte des capitaux ou des atouts (ce que les gens utilisent pour gagner leur vie) qui existent sur votre territoire et dans vos communaut\u00e9s. Dans ce module, nous commencerons \u00e9galement \u00e0 poser les fondations d&rsquo;une confiance et d\u2019une compr\u00e9hension mutuelles en explorant ensemble des initiatives innovantes vis-\u00e0-vis des moyens de subsistance.<\/p>\n<div id=\"gtx-trans\" style=\"position: absolute;left: 283px;top: 309.667px\">\n<div class=\"gtx-trans-icon\"><\/div>\n<\/div>\n<\/div> \n        <\/div>\n      <\/div>\n    <\/div> \n  <\/div>\n<\/section>\n\n\n\n\r\n\r\n<section class=\"block-title-solid\" id=\"block_e16991960c2ad35b1ba8b9f47c4faf4c\" data-waypoint=\".25\">\r\n    <div class=\"container medium\">\r\n        <div class=\"content\">\r\n            <h2 class=\"title\">Que sont les moyens de subsistance? <\/h2> \r\n        <\/div>\r\n    <\/div>\r\n<\/section>\r\n \r\n\n\n\r\n\r\n<section class=\"block-copy-text\" data-waypoint=\".25\">\r\n    <div class=\"container medium\">\r\n                    <div class=\"block-copy-text__content\">\r\n                <div class=\"text\"><p>La d\u00e9finition des moyens de subsistance peut varier en fonction de la communaut\u00e9, de la culture, des valeurs ou du contexte dans lequel vous vivez ou travaillez. Pour certains, il s&rsquo;agit simplement de la mani\u00e8re dont les gens assurent leur subsistance, pour d&rsquo;autres, les moyens de subsistance font partie de leur identit\u00e9, ou il peut s&rsquo;agir simplement d&rsquo;un emploi. Il peut \u00e9galement s&rsquo;agir de la cr\u00e9ation d&rsquo;une entreprise ou d&rsquo;une entreprise collective plus importante avec votre communaut\u00e9.<\/p>\n<p>Au sein de la coalition RRI et de nos r\u00e9seaux, nous avons discut\u00e9 des moyens de subsistance durables, des moyens de subsistance autod\u00e9termin\u00e9s ou de la s\u00e9curit\u00e9 des moyens de subsistance pour d\u00e9signer la capacit\u00e9 des populations locales \u00e0 r\u00e9pondre \u00e0 leurs besoins imm\u00e9diats et \u00e0 assurer un avenir viable aux g\u00e9n\u00e9rations futures, ce qui affecte ainsi leur capacit\u00e9 \u00e0 poursuivre d&rsquo;autres objectifs et priorit\u00e9s, y compris la promotion et la d\u00e9fense de leurs droits fonciers. Dans le m\u00eame temps, la s\u00e9curit\u00e9 fonci\u00e8re d\u00e9termine les opportunit\u00e9s de subsistance des communaut\u00e9s et la possibilit\u00e9 d&rsquo;\u00e9tablir des relations justes et \u00e9quitables au sein de la soci\u00e9t\u00e9 \u2013 par exemple avec les communaut\u00e9s voisines, les gouvernements ou les entreprises.<\/p>\n<\/div>\r\n            <\/div>\r\n         \r\n    <\/div>\r\n<\/section>\r\n\r\n\n\n\r\n\r\n<section class=\"block-title-solid\" id=\"block_921d2a584d9f683a7d695a186b5fe366\" data-waypoint=\".25\">\r\n    <div class=\"container medium\">\r\n        <div class=\"content\">\r\n            <h2 class=\"title\">Introduction aux moyens de subsistance <\/h2> \r\n        <\/div>\r\n    <\/div>\r\n<\/section>\r\n \r\n\n\n\r\n\r\n<section class=\"block-copy-text\" data-waypoint=\".25\">\r\n    <div class=\"container medium\">\r\n                    <div class=\"block-copy-text__content\">\r\n                <div class=\"text\"><p>\u00ab\u00a0Les activit\u00e9s men\u00e9es par les foyers d\u00e9pendent de leurs moyens de subsistance (ce que nous avons), c&rsquo;est-\u00e0-dire des ressources utilis\u00e9es par les groupes domestiques pour vivre au jour le jour et atteindre leurs objectifs imm\u00e9diats. Les moyens d&rsquo;existence que les foyers mettent en jeu peuvent \u00eatre des connaissances et des comp\u00e9tences individuelles (capital humain), la terre et l&rsquo;eau (capital naturel), l&rsquo;\u00e9pargne et l&rsquo;infrastructure (respectivement capital financier et physique), ainsi que les relations de collaboration entre les foyers et les communaut\u00e9s, tant formelles qu&rsquo;informelles, qui contribuent \u00e0 la r\u00e9alisation des projets (capital social).<\/p>\n<p>Les familles combinent les moyens de subsistance dont elles disposent \u00e0 travers un ensemble d&rsquo;activit\u00e9s que nous appelons strat\u00e9gies de subsistance (ce que nous sommes capables de faire). Cette strat\u00e9gie de subsistance permet \u00e0 la famille de satisfaire, ou non, ses besoins imm\u00e9diats, tels que l&rsquo;alimentation, l&rsquo;habillement, le logement, l&rsquo;\u00e9ducation, la sant\u00e9, entre autres. De m\u00eame, les familles cherchent \u00e0 atteindre des objectifs intangibles tels qu&rsquo;une alimentation saine, suffisante et autonome. Les finalit\u00e9s mat\u00e9rielles et immat\u00e9rielles constituent les r\u00e9sultats attendus ou souhait\u00e9s (ce que l&rsquo;on veut faire).\u00a0\u00bb<\/p>\n<p><em>Extrait du livre : <a href=\"https:\/\/drive.google.com\/file\/d\/1G-Q0Cley63Kk8peWarXwsqUVbNQkO2LE\/view\" target=\"_blank\" rel=\"noopener\">Moyens de subsistance et innovation territoriale pour le renforcement de l&rsquo;harmonie communautaire<\/a> (page 21).<\/em><\/p>\n<\/div>\r\n            <\/div>\r\n         \r\n    <\/div>\r\n<\/section>\r\n\r\n\n\n\r\n\r\n<section class=\"block-title-solid\" id=\"block_f712046c1e334bd8686975567e386d40\" data-waypoint=\".25\">\r\n    <div class=\"container medium\">\r\n        <div class=\"content\">\r\n            <h2 class=\"title\"> \u00c9tude de cas : Production d&#039;\u00e9nergie propre \u00e0 partir de d\u00e9chets de manioc<\/h2> \r\n        <\/div>\r\n    <\/div>\r\n<\/section>\r\n \r\n\n\n\r\n\r\n<section class=\"block-copy-text\" data-waypoint=\".25\">\r\n    <div class=\"container medium\">\r\n                    <div class=\"block-copy-text__content\">\r\n                <div class=\"text\"><p>La vid\u00e9o pr\u00e9sente une initiative de production durable de manioc \u00e0 Adou du Bata, au B\u00e9nin, o\u00f9 les femmes d&rsquo;une coop\u00e9rative dirig\u00e9e par Nakaya ont transform\u00e9 leurs moyens de subsistance gr\u00e2ce \u00e0 des m\u00e9thodes de production circulaires. La coop\u00e9rative utilise les d\u00e9chets de manioc pour produire du biogaz, qui est ensuite utilis\u00e9 pour le traitement du manioc, ce qui r\u00e9duit consid\u00e9rablement leur d\u00e9pendance \u00e0 l&rsquo;\u00e9gard du bois de chauffage et att\u00e9nue la d\u00e9forestation. Cela permet \u00e9galement de prot\u00e9ger la sant\u00e9 des femmes expos\u00e9es \u00e0 la combustion du bois. En outre, la production de biogaz g\u00e9n\u00e8re des engrais organiques qui am\u00e9liorent la fertilit\u00e9 des sols pour les futures cultures de manioc. Cette approche circulaire stimule non seulement les activit\u00e9s \u00e9conomiques de la coop\u00e9rative de femmes, mais favorise \u00e9galement la durabilit\u00e9 environnementale et am\u00e9liore les conditions de sant\u00e9 des femmes impliqu\u00e9es dans la transformation du manioc<\/p>\n<\/div>\r\n            <\/div>\r\n         \r\n    <\/div>\r\n<\/section>\r\n\r\n\n\n\r\n\r\n<section class=\"block-video\" data-waypoint=\".25\">\r\n    <div class=\"container medium\">\r\n        <div class=\"block-video__content\">\r\n            <div class=\"image-background\">\r\n                <iframe loading=\"lazy\" title=\"Au B\u00e9nin, des d\u00e9chets du manioc pour produire de l&#039;e\u0301nergie propre.\" width=\"640\" height=\"360\" src=\"https:\/\/www.youtube.com\/embed\/Ps8gOueMXrs?feature=oembed\" frameborder=\"0\" allow=\"accelerometer; autoplay; clipboard-write; encrypted-media; gyroscope; picture-in-picture; web-share\" referrerpolicy=\"strict-origin-when-cross-origin\" allowfullscreen><\/iframe>                <div class=\"bg-background\"><\/div>\r\n            <\/div>\r\n        <\/div>\r\n                    <div class=\"caption\"><p>(Vid\u00e9o: Au B\u00e9nin, des d\u00e9chets du manioc pour produire de l&rsquo;\u00e9nergie propre, 11 minutes)<br \/>\r\n<br \/>\r\n<\/p><\/div>\r\n            <\/div>\r\n<\/section>\r\n\r\n\n\n\r\n\r\n<section class=\"block-title-solid\" id=\"block_f703d1eb988da53b451cbc41d0874ef0\" data-waypoint=\".25\">\r\n    <div class=\"container medium\">\r\n        <div class=\"content\">\r\n            <h2 class=\"title\"> \u00c9tude de cas : Les communaut\u00e9s autochtones luttent contre la monoculture et cr\u00e9ent des \u00ab bio-\u00e9conomies \u00bb dans l\u2019Amazonie au Br\u00e9sil<\/h2> \r\n        <\/div>\r\n    <\/div>\r\n<\/section>\r\n \r\n\n\n\r\n\r\n<section class=\"block-copy-text\" data-waypoint=\".25\">\r\n    <div class=\"container medium\">\r\n                    <div class=\"block-copy-text__content\">\r\n                <div class=\"text\"><p>Les communaut\u00e9s autochtones de la mosa\u00efque tupi du Br\u00e9sil d\u00e9veloppent des entreprises \u00e9conomiques qui favorisent la conservation des for\u00eats. \u00ab\u00a0Le paradigme actuel du d\u00e9veloppement \u00e9conomique en Amazonie est bas\u00e9 sur des \u00e9conomies \u00e0 produit unique, comme le b\u0153uf, le soja et l&rsquo;huile de palme.\u00a0\u00bb Cependant, il existe d&rsquo;autres mod\u00e8les d&rsquo;entreprise, tels que \u00ab\u00a0les syst\u00e8mes traditionnels de l&rsquo;Amazonie bas\u00e9s sur la diversit\u00e9 et non sur la monoculture. Les communaut\u00e9s locales et autochtones profitent depuis des g\u00e9n\u00e9rations d&rsquo;une multitude de cultures et d&rsquo;aliments r\u00e9colt\u00e9s \u00e0 l&rsquo;\u00e9tat sauvage, en s&rsquo;appuyant soigneusement sur diff\u00e9rents types de for\u00eats et de zones cultiv\u00e9es, et en gardant le paysage global intact.\u00a0\u00bb Les cha\u00eenes de valeur qui ont \u00e9t\u00e9 d\u00e9velopp\u00e9es avec l&rsquo;aide de Forest Trends sont l&rsquo;a\u00e7ai, les produits artisanaux, les noix du Br\u00e9sil, le cacao et un mod\u00e8le commercial pour la culture de semences autochtones.<\/p>\n<p>&nbsp;<\/p>\n<p>Lire les pages suivantes de ce rapport illustratif : <strong><a href=\"https:\/\/www.forest-trends.org\/wp-content\/uploads\/2023\/01\/Forest-based-Value-Chains-Forest-Trends-UPDATED.pdf\">A New Bioeconomy in the Amazon Rainforest [EN]<\/a><\/strong><\/p>\n<p>\ud83d\udcd6<a href=\"https:\/\/drive.google.com\/file\/d\/1zo9fvazK1xS3qCL6HnWUWwXrFsLz0bOP\/view?usp=sharing\" target=\"_blank\" rel=\"noopener\">Lire les pages 17 et 18<\/a> pour comprendre la cha\u00eene de valeur de l\u2019a\u00e7ai [ins\u00e9rer un lien vers le PDF de ces pages seulement]<\/p>\n<p>\ud83d\udcd6<a href=\"https:\/\/drive.google.com\/file\/d\/1Cn13Hr_oFnWZuGskZTnXpzACjo0It2Ll\/view?usp=sharing\" target=\"_blank\" rel=\"noopener\">Lire les pages 21 et 22<\/a> pour comprendre d\u00e9couvrir les produits artisanaux [ins\u00e9rer un lien vers le PDF de ces pages seulement]<\/p>\n<\/div>\r\n            <\/div>\r\n         \r\n    <\/div>\r\n<\/section>\r\n\r\n\n\n\r\n\r\n<section class=\"block-title-solid\" id=\"block_e66c1ab6990e83541773c1366ea3de18\" data-waypoint=\".25\">\r\n    <div class=\"container medium\">\r\n        <div class=\"content\">\r\n            <h2 class=\"title\"> Cartographie des atouts ou des capitaux li\u00e9s aux moyens de subsistance<\/h2> \r\n        <\/div>\r\n    <\/div>\r\n<\/section>\r\n \r\n\n\n\r\n\r\n<section class=\"block-copy-text\" data-waypoint=\".25\">\r\n    <div class=\"container medium\">\r\n                    <div class=\"block-copy-text__content\">\r\n                <div class=\"text\"><p>R\u00e9fl\u00e9chir aux atouts ou au capital de votre communaut\u00e9 ou de votre territoire (ce que les gens utilisent pour gagner leur vie) est une premi\u00e8re \u00e9tape importante pour envisager des moyens de subsistance potentiels pour votre communaut\u00e9 ou votre territoire.<\/p>\n<p>Les atouts peuvent \u00eatre class\u00e9s en cinq cat\u00e9gories :<\/p>\n<ol>\n<li><strong>Le capital humain<\/strong> est la partie des ressources humaines qui est d\u00e9termin\u00e9e par les qualit\u00e9s des personnes, par exemple leur personnalit\u00e9, leur comportement, leurs aptitudes, leurs comp\u00e9tences, leurs connaissances, ainsi que leur sant\u00e9 physique, mentale et spirituelle.<\/li>\n<li><strong>Le capital social<\/strong> est la partie des ressources humaines d\u00e9termin\u00e9e par les relations que les gens entretiennent avec les autres. Ces relations peuvent \u00eatre \u00e9tablies entre des membres de la famille, des amis, des travailleurs, des communaut\u00e9s et des organisations.<\/li>\n<li><strong>Le capital naturel<\/strong> est constitu\u00e9 des ressources naturelles utilis\u00e9es par l&rsquo;homme : l&rsquo;air, la terre, le sol, les min\u00e9raux, l&rsquo;eau, la flore et la faune. Ces ressources fournissent des biens et des services, soit sans l&rsquo;influence de l&rsquo;homme (faune foresti\u00e8re, stabilisation des sols), soit avec son intervention active (cultures agricoles, plantations d&rsquo;arbres). Le capital naturel peut \u00eatre mesur\u00e9 en termes de quantit\u00e9 et de qualit\u00e9 (superficie, t\u00eates de b\u00e9tail, diversit\u00e9 et fertilit\u00e9).<\/li>\n<li><strong>Le capital physique<\/strong> provient des ressources cr\u00e9\u00e9es par l&rsquo;homme. Il comprend les b\u00e2timents, les routes, les transports, l&rsquo;eau potable, l&rsquo;\u00e9lectricit\u00e9, les syst\u00e8mes de communication et les \u00e9quipements et machines qui produisent davantage de capital. Le capital physique est disposition des personnes.<\/li>\n<li><strong>Le capital financie<\/strong>r est une partie sp\u00e9cifique et importante des ressources cr\u00e9\u00e9es. Il comprend les moyens financiers dont disposent les personnes sous la forme de salaires, d&rsquo;\u00e9pargne, de cr\u00e9dits, de versements de fonds ou de pensions. Il s&rsquo;agit souvent, par d\u00e9finition, de l&rsquo;actif le plus limit\u00e9 des pauvres.<\/li>\n<\/ol>\n<p>L&rsquo;acc\u00e8s aux atouts varie selon les cas, que ce soit par exemple par le biais de la propri\u00e9t\u00e9 priv\u00e9e, de la propri\u00e9t\u00e9 collective ou d&rsquo;un droit coutumier.<\/p>\n<p>\ud83d\udcd6 Pour en savoir plus sur les piliers et les capitaux de Livelihood: <a href=\"https:\/\/drive.google.com\/file\/d\/1AUefrZk30-ULP5MFdluy0K5g-bwbwqjE\/view\" target=\"_blank\" rel=\"noopener\">\u00a0Agrobiodiversity management from a sustainable livelihoods perspective.<\/a><\/p>\n<p>&nbsp;<\/p>\n<\/div>\r\n            <\/div>\r\n         \r\n    <\/div>\r\n<\/section>\r\n\r\n\n\n\r\n\r\n<section class=\"block-title-solid\" id=\"block_c37cac4798a6a8a01547ab0d2f8876b3\" data-waypoint=\".25\">\r\n    <div class=\"container medium\">\r\n        <div class=\"content\">\r\n            <h2 class=\"title\">\u00ab Modes de vie \u00bb, une approche des moyens de subsistance fond\u00e9e sur les valeurs<\/h2> \r\n        <\/div>\r\n    <\/div>\r\n<\/section>\r\n \r\n\n\n\r\n\r\n<section class=\"block-copy-text\" data-waypoint=\".25\">\r\n    <div class=\"container medium\">\r\n                    <div class=\"block-copy-text__content\">\r\n                <div class=\"text\"><p>Le manuel Livelihoods and Territorial Innovation for the Strengthening of Community Harmony (Moyens de subsistance et innovation territoriale pour le renforcement de l&rsquo;harmonie communautaire) du College of the Southern Border au Chiapas (Mexique), pr\u00e9sente le concept de \u00ab\u00a0modes de vie\u00a0\u00bb comme une approche des moyens de subsistance fond\u00e9e sur des valeurs. Dans ce cadre territorial, les modes de vie sont d\u00e9crits comme suit<\/p>\n<p style=\"text-align: center\">\u00ab\u00a0tout ce qui porte des fruits autour de nous<\/p>\n<p style=\"text-align: center\">sachant utiliser ce qui est vivant<\/p>\n<p style=\"text-align: center\">et ce qui ne l\u2019est pas.\u00a0\u00bb<\/p>\n<p>Les auteurs sugg\u00e8rent de se poser les questions suivantes avant de commencer \u00e0 cartographier les atouts de notre communaut\u00e9 : \u00ab\u00a0Que voulons-nous changer ? Quelles sont les valeurs qui favorisent le changement de strat\u00e9gie ? &#8230; puisqu\u2019il s&rsquo;agit simplement d&rsquo;un moyen d&rsquo;identifier les r\u00e9sultats que nous attendons, et non une fin en soi. Les moyens de subsistance comprennent les strat\u00e9gies suivies par les communaut\u00e9s en fonction des atouts dont elles disposent pour satisfaire leurs besoins, conform\u00e9ment \u00e0 leurs valeurs. Les moyens d&rsquo;existence ne sont pas statiques, ils sont dynamis\u00e9s par les innovations territoriales que les communaut\u00e9s mettent constamment \u00e0 l\u2019\u00e9preuve.\u00a0\u00bb<\/p>\n<p>\ud83d\udcd6<a href=\"https:\/\/drive.google.com\/file\/d\/1FgC_UDK6YzRmWRw051OMjUyBzta4qbXL\/view?usp=sharing\">Lisez un court extrait<\/a> (des pages 24, 25, 26) pour un aper\u00e7u des modes de vie.<\/p>\n<\/div>\r\n            <\/div>\r\n         \r\n    <\/div>\r\n<\/section>\r\n\r\n\n\n\n\n<section class=\"block-image\" data-waypoint=\".25\">\n    <div class=\"container medium\">\n        <div class=\"block-image__content\">\n                            <div class=\"block-image__image\">\n                    <img decoding=\"async\" width=\"1542\" height=\"1903\" src=\"https:\/\/rightsandresources.org\/livelihoods\/wp-content\/uploads\/2024\/06\/FR-Ways-of-Life-Diagram.png\" class=\"\" alt=\"\" loading=\"lazy\" srcset=\"https:\/\/rightsandresources.org\/livelihoods\/wp-content\/uploads\/2024\/06\/FR-Ways-of-Life-Diagram.png 1542w, https:\/\/rightsandresources.org\/livelihoods\/wp-content\/uploads\/2024\/06\/FR-Ways-of-Life-Diagram-729x900.png 729w, https:\/\/rightsandresources.org\/livelihoods\/wp-content\/uploads\/2024\/06\/FR-Ways-of-Life-Diagram-875x1080.png 875w, https:\/\/rightsandresources.org\/livelihoods\/wp-content\/uploads\/2024\/06\/FR-Ways-of-Life-Diagram-486x600.png 486w, https:\/\/rightsandresources.org\/livelihoods\/wp-content\/uploads\/2024\/06\/FR-Ways-of-Life-Diagram-768x948.png 768w, https:\/\/rightsandresources.org\/livelihoods\/wp-content\/uploads\/2024\/06\/FR-Ways-of-Life-Diagram-1245x1536.png 1245w\" sizes=\"auto, (max-width: 1542px) 100vw, 1542px\" \/>                <\/div>\n                                        <div class=\"caption\"><p>Diagramme des modes de vie<\/p><\/div>\n                    <\/div>\n    <\/div>\n<\/section>\n\n\n\n\r\n\r\n<section class=\"block-title-solid\" id=\"block_ea6c6ca293a394aba6a36332385ab176\" data-waypoint=\".25\">\r\n    <div class=\"container medium\">\r\n        <div class=\"content\">\r\n            <h2 class=\"title\">Devoirs <\/h2> \r\n        <\/div>\r\n    <\/div>\r\n<\/section>\r\n \r\n\n\n\r\n\r\n<section class=\"block-copy-text\" data-waypoint=\".25\">\r\n    <div class=\"container medium\">\r\n                    <div class=\"block-copy-text__content\">\r\n                <div class=\"text\"><p><em>Activit\u00e9s \u00e0 r\u00e9aliser apr\u00e8s la premi\u00e8re session en direct.<br \/>\nDur\u00e9e approximative : 1 heure et 30 minutes<\/em><\/p>\n<\/div>\r\n            <\/div>\r\n         \r\n    <\/div>\r\n<\/section>\r\n\r\n\n\n\n\n\n<section class=\"block-homework\" data-waypoint=\".1\">\n    <div class=\"container medium\">\n                                    <div class=\"homework-item\">\n                    <div class=\"title\"><p><a href=\"https:\/\/drive.google.com\/file\/d\/1PdiSD-v341lwzwE8exsME1NnD1jRLZ1E\/view?usp=sharing\"><b>Devoirs Individuels (30min)<\/b><\/a><\/p>\n<p>Questions d&rsquo;orientation et invites qui encouragent les discussions sur les moyens de subsistance durables avec les a\u00een\u00e9s de la communaut\u00e9.<\/p>\n<div id=\"gtx-trans\" style=\"position: absolute;left: -14px;top: 94.6667px\">\n<div class=\"gtx-trans-icon\"><\/div>\n<\/div>\n<\/div>\n\n                                    <\/div>\n                \n                            <div class=\"homework-item\">\n                    <div class=\"title\"><p><a href=\"https:\/\/drive.google.com\/file\/d\/14ASDDktMLD-ZMZM2fS8jbjlBfOeBd_hw\/view?usp=sharing\"><b>Devoirs de groupe (60min)<\/b><\/a><\/p>\n<p>Identifiez les valeurs et les d\u00e9sirs fondamentaux de votre communaut\u00e9, fournissant ainsi une base pour cartographier les atouts et identifier les possibilit\u00e9s de moyens de subsistance durables.<\/p>\n<div id=\"gtx-trans\" style=\"position: absolute;left: -7px;top: -9.33333px\">\n<div class=\"gtx-trans-icon\"><\/div>\n<\/div>\n<\/div>\n\n                                    <\/div>\n                \n                     \n    <\/div>\n<\/section>\n\n","protected":false},"excerpt":{"rendered":"","protected":false},"author":1,"featured_media":0,"parent":1246,"menu_order":1,"comment_status":"closed","ping_status":"closed","template":"","meta":{"_acf_changed":false,"footnotes":""},"class_list":["post-860","page","type-page","status-publish","hentry"],"acf":[],"_links":{"self":[{"href":"https:\/\/rightsandresources.org\/livelihoods\/fr\/wp-json\/wp\/v2\/pages\/860","targetHints":{"allow":["GET"]}}],"collection":[{"href":"https:\/\/rightsandresources.org\/livelihoods\/fr\/wp-json\/wp\/v2\/pages"}],"about":[{"href":"https:\/\/rightsandresources.org\/livelihoods\/fr\/wp-json\/wp\/v2\/types\/page"}],"author":[{"embeddable":true,"href":"https:\/\/rightsandresources.org\/livelihoods\/fr\/wp-json\/wp\/v2\/users\/1"}],"replies":[{"embeddable":true,"href":"https:\/\/rightsandresources.org\/livelihoods\/fr\/wp-json\/wp\/v2\/comments?post=860"}],"version-history":[{"count":0,"href":"https:\/\/rightsandresources.org\/livelihoods\/fr\/wp-json\/wp\/v2\/pages\/860\/revisions"}],"up":[{"embeddable":true,"href":"https:\/\/rightsandresources.org\/livelihoods\/fr\/wp-json\/wp\/v2\/pages\/1246"}],"wp:attachment":[{"href":"https:\/\/rightsandresources.org\/livelihoods\/fr\/wp-json\/wp\/v2\/media?parent=860"}],"curies":[{"name":"wp","href":"https:\/\/api.w.org\/{rel}","templated":true}]}}