{"id":876,"date":"2024-06-05T22:45:04","date_gmt":"2024-06-05T22:45:04","guid":{"rendered":"https:\/\/rightsandresources.org\/livelihoods\/mi-curso\/module-5-what-are-our-ideas-and-how-can-we-help-each-other-get-there\/"},"modified":"2024-06-14T15:43:04","modified_gmt":"2024-06-14T15:43:04","slug":"module-5-what-are-our-ideas-and-how-can-we-help-each-other-get-there","status":"publish","type":"page","link":"https:\/\/rightsandresources.org\/livelihoods\/es\/mi-curso\/module-5-what-are-our-ideas-and-how-can-we-help-each-other-get-there\/","title":{"rendered":"M\u00f3dulo 5: \u00bfCu\u00e1les Son Nuestras Ideas Y C\u00f3mo Podemos Ayudarnos Mutuamente A Conseguirlas?"},"content":{"rendered":"\r\n<section class=\"hero hero--internal\" data-waypoint=\"0.25\">\r\n  <div class=\"hero__background\"><\/div>\r\n    <div class=\"container medium\">\r\n      <div class=\"hero__content\">\r\n      <div class=\"language-content no-margin\" data-waypoint=\"0.25\">\r\n        <div class=\"container medium\">\r\n            <div class=\"language-content__grid\">\r\n              <ul class=\"header-language\">\r\n                \n<div class=\"wpml-ls-statics-shortcode_actions wpml-ls wpml-ls-legacy-list-horizontal\">\n\t<ul><li class=\"wpml-ls-slot-shortcode_actions wpml-ls-item wpml-ls-item-en wpml-ls-first-item wpml-ls-item-legacy-list-horizontal\">\n\t\t\t\t<a href=\"https:\/\/rightsandresources.org\/livelihoods\/\" class=\"wpml-ls-link\">\n                    <span class=\"wpml-ls-display\">EN<\/span><\/a>\n\t\t\t<\/li><li class=\"wpml-ls-slot-shortcode_actions wpml-ls-item wpml-ls-item-fr wpml-ls-item-legacy-list-horizontal\">\n\t\t\t\t<a href=\"https:\/\/rightsandresources.org\/livelihoods\/fr\/\" class=\"wpml-ls-link\">\n                    <span class=\"wpml-ls-display\">FR<\/span><\/a>\n\t\t\t<\/li><li class=\"wpml-ls-slot-shortcode_actions wpml-ls-item wpml-ls-item-es wpml-ls-current-language wpml-ls-item-legacy-list-horizontal\">\n\t\t\t\t<a href=\"https:\/\/rightsandresources.org\/livelihoods\/es\/\" class=\"wpml-ls-link\">\n                    <span class=\"wpml-ls-native\">ES<\/span><\/a>\n\t\t\t<\/li><li class=\"wpml-ls-slot-shortcode_actions wpml-ls-item wpml-ls-item-ne wpml-ls-last-item wpml-ls-item-legacy-list-horizontal\">\n\t\t\t\t<a href=\"https:\/\/rightsandresources.org\/livelihoods\/ne\/\" class=\"wpml-ls-link\">\n                    <span class=\"wpml-ls-display\">NP<\/span><\/a>\n\t\t\t<\/li><\/ul>\n<\/div>\n              <\/ul>\r\n            <\/div>\r\n        <\/div>\r\n      <\/div>\r\n\r\n        <div class=\"hero__data\">\r\n            <h1 class=\"hero__title\"><p><strong>M\u00f3dulo 5: <\/strong>\u00bfCu\u00e1les Son Nuestras Ideas y C\u00f3mo Podemos Ayudarnos Mutuamente A Conseguirlas?<\/p>\n<\/h1> \r\n        <\/div>\r\n        \r\n            \r\n              <div class=\"block__buttons-content\">\r\n                                            <a class=\"button button-solid-green\" href=\"https:\/\/rightsandresources.org\/livelihoods\/wp-content\/uploads\/2024\/06\/Modulo-5_-\u00bfCuales-Son-Nuestras-Ideas-y-Como-Podemos-Ayudarnos-Mutuamente-A-Conseguirlas_.pdf\" target=\"_blank\" download>\r\n        Descargar Sesi\u00f3n        <\/a>\r\n                                                    <a class=\"button button-solid-blue\" href=\"https:\/\/rightsandresources.org\/livelihoods\/wp-content\/uploads\/2024\/06\/Livelihoods-Live-Sessions-Date_Times-Slide.pptx.pdf\" target=\"_blank\" download>\r\n        Live session        <\/a>\r\n                                      <\/div>\r\n            \r\n      <\/div>\r\n    <\/div> \r\n<\/section>\r\n\r\n\n\n\n<section class=\"block-text-cover\" data-waypoint=\".25\"> \n  <div class=\"block-text-cover__background\">\n    <div class=\"container medium\">\n      <div class=\"content\">\n        <div class=\"data\">\n            <h3 class=\"title\">Introducci\u00f3n<\/h3> \n            <div class=\"text\"><p>En nuestra \u00faltima sesi\u00f3n, compartir\u00e1s tus ideas para una iniciativa en tu comunidad con otros participantes del curso para recibir comentarios constructivos, basado en lo desarrollado en las sesiones anteriores y la elaboraci\u00f3n de la tarea. Esta sesi\u00f3n est\u00e1 dise\u00f1ada para ayudarte a perfeccionar tus habilidades de presentaci\u00f3n resumiendo sucintamente los conceptos clave de tu idea, mientras aprendes de las presentaciones e ideas innovadoras de tus compa\u00f1eros.<\/p>\n<p>&nbsp;<\/p>\n<p>Nuestro objetivo es que todos salgan de esta sesi\u00f3n con ideas de iniciativas validadas y mejoradas. Durante el curso se proporcionar\u00e1 m\u00e1s informaci\u00f3n sobre esta sesi\u00f3n. No es necesario tener trabajos o ideas previas antes de inscribirse en la comunidad de aprendizaje. La presentaci\u00f3n se trabajar\u00e1 semanalmente a trav\u00e9s de las tareas grupales de cada m\u00f3dulo.\u00a0<\/p>\n<\/div> \n        <\/div>\n      <\/div>\n    <\/div> \n  <\/div>\n<\/section>\n\n","protected":false},"excerpt":{"rendered":"","protected":false},"author":1,"featured_media":0,"parent":674,"menu_order":5,"comment_status":"closed","ping_status":"closed","template":"","meta":{"_acf_changed":false,"footnotes":""},"class_list":["post-876","page","type-page","status-publish","hentry"],"acf":[],"_links":{"self":[{"href":"https:\/\/rightsandresources.org\/livelihoods\/es\/wp-json\/wp\/v2\/pages\/876","targetHints":{"allow":["GET"]}}],"collection":[{"href":"https:\/\/rightsandresources.org\/livelihoods\/es\/wp-json\/wp\/v2\/pages"}],"about":[{"href":"https:\/\/rightsandresources.org\/livelihoods\/es\/wp-json\/wp\/v2\/types\/page"}],"author":[{"embeddable":true,"href":"https:\/\/rightsandresources.org\/livelihoods\/es\/wp-json\/wp\/v2\/users\/1"}],"replies":[{"embeddable":true,"href":"https:\/\/rightsandresources.org\/livelihoods\/es\/wp-json\/wp\/v2\/comments?post=876"}],"version-history":[{"count":0,"href":"https:\/\/rightsandresources.org\/livelihoods\/es\/wp-json\/wp\/v2\/pages\/876\/revisions"}],"up":[{"embeddable":true,"href":"https:\/\/rightsandresources.org\/livelihoods\/es\/wp-json\/wp\/v2\/pages\/674"}],"wp:attachment":[{"href":"https:\/\/rightsandresources.org\/livelihoods\/es\/wp-json\/wp\/v2\/media?parent=876"}],"curies":[{"name":"wp","href":"https:\/\/api.w.org\/{rel}","templated":true}]}}