{"id":873,"date":"2024-06-05T22:44:35","date_gmt":"2024-06-05T22:44:35","guid":{"rendered":"https:\/\/rightsandresources.org\/livelihoods\/mi-curso\/module-4-how-can-we-bring-our-ideas-to-life\/"},"modified":"2024-07-10T01:13:25","modified_gmt":"2024-07-10T01:13:25","slug":"module-4-how-can-we-bring-our-ideas-to-life","status":"publish","type":"page","link":"https:\/\/rightsandresources.org\/livelihoods\/es\/mi-curso\/module-4-how-can-we-bring-our-ideas-to-life\/","title":{"rendered":"M\u00f3dulo 4:\u00a0\u00bfC\u00f3mo Dar Vida A Nuestros Proyectos?\u00a0\u00a0"},"content":{"rendered":"\r\n<section class=\"hero hero--internal\" data-waypoint=\"0.25\">\r\n  <div class=\"hero__background\"><\/div>\r\n    <div class=\"container medium\">\r\n      <div class=\"hero__content\">\r\n      <div class=\"language-content no-margin\" data-waypoint=\"0.25\">\r\n        <div class=\"container medium\">\r\n            <div class=\"language-content__grid\">\r\n              <ul class=\"header-language\">\r\n                \n<div class=\"wpml-ls-statics-shortcode_actions wpml-ls wpml-ls-legacy-list-horizontal\">\n\t<ul><li class=\"wpml-ls-slot-shortcode_actions wpml-ls-item wpml-ls-item-en wpml-ls-first-item wpml-ls-item-legacy-list-horizontal\">\n\t\t\t\t<a href=\"https:\/\/rightsandresources.org\/livelihoods\/\" class=\"wpml-ls-link\">\n                    <span class=\"wpml-ls-display\">EN<\/span><\/a>\n\t\t\t<\/li><li class=\"wpml-ls-slot-shortcode_actions wpml-ls-item wpml-ls-item-fr wpml-ls-item-legacy-list-horizontal\">\n\t\t\t\t<a href=\"https:\/\/rightsandresources.org\/livelihoods\/fr\/\" class=\"wpml-ls-link\">\n                    <span class=\"wpml-ls-display\">FR<\/span><\/a>\n\t\t\t<\/li><li class=\"wpml-ls-slot-shortcode_actions wpml-ls-item wpml-ls-item-es wpml-ls-current-language wpml-ls-item-legacy-list-horizontal\">\n\t\t\t\t<a href=\"https:\/\/rightsandresources.org\/livelihoods\/es\/\" class=\"wpml-ls-link\">\n                    <span class=\"wpml-ls-native\">ES<\/span><\/a>\n\t\t\t<\/li><li class=\"wpml-ls-slot-shortcode_actions wpml-ls-item wpml-ls-item-ne wpml-ls-last-item wpml-ls-item-legacy-list-horizontal\">\n\t\t\t\t<a href=\"https:\/\/rightsandresources.org\/livelihoods\/ne\/\" class=\"wpml-ls-link\">\n                    <span class=\"wpml-ls-display\">NP<\/span><\/a>\n\t\t\t<\/li><\/ul>\n<\/div>\n              <\/ul>\r\n            <\/div>\r\n        <\/div>\r\n      <\/div>\r\n\r\n        <div class=\"hero__data\">\r\n            <h1 class=\"hero__title\"><p><strong>M\u00f3dulo 4: <\/strong>\u00bfC\u00f3mo Dar Vida a Nuestros Proyectos?<\/p>\n<\/h1> \r\n        <\/div>\r\n        \r\n            \r\n              <div class=\"block__buttons-content\">\r\n                                            <a class=\"button button-solid-green\" href=\"https:\/\/rightsandresources.org\/livelihoods\/wp-content\/uploads\/2024\/06\/Modulo-4_-\u00bfComo-Dar-Vida-a-Nuestros-Proyectos_.pdf\" target=\"_blank\" download>\r\n        Descargar M\u00f3dulo        <\/a>\r\n                                                    <a class=\"button button-solid-blue\" href=\"https:\/\/rightsandresources.org\/livelihoods\/wp-content\/uploads\/2024\/06\/Livelihoods-Live-Sessions-Date_Times-Slide.pptx.pdf\" target=\"_blank\" download>\r\n        Sesi\u00f3n Online        <\/a>\r\n                                      <\/div>\r\n            \r\n      <\/div>\r\n    <\/div> \r\n<\/section>\r\n\r\n\n\n\n<section class=\"block-text-cover\" data-waypoint=\".25\"> \n  <div class=\"block-text-cover__background\">\n    <div class=\"container medium\">\n      <div class=\"content\">\n        <div class=\"data\">\n            <h3 class=\"title\">Introducci\u00f3n:<\/h3> \n            <div class=\"text\"><p>En este m\u00f3dulo exploraremos algunas opciones de financiaci\u00f3n para proyectos de medios de vida sostenibles. Mapear\u00e1s los activos financieros de tu comunidad, identificar\u00e1s posibles estrategias de medios de vida que podr\u00edan convertirse en iniciativas y comparar\u00e1s diferentes tipos de financiaci\u00f3n en funci\u00f3n de la escala y los requisitos previos de tu idea. Este m\u00f3dulo est\u00e1 dise\u00f1ado para proporcionar las herramientas para poner en marcha iniciativas viables de medios de vida, con el entendimiento de marcos financieros que pueden apoyar sus objetivos.<\/p>\n<p>&nbsp;<\/p>\n<\/div> \n        <\/div>\n      <\/div>\n    <\/div> \n  <\/div>\n<\/section>\n\n\n\n\r\n\r\n<section class=\"block-title-solid\" id=\"block_b1d9a73ba1ab54939cff943a6f9cdebc\" data-waypoint=\".25\">\r\n    <div class=\"container medium\">\r\n        <div class=\"content\">\r\n            <h2 class=\"title\"> Identificaci\u00f3n Del Capital Financiero<\/h2> \r\n        <\/div>\r\n    <\/div>\r\n<\/section>\r\n \r\n\n\n\r\n\r\n<section class=\"block-copy-text\" data-waypoint=\".25\">\r\n    <div class=\"container medium\">\r\n                    <div class=\"block-copy-text__content\">\r\n                <div class=\"text\"><p>Las finanzas son un componente clave de las iniciativas de vida y las actividades generadoras de ingresos, como comparte<a href=\"https:\/\/drive.google.com\/file\/d\/18FFl3RWAB6CxBvJuGAozz8vHU52FWrBJ\/view?usp=drive_link\"> Norman Rodea<\/a><\/p>\n<p>\u00ab[E]l capital financiero representa el acceso a la liquidez monetaria [la rapidez con que se puede acceder al dinero], los ingresos monetarios directos e indirectos de la comunidad, as\u00ed como las posibilidades de financiaci\u00f3n y las oportunidades de cr\u00e9dito de que dispone la comunidad. Responde a las siguientes preguntas:<\/p>\n<ul>\n<li>\u00bfCu\u00e1l es el ingreso individual, familiar y comunitaria en la comunidad?<\/li>\n<li>\u00bfCu\u00e1les son las oportunidades de empleo en la comunidad?<\/li>\n<li>\u00bfCu\u00e1les son las oportunidades de capitalizaci\u00f3n, financiaci\u00f3n y\/o cr\u00e9dito disponibles en la comunidad?<\/li>\n<li>\u00bfQu\u00e9 programas gubernamentales apoyan los procesos financieros, medioambientales, culturales o sociales?<\/li>\n<li>\u00bfQu\u00e9 organizaciones privadas est\u00e1n interesadas en colaborar o apoyan ya procesos financieros, medioambientales, culturales o sociales?<\/li>\n<li>\u00bfQu\u00e9 herramientas y plataformas financieras existen: aplicaciones bancarias, cajeros autom\u00e1ticos, crowdfunding?<\/li>\n<\/ul>\n<\/div>\r\n            <\/div>\r\n         \r\n    <\/div>\r\n<\/section>\r\n\r\n\n\n\r\n\r\n<section class=\"block-title-solid\" id=\"block_8c80f90b01fd50648413e8396db1a747\" data-waypoint=\".25\">\r\n    <div class=\"container medium\">\r\n        <div class=\"content\">\r\n            <h2 class=\"title\">Planificaci\u00f3n Y Estrategia<\/h2> \r\n        <\/div>\r\n    <\/div>\r\n<\/section>\r\n \r\n\n\n\r\n\r\n<section class=\"block-copy-text\" data-waypoint=\".25\">\r\n    <div class=\"container medium\">\r\n                    <div class=\"block-copy-text__content\">\r\n                <div class=\"text\"><p>Cuando planifiques el desarrollo de la iniciativa, tendr\u00e1 que pensar en el contexto, la escala y las necesidades financieras espec\u00edficas para elaborar un plan de financiaci\u00f3n del proceso. Algunos aspectos importantes a tener en cuenta:\u00a0<\/p>\n<ul>\n<li>Dise\u00f1e su estrategia y cree un plan de acci\u00f3n que priorice las acciones con el menor costo y el mayor beneficio, teniendo en cuenta los objetivos a corto y largo plazo.\u00a0<\/li>\n<li>Dise\u00f1e y pruebe primero un prototipo a peque\u00f1a escala: esto le permitir\u00e1 perfeccionar su planteamiento antes de dedicar importantes recursos a una estrategia totalmente desarrollada.<\/li>\n<li>Co-dise\u00f1a y trabaja con otros para mejorar y recibir comentarios sobre tus ideas, en cada fase del dise\u00f1o y la implementaci\u00f3n.<\/li>\n<li>Estudie empresas con productos similares en su contexto como puntos de referencia para analizar el mercado.<\/li>\n<li>Eval\u00faa el capital financiero del que dispones y prioriza las inversiones en funci\u00f3n de las acciones que hayas planificado.\u00a0 Por ejemplo, determina si es m\u00e1s estrat\u00e9gico invertir en comprar herramientas o maquinaria especializada, o en probar tu prototipo, o en ampliar tus operaciones. <\/li>\n<\/ul>\n<\/div>\r\n            <\/div>\r\n         \r\n    <\/div>\r\n<\/section>\r\n\r\n\n\n\r\n\r\n<section class=\"block-title-solid\" id=\"block_d45d4395c4cc42d402dafd263f36f9d4\" data-waypoint=\".25\">\r\n    <div class=\"container medium\">\r\n        <div class=\"content\">\r\n            <h2 class=\"title\">Posibles Opciones De Capital Financiero Para Acceder Al Capital Inicial<\/h2> \r\n        <\/div>\r\n    <\/div>\r\n<\/section>\r\n \r\n\n\n\r\n\r\n<section class=\"block-copy-text\" data-waypoint=\".25\">\r\n    <div class=\"container medium\">\r\n                    <div class=\"block-copy-text__content\">\r\n                <div class=\"text\"><ul>\n<li>Recursos financieros comunitarios:<\/li>\n<\/ul>\n<p>Grupos de ahorro comunitario: \u00abSe trata de un m\u00e9todo eficaz para ahorrar una peque\u00f1a cantidad de dinero organizando o uni\u00e9ndose a un grupo de ahorro de hasta 25 personas. Estas personas pueden ser colegas, amigos o vecinos de la misma comunidad&#8230; Los grupos de ahorro comunitario son asociaciones en las que la gente se pone de acuerdo para ahorrar peri\u00f3dicamente una determinada cantidad y depositar sus ahorros en una cuenta com\u00fan. Algunos grupos tambi\u00e9n ofrecen peque\u00f1os pr\u00e9stamos. Son populares en todo el <a href=\"https:\/\/gdrc.org\/icm\/rosca\/rosca-names.html\">mundo<\/a> desde los sou-sous de \u00c1frica Occidental a las tandas mexicanas, pasando por los huis vietnamitas.<\/p>\n<p>M\u00e1s informaci\u00f3n aqu\u00ed: <strong><a href=\"https:\/\/drive.google.com\/file\/d\/18mpnQtrvdw6mvgf0lsXZC-3sYGCCpuc1\/view\">\u00bfQu\u00e9 son los grupos de ahorro comunitario y c\u00f3mo funcionan?<\/a><\/strong><\/p>\n<p>Crowdfunding &#8211; a trav\u00e9s de plataformas en l\u00ednea: \u00abRecaudar una gran cantidad de fondos de particulares a trav\u00e9s de plataformas online. Es una forma innovadora de obtener financiaci\u00f3n, ya que en lugar de proceder de una o varias entidades financieras, los fondos proceden de un grupo de personas interesadas en financiar un nuevo proyecto, negocio, idea o causa.\u00bb &#8211;<a href=\"https:\/\/solidaridadlatam.org\/news\/plataforma-de-crowdfunding-plusplus-cumple-un-a%2525C3%2525B1o\/\"> Solidaridad<\/a><\/p>\n<p>Ejemplos:<\/p>\n<ul>\n<li style=\"list-style-type: none\">\n<ul>\n<li>KIVA: <a href=\"https:\/\/www.kiva.org\/about\/where-kiva-works\">\u00bfD\u00f3nde trabaja Kiva?<\/a><\/li>\n<\/ul>\n<\/li>\n<\/ul>\n<p>Echar una mano (formalmente Plus Plus): <a href=\"https:\/\/www.lendahand.com\/en-EU\/borrowers\">Empresas disponibles para crowdfunding<\/a> y <a href=\"https:\/\/www.lendahand.com\/en-EU\/projects\">Crowdfunding de Impacto<\/a> (sitio web en ingl\u00e9s, espa\u00f1ol y franc\u00e9s)<\/p>\n<\/div>\r\n            <\/div>\r\n         \r\n    <\/div>\r\n<\/section>\r\n\r\n\n\n\n\n<section class=\"block-image\" data-waypoint=\".25\">\n    <div class=\"container medium\">\n        <div class=\"block-image__content\">\n                            <div class=\"block-image__image\">\n                    <img decoding=\"async\" width=\"1436\" height=\"820\" src=\"https:\/\/rightsandresources.org\/livelihoods\/wp-content\/uploads\/2024\/05\/Screen-Shot-2024-06-05-at-16.38.04.png\" class=\"\" alt=\"\" loading=\"lazy\" srcset=\"https:\/\/rightsandresources.org\/livelihoods\/wp-content\/uploads\/2024\/05\/Screen-Shot-2024-06-05-at-16.38.04.png 1436w, https:\/\/rightsandresources.org\/livelihoods\/wp-content\/uploads\/2024\/05\/Screen-Shot-2024-06-05-at-16.38.04-1200x685.png 1200w, https:\/\/rightsandresources.org\/livelihoods\/wp-content\/uploads\/2024\/05\/Screen-Shot-2024-06-05-at-16.38.04-600x343.png 600w, https:\/\/rightsandresources.org\/livelihoods\/wp-content\/uploads\/2024\/05\/Screen-Shot-2024-06-05-at-16.38.04-768x439.png 768w\" sizes=\"auto, (max-width: 1436px) 100vw, 1436px\" \/>                <\/div>\n                                <\/div>\n    <\/div>\n<\/section>\n\n\n\n\r\n\r\n<section class=\"block-copy-text\" data-waypoint=\".25\">\r\n    <div class=\"container medium\">\r\n                    <div class=\"block-copy-text__content\">\r\n                <div class=\"text\"><ul>\n<li><strong>Fondos de inversi\u00f3n de impacto a trav\u00e9s de ONG<\/strong><\/li>\n<\/ul>\n<p>Ejemplo: RRI: Derechos Comunitarios sobre la Tierra e Iniciativa Financiera para la Conservaci\u00f3n (CLARIFI)<\/p>\n<p>\u00abCLARIFI complementa el ecosistema existente de mecanismos financieros para invertir en derechos comunitarios, medios de vida y conservaci\u00f3n, incluidos los que fueron promovidos por RRI (<a href=\"https:\/\/thetenurefacility.org\/\">el Fondo de Tenencia<\/a> y el <a href=\"https:\/\/rightsandresources.org\/strategic-response-mechanism\/\">Mecanismo de Respuesta Estrat\u00e9gica<\/a>), as\u00ed como los fondos nacionales y regionales creados por organizaciones ind\u00edgenas y de titulares de derechos comunitarios\u00bb.<\/p>\n<p><a href=\"https:\/\/rightsandresources.org\/clarifi\/\">P\u00e1gina web: \u00bfQu\u00e9 es CLARIFI?<\/a> [disponible en ingl\u00e9s, franc\u00e9s y espa\u00f1ol]<\/p>\n<ul>\n<li><strong>Programas gubernamentales<\/strong><\/li>\n<\/ul>\n<p>Esto depende en gran medida del gobierno de cada pa\u00eds y de los programas que puedan existir a nivel nacional y local. Algunos ejemplos pueden ser:<\/p>\n<p>&#8211; Pago por servicios medioambientales<br \/>\n&#8211; Pr\u00e9stamos o subvenciones para empresas rurales o agricultura<\/p>\n<ul>\n<li><strong>Servicios financieros de entidades bancarias.<\/strong><\/li>\n<\/ul>\n<p>&#8211; Bancos nacionales o servicios de microfinanciaci\u00f3n que pueden ofrecer los siguientes servicios:<\/p>\n<p>&#8211; Pr\u00e9stamos para empresas<\/p>\n<p>&#8211; Asesoramiento financiero<\/p>\n<p>&#8211; Servicios de inversi\u00f3n<\/p>\n<p>&#8211; Cuenta corriente y de ahorro<\/p>\n<p>&#8211; Tarjetas de cr\u00e9dito<\/p>\n<ul>\n<li><strong> Asociaciones privadas\u00a0<\/strong><\/li>\n<\/ul>\n<p>Una oportunidad de negocio directa para proporcionar productos y\/o servicios que una empresa privada puede incorporar a su cadena de valor. Este tipo de asociaciones empresariales pueden ser regionales, nacionales o internacionales, y pueden variar en tama\u00f1o y escala.<\/p>\n<\/div>\r\n            <\/div>\r\n         \r\n    <\/div>\r\n<\/section>\r\n\r\n\n\n\r\n\r\n<section class=\"block-title-solid\" id=\"block_fe19a977277de017b044ddc3c2205e57\" data-waypoint=\".25\">\r\n    <div class=\"container medium\">\r\n        <div class=\"content\">\r\n            <h2 class=\"title\">Estudio De Caso: India Handmade Collective<\/h2> \r\n        <\/div>\r\n    <\/div>\r\n<\/section>\r\n \r\n\n\n\r\n\r\n<section class=\"block-copy-text\" data-waypoint=\".25\">\r\n    <div class=\"container medium\">\r\n                    <div class=\"block-copy-text__content\">\r\n                <div class=\"text\"><p>\u00a8Hemos creado India HandMade Collective para unificar y reunir a todos estos artesanos en una plataforma com\u00fan. De este modo podemos presentar al cliente consciente productos aut\u00e9nticos hechos a mano en diferentes partes del pa\u00eds. Tambi\u00e9n pretendemos educar al consumidor sobre nuestro rico patrimonio de telares manuales y todo lo hecho a mano. En la actualidad, representamos a un conjunto de organizaciones miembros que trabajan con unos 2.500 artesanos rurales que exhiben sus productos y esperamos que, con un patrocinio activo, estas cifras puedan multiplicarse.<\/p>\n<p>Nuestro objetivo con esta iniciativa es ayudar a animar a los tejedores, hilanderos y peque\u00f1os productores textiles \u00e9ticos aut\u00f3ctonos a continuar su trabajo en este espacio y llegar a fin de mes de forma sostenible, dando un impulso a su negocio a trav\u00e9s de esta plataforma com\u00fan. Ampliar el mercado de la ropa hecha a mano y sensibilizar a los consumidores sobre la situaci\u00f3n de los interesados de base. Buscamos contribuir de alguna manera a aportar equilibrio a nuestro ecosistema natural que mantiene la calidad de vida de forma sostenible y hol\u00edstica a trav\u00e9s de buenos h\u00e1bitos de confecci\u00f3n con la m\u00ednima creaci\u00f3n de residuos.\u00a8<\/p>\n<p>\ud83d\udcd6Lea m\u00e1s sobre los medios de subsistencia del tejido en la India, la plataforma que re\u00fane a los tejedores y les ayuda a subir de categor\u00eda, y el modelo de empresa social del negocio de la moda lenta aqu\u00ed: <a href=\"https:\/\/drive.google.com\/file\/d\/1LSzseJbxWjyuUyMJfOS6F3q2QKxlNuTs\/view?usp=sharing\">India Handmade Collective<\/a><\/p>\n<\/div>\r\n            <\/div>\r\n         \r\n    <\/div>\r\n<\/section>\r\n\r\n\n\n\r\n\r\n<section class=\"block-title-solid\" id=\"block_22f3adc58a791bfc6fe512b8f187664f\" data-waypoint=\".25\">\r\n    <div class=\"container medium\">\r\n        <div class=\"content\">\r\n            <h2 class=\"title\">Tarea<\/h2> \r\n        <\/div>\r\n    <\/div>\r\n<\/section>\r\n \r\n\n\n\r\n\r\n<section class=\"block-copy-text\" data-waypoint=\".25\">\r\n    <div class=\"container medium\">\r\n                    <div class=\"block-copy-text__content\">\r\n                <div class=\"text\"><p><em>Actividades para completar despu\u00e9s de la cuarta sesi\u00f3n virtual.\u00a0<\/em><\/p>\n<\/div>\r\n            <\/div>\r\n         \r\n    <\/div>\r\n<\/section>\r\n\r\n\n\n\n\n\n<section class=\"block-homework\" data-waypoint=\".1\">\n    <div class=\"container medium\">\n                                    <div class=\"homework-item\">\n                    <div class=\"title\"><p><a href=\"https:\/\/drive.google.com\/file\/d\/1riq1yQCzZoXsglXGFfqQwbKjfR8KKacF\/view?usp=sharing\" target=\"_blank\" rel=\"noopener\"><strong>Actividades de grupo (de 90 a 120 minutos)<\/strong><\/a><\/p>\n<p>Un ejercicio de mapeo para identificar los activos financieros disponibles.\u00a0 Y preparar una presentaci\u00f3n sobre una estrategia inicial para compartir con un grupo de participantes la semana siguiente, basada en los activos humanos, sociales, naturales, de infraestructura, y financieros que hayas mapeado previamente. [insertar enlace a PDF]<\/p>\n<\/div>\n\n                                    <\/div>\n                \n                     \n    <\/div>\n<\/section>\n\n\n\n\r\n<section class=\"separator\" data-waypoint='.25'>\r\n    <div class=\"container medium\">\r\n        <div class=\"separator__line\"><\/div>\r\n    <\/div>\r\n<\/section>","protected":false},"excerpt":{"rendered":"","protected":false},"author":1,"featured_media":0,"parent":674,"menu_order":4,"comment_status":"closed","ping_status":"closed","template":"","meta":{"_acf_changed":false,"footnotes":""},"class_list":["post-873","page","type-page","status-publish","hentry"],"acf":[],"_links":{"self":[{"href":"https:\/\/rightsandresources.org\/livelihoods\/es\/wp-json\/wp\/v2\/pages\/873","targetHints":{"allow":["GET"]}}],"collection":[{"href":"https:\/\/rightsandresources.org\/livelihoods\/es\/wp-json\/wp\/v2\/pages"}],"about":[{"href":"https:\/\/rightsandresources.org\/livelihoods\/es\/wp-json\/wp\/v2\/types\/page"}],"author":[{"embeddable":true,"href":"https:\/\/rightsandresources.org\/livelihoods\/es\/wp-json\/wp\/v2\/users\/1"}],"replies":[{"embeddable":true,"href":"https:\/\/rightsandresources.org\/livelihoods\/es\/wp-json\/wp\/v2\/comments?post=873"}],"version-history":[{"count":0,"href":"https:\/\/rightsandresources.org\/livelihoods\/es\/wp-json\/wp\/v2\/pages\/873\/revisions"}],"up":[{"embeddable":true,"href":"https:\/\/rightsandresources.org\/livelihoods\/es\/wp-json\/wp\/v2\/pages\/674"}],"wp:attachment":[{"href":"https:\/\/rightsandresources.org\/livelihoods\/es\/wp-json\/wp\/v2\/media?parent=873"}],"curies":[{"name":"wp","href":"https:\/\/api.w.org\/{rel}","templated":true}]}}