{"id":869,"date":"2024-06-05T22:44:08","date_gmt":"2024-06-05T22:44:08","guid":{"rendered":"https:\/\/rightsandresources.org\/livelihoods\/mi-curso\/module-3-how-can-we-build-successful-livelihood-initiatives\/"},"modified":"2024-06-18T19:13:01","modified_gmt":"2024-06-18T19:13:01","slug":"module-3-how-can-we-build-successful-livelihood-initiatives","status":"publish","type":"page","link":"https:\/\/rightsandresources.org\/livelihoods\/es\/mi-curso\/module-3-how-can-we-build-successful-livelihood-initiatives\/","title":{"rendered":"M\u00f3dulo 3: \u00bfC\u00f3mo Construir Iniciativas De Medios De Vida Exitosas?"},"content":{"rendered":"\r\n<section class=\"hero hero--internal\" data-waypoint=\"0.25\">\r\n  <div class=\"hero__background\"><\/div>\r\n    <div class=\"container medium\">\r\n      <div class=\"hero__content\">\r\n      <div class=\"language-content no-margin\" data-waypoint=\"0.25\">\r\n        <div class=\"container medium\">\r\n            <div class=\"language-content__grid\">\r\n              <ul class=\"header-language\">\r\n                \n<div class=\"wpml-ls-statics-shortcode_actions wpml-ls wpml-ls-legacy-list-horizontal\">\n\t<ul><li class=\"wpml-ls-slot-shortcode_actions wpml-ls-item wpml-ls-item-en wpml-ls-first-item wpml-ls-item-legacy-list-horizontal\">\n\t\t\t\t<a href=\"https:\/\/rightsandresources.org\/livelihoods\/\" class=\"wpml-ls-link\">\n                    <span class=\"wpml-ls-display\">EN<\/span><\/a>\n\t\t\t<\/li><li class=\"wpml-ls-slot-shortcode_actions wpml-ls-item wpml-ls-item-fr wpml-ls-item-legacy-list-horizontal\">\n\t\t\t\t<a href=\"https:\/\/rightsandresources.org\/livelihoods\/fr\/\" class=\"wpml-ls-link\">\n                    <span class=\"wpml-ls-display\">FR<\/span><\/a>\n\t\t\t<\/li><li class=\"wpml-ls-slot-shortcode_actions wpml-ls-item wpml-ls-item-es wpml-ls-current-language wpml-ls-item-legacy-list-horizontal\">\n\t\t\t\t<a href=\"https:\/\/rightsandresources.org\/livelihoods\/es\/\" class=\"wpml-ls-link\">\n                    <span class=\"wpml-ls-native\">ES<\/span><\/a>\n\t\t\t<\/li><li class=\"wpml-ls-slot-shortcode_actions wpml-ls-item wpml-ls-item-ne wpml-ls-last-item wpml-ls-item-legacy-list-horizontal\">\n\t\t\t\t<a href=\"https:\/\/rightsandresources.org\/livelihoods\/ne\/\" class=\"wpml-ls-link\">\n                    <span class=\"wpml-ls-display\">NP<\/span><\/a>\n\t\t\t<\/li><\/ul>\n<\/div>\n              <\/ul>\r\n            <\/div>\r\n        <\/div>\r\n      <\/div>\r\n\r\n        <div class=\"hero__data\">\r\n            <h1 class=\"hero__title\"><p><strong>M\u00f3dulo 3: <\/strong>\u00bfC\u00f3mo Construir Iniciativas De Medios De Vida Exitosas?<\/p>\n<\/h1> \r\n        <\/div>\r\n        \r\n            \r\n              <div class=\"block__buttons-content\">\r\n                                            <a class=\"button button-solid-green\" href=\"https:\/\/rightsandresources.org\/livelihoods\/wp-content\/uploads\/2024\/06\/Modulo-3_-\u00bfComo-Construir-Iniciativas-De-Medios-De-Vida-Exitosas.pdf\" target=\"_blank\" download>\r\n        Descargar M\u00f3dulo        <\/a>\r\n                                                    <a class=\"button button-solid-blue\" href=\"https:\/\/rightsandresources.org\/livelihoods\/wp-content\/uploads\/2024\/06\/Livelihoods-Live-Sessions-Date_Times-Slide.pptx.pdf\" target=\"_blank\" download>\r\n        Sesi\u00f3n Online        <\/a>\r\n                                      <\/div>\r\n            \r\n      <\/div>\r\n    <\/div> \r\n<\/section>\r\n\r\n\n\n\n<section class=\"block-text-cover\" data-waypoint=\".25\"> \n  <div class=\"block-text-cover__background\">\n    <div class=\"container medium\">\n      <div class=\"content\">\n        <div class=\"data\">\n            <h3 class=\"title\">Introducci\u00f3n<\/h3> \n            <div class=\"text\"><p>En este m\u00f3dulo, exploraremos diversas estructuras de gobernanza, analizaremos los beneficios de organizarse colectivamente y profundizaremos en el mapeo del \u00abcapital social\u00bb para identificar posibles colaboradores tanto dentro como fuera de la comunidad.<\/p>\n<\/div> \n        <\/div>\n      <\/div>\n    <\/div> \n  <\/div>\n<\/section>\n\n\n\n\r\n\r\n<section class=\"block-title-solid\" id=\"block_de8d4330206a86e8ef48b6d59c9490d7\" data-waypoint=\".25\">\r\n    <div class=\"container medium\">\r\n        <div class=\"content\">\r\n            <h2 class=\"title\">Gobernanza comunitaria y medios de vida<\/h2> \r\n        <\/div>\r\n    <\/div>\r\n<\/section>\r\n \r\n\n\n\r\n\r\n<section class=\"block-copy-text\" data-waypoint=\".25\">\r\n    <div class=\"container medium\">\r\n                    <div class=\"block-copy-text__content\">\r\n                <div class=\"text\"><p>La gobernanza es un aspecto crucial para el desarrollo de medios de vida comunitarios. Puede considerarse como la forma en que las personas y las comunidades se ponen de acuerdo para organizarse, vivir y funcionar juntas. La historia, la cultura, el contexto, la sabidur\u00eda, las luchas y los modos de vida propios de cada comunidad y territorio influyen en sus estructuras y din\u00e1micas de poder (formas de organizar o compartir el poder, tanto de manera formal como informal). Las din\u00e1micas de gobernanza local determinan c\u00f3mo y qu\u00e9 puede surgir y mantenerse dentro de una comunidad y tambi\u00e9n pueden verse muy afectadas por factores jur\u00eddicos y pol\u00edticos externos.\u00a0<\/p>\n<p>La estructura de gobernanza (y la forma en que se desarrolla) influye en los medios de vida que pueden surgir y desarrollarse. El c\u00f3mo es sumamente importante, por ejemplo: qui\u00e9n participa, qui\u00e9n toma las decisiones, qu\u00e9 alianzas pueden establecerse, c\u00f3mo se distribuye el dinero o los ingresos, etc<\/p>\n<p>No existe una \u00abforma correcta\u00bb universal de la autogesti\u00f3n, ya que se desarrolla partir de las normas y pr\u00e1cticas existentes en una comunidad espec\u00edfica. Este m\u00f3dulo no compartir\u00e1 una lista definitiva de modelos de gobernanza, sino que se presentan varios estudios de casos y voces para reflexionar sobre la gobernanza y las estructuras de poder, y dialogaremos m\u00e1s sobre sus contextos en nuestras sesiones en directo.<\/p>\n<\/div>\r\n            <\/div>\r\n         \r\n    <\/div>\r\n<\/section>\r\n\r\n\n\n\r\n\r\n<section class=\"block-title-solid\" id=\"block_54b4069451db16462db99e468650cf61\" data-waypoint=\".25\">\r\n    <div class=\"container medium\">\r\n        <div class=\"content\">\r\n            <h2 class=\"title\">\u00bfQu\u00e9 Es El &quot;Capital Social&quot;?<\/h2> \r\n        <\/div>\r\n    <\/div>\r\n<\/section>\r\n \r\n\n\n\r\n\r\n<section class=\"block-copy-text\" data-waypoint=\".25\">\r\n    <div class=\"container medium\">\r\n                    <div class=\"block-copy-text__content\">\r\n                <div class=\"text\"><p>Al referirse espec\u00edficamente al \u00a8capital social\u00a8 en el marco de los Medios de Vida, <a href=\"https:\/\/drive.google.com\/file\/d\/18FFl3RWAB6CxBvJuGAozz8vHU52FWrBJ\/view?usp=drive_link\">Norman Rodea<\/a> nos invita a responder a algunas de las siguientes preguntas:<\/p>\n<ul>\n<li>\u00bfExisten grupos sociales organizados en la comunidad? \u00bfCu\u00e1les son los grupos existentes?\n<ul>\n<li>\u00bfCu\u00e1l es la din\u00e1mica de poder y las relaciones dentro de los grupos existentes?<\/li>\n<li>\u00bfC\u00f3mo se abordan los conflictos?<\/li>\n<\/ul>\n<\/li>\n<li>\u00bfC\u00f3mo es la estructura comunitaria de toma de decisiones, funciona o no funciona?\n<ul>\n<li>\u00bfCu\u00e1les son las presiones externas que generan tensi\u00f3n en la comunidad?<\/li>\n<\/ul>\n<\/li>\n<li>\u00bfQui\u00e9nes son las personas e instituciones con recursos fuera de la comunidad que pueden beneficiar a las iniciativas de medios de vida? Por ejemplo: funcionarios del gobierno, empresas, organizaciones de la sociedad civil, servicios p\u00fablicos.\n<ul>\n<li>\u00bfQu\u00e9 tipo de mercados econ\u00f3micos existen?<\/li>\n<li>\u00bfQu\u00e9 actores poderosos (dentro y fuera) de la comunidad se alinean con los valores y objetivos comunitarios?<\/li>\n<\/ul>\n<\/li>\n<\/ul>\n<\/div>\r\n            <\/div>\r\n         \r\n    <\/div>\r\n<\/section>\r\n\r\n\n\n\r\n\r\n<section class=\"block-title-solid\" id=\"block_a7e77eab426497b392ce4f0dd6786331\" data-waypoint=\".25\">\r\n    <div class=\"container medium\">\r\n        <div class=\"content\">\r\n            <h2 class=\"title\"> Din\u00e1micas De Poder Y Polaridades: \u00bfC\u00f3mo Navegar Las Tensiones?<\/h2> \r\n        <\/div>\r\n    <\/div>\r\n<\/section>\r\n \r\n\n\n\r\n\r\n<section class=\"block-copy-text\" data-waypoint=\".25\">\r\n    <div class=\"container medium\">\r\n                    <div class=\"block-copy-text__content\">\r\n                <div class=\"text\"><p>Muchas de las din\u00e1micas de poder que surgen cuando dialogamos sobre estructuras de organizaci\u00f3n y gobernanza reflejan tensiones internas y externas o fuerzas opuestas presentes dentro de las comunidades.\u00a0 A continuaci\u00f3n, compartimos una primera lista de algunas de estas tensiones y te invitamos a reflexionar sobre c\u00f3mo se manifiestan en tu comunidad en relaci\u00f3n con los medios de vida que has estado considerando.<\/p>\n<p>El <a href=\"https:\/\/drive.google.com\/file\/d\/1Mp8pTho__Jh4wiy0Q5IpHUrmv0pthn07\/view\">marco de polaridades<\/a>\u00a0 invita a mantener estas tensiones, buscando formas de apalancarlas e incluir la sabidur\u00eda de ambas partes, contrarrestando el peligro de dejarse llevar por la imposici\u00f3n de un extremo sobre el otro. La invitaci\u00f3n no es \u00abuna cosa versus la otra\u00bb, sino \u00abuna cosa y tambi\u00e9n la otra\u00bb, la pregunta es: \u00ab\u00bfQu\u00e9 hay que incorporar y aprovechar de cada polaridad?\u00bb.<\/p>\n<\/div>\r\n            <\/div>\r\n         \r\n    <\/div>\r\n<\/section>\r\n\r\n\n\n\n\n<section class=\"block-image\" data-waypoint=\".25\">\n    <div class=\"container medium\">\n        <div class=\"block-image__content\">\n                            <div class=\"block-image__image\">\n                    <img decoding=\"async\" width=\"1894\" height=\"1102\" src=\"https:\/\/rightsandresources.org\/livelihoods\/wp-content\/uploads\/2024\/06\/Screen-Shot-2024-06-10-at-16.21.27.png\" class=\"\" alt=\"\" loading=\"lazy\" srcset=\"https:\/\/rightsandresources.org\/livelihoods\/wp-content\/uploads\/2024\/06\/Screen-Shot-2024-06-10-at-16.21.27.png 1894w, https:\/\/rightsandresources.org\/livelihoods\/wp-content\/uploads\/2024\/06\/Screen-Shot-2024-06-10-at-16.21.27-1200x698.png 1200w, https:\/\/rightsandresources.org\/livelihoods\/wp-content\/uploads\/2024\/06\/Screen-Shot-2024-06-10-at-16.21.27-1856x1080.png 1856w, https:\/\/rightsandresources.org\/livelihoods\/wp-content\/uploads\/2024\/06\/Screen-Shot-2024-06-10-at-16.21.27-600x349.png 600w, https:\/\/rightsandresources.org\/livelihoods\/wp-content\/uploads\/2024\/06\/Screen-Shot-2024-06-10-at-16.21.27-768x447.png 768w, https:\/\/rightsandresources.org\/livelihoods\/wp-content\/uploads\/2024\/06\/Screen-Shot-2024-06-10-at-16.21.27-1536x894.png 1536w\" sizes=\"auto, (max-width: 1894px) 100vw, 1894px\" \/>                <\/div>\n                                <\/div>\n    <\/div>\n<\/section>\n\n\n\n\r\n\r\n<section class=\"block-title-solid\" id=\"block_de929fc1a1c27dee83ba6cfc72f64990\" data-waypoint=\".25\">\r\n    <div class=\"container medium\">\r\n        <div class=\"content\">\r\n            <h2 class=\"title\"> Explorando Los Principios De Una Econom\u00eda Ind\u00edgena En La Amazonia<\/h2> \r\n        <\/div>\r\n    <\/div>\r\n<\/section>\r\n \r\n\n\n\r\n\r\n<section class=\"block-copy-text\" data-waypoint=\".25\">\r\n    <div class=\"container medium\">\r\n                    <div class=\"block-copy-text__content\">\r\n                <div class=\"text\"><p>El siguiente v\u00eddeo es un ejemplo de c\u00f3mo navegan algunas de estas tensiones algunos grupos ind\u00edgenas de la Amazonia. \u00a8Los pueblos ind\u00edgenas y las comunidades locales de la Amazonia latinoamericana se acercan cada vez m\u00e1s al mercado buscando el valor de las cadenas de sociobiodiversidad forestal, y en esta relaci\u00f3n con el mercado se enfrentan a varios retos\u00bb.\u00a0<\/p>\n<p>Este v\u00eddeo responde a la pregunta \u00ab\u00bfQu\u00e9 es una econom\u00eda ind\u00edgena?\u00bb desde la perspectiva del Buen Vivir, que integra una visi\u00f3n del territorio, los conocimientos ancestrales y la armon\u00eda social y la gobernanza.<\/p>\n<\/div>\r\n            <\/div>\r\n         \r\n    <\/div>\r\n<\/section>\r\n\r\n\n\n\r\n\r\n<section class=\"block-video\" data-waypoint=\".25\">\r\n    <div class=\"container medium\">\r\n        <div class=\"block-video__content\">\r\n            <div class=\"image-background\">\r\n                <iframe loading=\"lazy\" title=\"\u00c9conomie autochtone \u2013 Forest Trends\" width=\"640\" height=\"360\" src=\"https:\/\/www.youtube.com\/embed\/dUJqntroZ2Q?feature=oembed\" frameborder=\"0\" allow=\"accelerometer; autoplay; clipboard-write; encrypted-media; gyroscope; picture-in-picture; web-share\" referrerpolicy=\"strict-origin-when-cross-origin\" allowfullscreen><\/iframe>                <div class=\"bg-background\"><\/div>\r\n            <\/div>\r\n        <\/div>\r\n                    <div class=\"caption\"><p>V\u00eddeo: Economia Ind\u00edgena\/Indigenous Economy(min 0:40 a 3:21)<\/p><\/div>\r\n            <\/div>\r\n<\/section>\r\n\r\n\n\n\r\n\r\n<section class=\"block-title-solid\" id=\"block_f95e8a94164b9f74779f8c1bfbdb5fbe\" data-waypoint=\".25\">\r\n    <div class=\"container medium\">\r\n        <div class=\"content\">\r\n            <h2 class=\"title\">Caso Pr\u00e1ctico Y V\u00eddeo: Comunidad Y Autonom\u00eda En La Sierra Norte De Oaxaca, M\u00e9xico <\/h2> \r\n        <\/div>\r\n    <\/div>\r\n<\/section>\r\n \r\n\n\n\r\n\r\n<section class=\"block-copy-text\" data-waypoint=\".25\">\r\n    <div class=\"container medium\">\r\n                    <div class=\"block-copy-text__content\">\r\n                <div class=\"text\"><p>Capul\u00e1lpam, situada en Oaxaca (M\u00e9xico), es una comunidad ind\u00edgena zapoteca conocida por sus pr\u00e1cticas sostenibles y su fuerte esp\u00edritu comunitario. En respuesta a la necesidad de ingresos locales y sostenibles, el pueblo desarroll\u00f3 cuatro empresas comunales principales: silvicultura sostenible, una empresa de materiales p\u00e9treos, ecoturismo y una planta embotelladora de agua. Estas empresas crean empleo, impulsan la econom\u00eda y financian proyectos sociales. \u00abLas empresas comunales nos ayudan a mantener nuestra autonom\u00eda, ya que los recursos estatales y federales son muy limitados\u00bb, afirma Miguel Mart\u00ednez (presidente de un consejo comunal). La gobernanza se basa en las asambleas comunales y el Consejo de Caracterizados, que preservan las pr\u00e1cticas tradicionales. Tambi\u00e9n han luchado contra las empresas mineras para proteger su entorno. \u00abQueremos un turismo que respete la naturaleza, nuestras costumbres, nuestros animales y nuestra agua\u00bb, afirma Edy Garc\u00eda, responsable de la empresa de ecoturismo.<\/p>\n<p>\ud83d\udcd6 Lee para m\u00e1s informaci\u00f3n,\u00a0 <a href=\"https:\/\/autonomias.org.mx\/capulalpam\/\">Capulalpam &#8211; Vientos de \u00edAutonom\u00eda<\/a>.<\/p>\n<p>El siguiente v\u00eddeo describe la creaci\u00f3n de la Cooperativa de Mujeres Capulli en Capulalpam, que promueve la medicina tradicional y la transmite a las nuevas generaciones.<\/p>\n<\/div>\r\n            <\/div>\r\n         \r\n    <\/div>\r\n<\/section>\r\n\r\n\n\n\r\n\r\n<section class=\"block-video\" data-waypoint=\".25\">\r\n    <div class=\"container medium\">\r\n        <div class=\"block-video__content\">\r\n            <div class=\"image-background\">\r\n                <iframe loading=\"lazy\" title=\"Cooperativa de mujeres Capulli promueven sanaci\u00f3n en Capul\u00e1lpam\" width=\"640\" height=\"360\" src=\"https:\/\/www.youtube.com\/embed\/CpeN4t76Le8?feature=oembed\" frameborder=\"0\" allow=\"accelerometer; autoplay; clipboard-write; encrypted-media; gyroscope; picture-in-picture; web-share\" referrerpolicy=\"strict-origin-when-cross-origin\" allowfullscreen><\/iframe>                <div class=\"bg-background\"><\/div>\r\n            <\/div>\r\n        <\/div>\r\n                    <div class=\"caption\"><p>Video (3:09): Cooperativa de mujeres Capulli promueven sanaci\u00f3n en Capul\u00e1lpam<br \/>\r\n<\/p><\/div>\r\n            <\/div>\r\n<\/section>\r\n\r\n\n\n\r\n\r\n<section class=\"block-title-solid\" id=\"block_cdef811b0a63ef118fc9494ef6751ed1\" data-waypoint=\".25\">\r\n    <div class=\"container medium\">\r\n        <div class=\"content\">\r\n            <h2 class=\"title\">Navegar El Poder Fuera De Su Territorio\/Comunidad<\/h2> \r\n        <\/div>\r\n    <\/div>\r\n<\/section>\r\n \r\n\n\n\r\n\r\n<section class=\"block-copy-text\" data-waypoint=\".25\">\r\n    <div class=\"container medium\">\r\n                    <div class=\"block-copy-text__content\">\r\n                <div class=\"text\"><p>Tambi\u00e9n hay portadores de poder externos que pueden ayudar u obstaculizar los medios de vida en nuestros territorios o comunidades, como: vecinos, asociaciones con individuos u otras comunidades\/empresas, asociaciones, organizaciones sin \u00e1nimo de lucro, peque\u00f1as empresas, grandes corporaciones, gobiernos, etc., a sabiendas que \u00e9stas relaciones posible alianzas tambi\u00e9n conllevan din\u00e1micas de poder.<\/p>\n<p>Para evaluar las oportunidades y las din\u00e1mica de poder presentes con posibles alianzas, asociaciones y colaboraciones externas, considera lo siguiente:<\/p>\n<ol>\n<li>Identifica posibles aliados y colaboradores a los que tengan acceso los miembros de la comunidad (por ejemplo: empresarios, funcionarios p\u00fablicos, acad\u00e9micos, movilizadores sociales, personas con acceso a otras redes).<\/li>\n<li>Define el tipo de poder que tienen o representan<\/li>\n<li>Analiza si estos posibles colaboradores coinciden con los objetivos y valores de la comunidad.<\/li>\n<li>Decide si desean buscar alianzas bas\u00e1ndose con dichos actores con la informaci\u00f3n analizada<\/li>\n<\/ol>\n<p>&nbsp;<\/p>\n<p>\ud83d\udcd6Lee m\u00e1s sobre herramientas para hacer un an\u00e1lisis de poder:\u00a0 <a href=\"https:\/\/drive.google.com\/file\/d\/1ZJm0eUtWJylPQGT5oOidtjapQIYMpete\/view\">Gu\u00eda para el an\u00e1lisis del poder en la organizaci\u00f3n comunitaria &#8211; Los Comunes<\/a>.<\/p>\n<\/div>\r\n            <\/div>\r\n         \r\n    <\/div>\r\n<\/section>\r\n\r\n\n\n\r\n\r\n<section class=\"block-title-solid\" id=\"block_721f9e64cd9f595d6a8cad186f40ab32\" data-waypoint=\".25\">\r\n    <div class=\"container medium\">\r\n        <div class=\"content\">\r\n            <h2 class=\"title\">Tarea<\/h2> \r\n        <\/div>\r\n    <\/div>\r\n<\/section>\r\n \r\n\n\n\r\n\r\n<section class=\"block-copy-text\" data-waypoint=\".25\">\r\n    <div class=\"container medium\">\r\n                    <div class=\"block-copy-text__content\">\r\n                <div class=\"text\"><p><em>Actividades para completar despu\u00e9s de la tercera sesi\u00f3n virtual.<\/p>\n<p><\/em><\/p>\n<\/div>\r\n            <\/div>\r\n         \r\n    <\/div>\r\n<\/section>\r\n\r\n\n\n\n\n\n<section class=\"block-homework\" data-waypoint=\".1\">\n    <div class=\"container medium\">\n                                    <div class=\"homework-item\">\n                    <div class=\"title\"><p><a href=\"https:\/\/drive.google.com\/file\/d\/1Bo1vb2KMA_TUYFE_zf5u7WLuC1r0FKDT\/view?usp=sharing\" target=\"_blank\" rel=\"noopener\"><strong>Actividades de grupo (de 90 a 120 minutos)<\/strong><\/a><\/p>\n<p>Un ejercicio de mapeo para identificar los activos sociales y f\u00edsicos de su territorio e identificar ideas de iniciativas de medios de vida.<\/p>\n<p>&nbsp;<\/p>\n<div id=\"gtx-trans\" style=\"position: absolute;left: -14px;top: 37.6667px\">\n<div class=\"gtx-trans-icon\"><\/div>\n<\/div>\n<\/div>\n\n                                    <\/div>\n                \n                     \n    <\/div>\n<\/section>\n\n","protected":false},"excerpt":{"rendered":"","protected":false},"author":1,"featured_media":0,"parent":674,"menu_order":3,"comment_status":"closed","ping_status":"closed","template":"","meta":{"_acf_changed":false,"footnotes":""},"class_list":["post-869","page","type-page","status-publish","hentry"],"acf":[],"_links":{"self":[{"href":"https:\/\/rightsandresources.org\/livelihoods\/es\/wp-json\/wp\/v2\/pages\/869","targetHints":{"allow":["GET"]}}],"collection":[{"href":"https:\/\/rightsandresources.org\/livelihoods\/es\/wp-json\/wp\/v2\/pages"}],"about":[{"href":"https:\/\/rightsandresources.org\/livelihoods\/es\/wp-json\/wp\/v2\/types\/page"}],"author":[{"embeddable":true,"href":"https:\/\/rightsandresources.org\/livelihoods\/es\/wp-json\/wp\/v2\/users\/1"}],"replies":[{"embeddable":true,"href":"https:\/\/rightsandresources.org\/livelihoods\/es\/wp-json\/wp\/v2\/comments?post=869"}],"version-history":[{"count":0,"href":"https:\/\/rightsandresources.org\/livelihoods\/es\/wp-json\/wp\/v2\/pages\/869\/revisions"}],"up":[{"embeddable":true,"href":"https:\/\/rightsandresources.org\/livelihoods\/es\/wp-json\/wp\/v2\/pages\/674"}],"wp:attachment":[{"href":"https:\/\/rightsandresources.org\/livelihoods\/es\/wp-json\/wp\/v2\/media?parent=869"}],"curies":[{"name":"wp","href":"https:\/\/api.w.org\/{rel}","templated":true}]}}