{"id":862,"date":"2024-06-05T22:42:37","date_gmt":"2024-06-05T22:42:37","guid":{"rendered":"https:\/\/rightsandresources.org\/livelihoods\/mi-curso\/module-1-what-is-our-shared-understanding-of-livelihoods\/"},"modified":"2024-06-17T12:47:01","modified_gmt":"2024-06-17T12:47:01","slug":"module-1-what-is-our-shared-understanding-of-livelihoods","status":"publish","type":"page","link":"https:\/\/rightsandresources.org\/livelihoods\/es\/mi-curso\/module-1-what-is-our-shared-understanding-of-livelihoods\/","title":{"rendered":"M\u00f3dulo 1: \u00a0\u00bfQu\u00e9 Entendemos Por Medios De Vida?"},"content":{"rendered":"\r\n<section class=\"hero hero--internal\" data-waypoint=\"0.25\">\r\n  <div class=\"hero__background\"><\/div>\r\n    <div class=\"container medium\">\r\n      <div class=\"hero__content\">\r\n      <div class=\"language-content no-margin\" data-waypoint=\"0.25\">\r\n        <div class=\"container medium\">\r\n            <div class=\"language-content__grid\">\r\n              <ul class=\"header-language\">\r\n                \n<div class=\"wpml-ls-statics-shortcode_actions wpml-ls wpml-ls-legacy-list-horizontal\">\n\t<ul><li class=\"wpml-ls-slot-shortcode_actions wpml-ls-item wpml-ls-item-en wpml-ls-first-item wpml-ls-item-legacy-list-horizontal\">\n\t\t\t\t<a href=\"https:\/\/rightsandresources.org\/livelihoods\/\" class=\"wpml-ls-link\">\n                    <span class=\"wpml-ls-display\">EN<\/span><\/a>\n\t\t\t<\/li><li class=\"wpml-ls-slot-shortcode_actions wpml-ls-item wpml-ls-item-fr wpml-ls-item-legacy-list-horizontal\">\n\t\t\t\t<a href=\"https:\/\/rightsandresources.org\/livelihoods\/fr\/\" class=\"wpml-ls-link\">\n                    <span class=\"wpml-ls-display\">FR<\/span><\/a>\n\t\t\t<\/li><li class=\"wpml-ls-slot-shortcode_actions wpml-ls-item wpml-ls-item-es wpml-ls-current-language wpml-ls-item-legacy-list-horizontal\">\n\t\t\t\t<a href=\"https:\/\/rightsandresources.org\/livelihoods\/es\/\" class=\"wpml-ls-link\">\n                    <span class=\"wpml-ls-native\">ES<\/span><\/a>\n\t\t\t<\/li><li class=\"wpml-ls-slot-shortcode_actions wpml-ls-item wpml-ls-item-ne wpml-ls-last-item wpml-ls-item-legacy-list-horizontal\">\n\t\t\t\t<a href=\"https:\/\/rightsandresources.org\/livelihoods\/ne\/\" class=\"wpml-ls-link\">\n                    <span class=\"wpml-ls-display\">NP<\/span><\/a>\n\t\t\t<\/li><\/ul>\n<\/div>\n              <\/ul>\r\n            <\/div>\r\n        <\/div>\r\n      <\/div>\r\n\r\n        <div class=\"hero__data\">\r\n            <h1 class=\"hero__title\"><p><span style=\"font-weight: 400\"><strong>M\u00f3dulo 1<\/strong>: <\/span><span style=\"font-weight: 400\">\u00bfQu\u00e9 Entendemos Por Medios De Vida?<\/span><\/p>\n<\/h1> \r\n        <\/div>\r\n        \r\n            \r\n              <div class=\"block__buttons-content\">\r\n                                            <a class=\"button button-solid-green\" href=\"https:\/\/rightsandresources.org\/livelihoods\/wp-content\/uploads\/2024\/06\/Modulo-1_-\u00bfQue-Entendemos-Por-Medios-De-Vida.pdf\" target=\"_blank\" download>\r\n        Descargar M\u00f3dulo        <\/a>\r\n                                                    <a class=\"button button-solid-blue\" href=\"https:\/\/rightsandresources.org\/livelihoods\/wp-content\/uploads\/2024\/06\/Livelihoods-Live-Sessions-Date_Times-Slide.pptx.pdf\" target=\"_blank\" download>\r\n        Sesi\u00f3n Online        <\/a>\r\n                                      <\/div>\r\n            \r\n      <\/div>\r\n    <\/div> \r\n<\/section>\r\n\r\n\n\n\n<section class=\"block-text-cover\" data-waypoint=\".25\"> \n  <div class=\"block-text-cover__background\">\n    <div class=\"container medium\">\n      <div class=\"content\">\n        <div class=\"data\">\n            <h3 class=\"title\">Introducci\u00f3n:<\/h3> \n            <div class=\"text\"><p><span style=\"font-weight: 400\">En este m\u00f3dulo aprenderemos juntos explorando las diversas perspectivas, voces y experiencias que conforman nuestra comprensi\u00f3n colectiva de los medios de vida.\u00a0<\/span><\/p>\n<p><span style=\"font-weight: 400\">Reflexionar\u00e1n sobre los valores y las visiones de bienestar de su comunidad. Describiremos los medios de vida sostenibles tanto en la teor\u00eda como en la pr\u00e1ctica, y empezaremos a trazar un mapa de los capitales o activos (lo que la gente utiliza para ganarse la vida) que existen en tu territorio y comunidades. En este m\u00f3dulo tambi\u00e9n empezaremos a cultivar una base de confianza y entendimiento mutuo a trav\u00e9s de la exploraci\u00f3n conjunta de iniciativas innovadoras de medios de vida<\/span><\/p>\n<\/div> \n        <\/div>\n      <\/div>\n    <\/div> \n  <\/div>\n<\/section>\n\n\n\n\r\n\r\n<section class=\"block-title-solid\" id=\"block_fffab888c285d9272ab0a107bd99e5e9\" data-waypoint=\".25\">\r\n    <div class=\"container medium\">\r\n        <div class=\"content\">\r\n            <h2 class=\"title\"> \u00bfQu\u00e9 Son Los Medios De Vida?<\/h2> \r\n        <\/div>\r\n    <\/div>\r\n<\/section>\r\n \r\n\n\n\r\n\r\n<section class=\"block-copy-text\" data-waypoint=\".25\">\r\n    <div class=\"container medium\">\r\n                    <div class=\"block-copy-text__content\">\r\n                <div class=\"text\"><p><span style=\"font-weight: 400\">La definici\u00f3n de medios de vida puede variar en funci\u00f3n de la comunidad, la cultura, los valores o el contexto en el que se viva o trabaje. Para algunos es simplemente la forma en que la gente se provee para su subsistencia, para otros, los medios de vida forman parte de su identidad, o podr\u00eda ser simplemente un trabajo. Tambi\u00e9n puede significar crear un negocio o una empresa colectiva m\u00e1s amplia con tu comunidad.\u00a0<\/span><\/p>\n<p><span style=\"font-weight: 400\">Dentro de la coalici\u00f3n de RRI y de nuestras redes, hemos hablado de medios de vida sostenibles, medios de vida autodeterminados o seguridad de los medios de vida para referirnos a la capacidad de las poblaciones locales para satisfacer sus necesidades inmediatas y proporcionar un futuro viable a las generaciones venideras, lo que afecta a su capacidad para perseguir otros objetivos y prioridades, incluida la defensa de sus derechos sobre la tierra. Al mismo tiempo, la seguridad de la tenencia de la tierra determina las oportunidades de subsistencia de las comunidades y la posibilidad de establecer relaciones justas y equitativas dentro de la sociedad, como comunidades cercanas, gobiernos o empresas.<\/span><\/p>\n<p>&nbsp;<\/p>\n<\/div>\r\n            <\/div>\r\n         \r\n    <\/div>\r\n<\/section>\r\n\r\n\n\n\r\n\r\n<section class=\"block-title-solid\" id=\"block_4be18568b5b65a68daf127e2af1c919f\" data-waypoint=\".25\">\r\n    <div class=\"container medium\">\r\n        <div class=\"content\">\r\n            <h2 class=\"title\"> Introducci\u00f3n  A Los Medios De Vida<\/h2> \r\n        <\/div>\r\n    <\/div>\r\n<\/section>\r\n \r\n\n\n\r\n\r\n<section class=\"block-copy-text\" data-waypoint=\".25\">\r\n    <div class=\"container medium\">\r\n                    <div class=\"block-copy-text__content\">\r\n                <div class=\"text\"><p>Del libro: <strong><a href=\"https:\/\/drive.google.com\/file\/d\/1G-Q0Cley63Kk8peWarXwsqUVbNQkO2LE\/view?usp=sharing\" target=\"_blank\" rel=\"noopener\">Medios de vida e innovaci\u00f3n territorial para el fortalecimiento de la armon\u00eda comunitaria<\/a><\/strong><\/p>\n<p>\u00abLas actividades que desarrollan las familias dependen de sus medios de vida (lo que tenemos), entendidos como los recursos utilizados por los grupos dom\u00e9sticos para poder vivir al d\u00eda y conseguir sus prop\u00f3sitos de futuro inmediatos. Los medios de vida que ponen en juego las familias pueden ser los conocimientos y habilidades individuales (capital humano), la tierra y el agua (capital natural), el ahorro y las infraestructuras (capital financiero y f\u00edsico respectivamente), as\u00ed como las relaciones de colaboraci\u00f3n entre hogares y comunidades, tanto formales como informales, que ayudan en los proyectos que se llevan a cabo (capital social).<\/p>\n<p>Las familias combinan los medios de vida su alcance mediante un conjunto de actividades que denominamos estrategias de vida (lo que somos capaces de hacer). Esta estrategia de vida permite a la familia satisfacer, o no, sus necesidades inmediatas, como alimentaci\u00f3n, vestido, vivienda, educaci\u00f3n, salud, entre otras. Del mismo modo, las familias buscan alcanzar prop\u00f3sitos intangibles, como una alimentaci\u00f3n sana, suficiente y aut\u00f3noma. Prop\u00f3sitos tangibles e intangibles conforman los resultados esperados o deseados (lo que queremos hacer).\u00bb<\/p>\n<p><i>Del libro: <\/i><a href=\"https:\/\/drive.google.com\/file\/d\/1G-Q0Cley63Kk8peWarXwsqUVbNQkO2LE\/view?usp=sharing\" target=\"_blank\" rel=\"noopener\"><i>Medios de vida e innovaci\u00f3n territorial para el fortalecimiento de la armon\u00eda comunitaria<\/i><\/a><i> (p\u00e1gina 21).<\/i><\/p>\n<\/div>\r\n            <\/div>\r\n         \r\n    <\/div>\r\n<\/section>\r\n\r\n\n\n\r\n\r\n<section class=\"block-title-solid\" id=\"block_d2819f5ba93a898f672711a462175dec\" data-waypoint=\".25\">\r\n    <div class=\"container medium\">\r\n        <div class=\"content\">\r\n            <h2 class=\"title\"> Estudio De Caso: Producci\u00f3n De Energ\u00eda Limpia Con Residuos De Yuca<\/h2> \r\n        <\/div>\r\n    <\/div>\r\n<\/section>\r\n \r\n\n\n\r\n\r\n<section class=\"block-copy-text\" data-waypoint=\".25\">\r\n    <div class=\"container medium\">\r\n                    <div class=\"block-copy-text__content\">\r\n                <div class=\"text\"><p><span style=\"font-weight: 400\">El v\u00eddeo muestra una iniciativa de producci\u00f3n sostenible de mandioca en Adou du Bata (Ben\u00edn), donde las mujeres de una cooperativa, dirigida por Nakaya, han transformado sus medios de vida mediante m\u00e9todos de producci\u00f3n circular. La cooperativa utiliza los residuos de la mandioca para generar biog\u00e1s, que luego se utiliza para procesar la mandioca, reduciendo significativamente su dependencia de la quema de madera y mitigando la deforestaci\u00f3n. Esto tambi\u00e9n ayuda a proteger la salud de las mujeres que est\u00e1n expuestas a la quema de madera. Adem\u00e1s, la producci\u00f3n de biog\u00e1s genera abono org\u00e1nico, mejorando la fertilidad del suelo para futuros cultivos de mandioca. Este enfoque circular no s\u00f3lo impulsa las actividades econ\u00f3micas de la cooperativa de mujeres, sino que tambi\u00e9n promueve la sostenibilidad del medioambiente y mejora las condiciones de salud de las mujeres que participan en el procesamiento de la mandioca.<\/span><\/p>\n<\/div>\r\n            <\/div>\r\n         \r\n    <\/div>\r\n<\/section>\r\n\r\n\n\n\r\n\r\n<section class=\"block-video\" data-waypoint=\".25\">\r\n    <div class=\"container medium\">\r\n        <div class=\"block-video__content\">\r\n            <div class=\"image-background\">\r\n                <iframe loading=\"lazy\" title=\"Au B\u00e9nin, des d\u00e9chets du manioc pour produire de l&#039;e\u0301nergie propre.\" width=\"640\" height=\"360\" src=\"https:\/\/www.youtube.com\/embed\/Ps8gOueMXrs?feature=oembed\" frameborder=\"0\" allow=\"accelerometer; autoplay; clipboard-write; encrypted-media; gyroscope; picture-in-picture; web-share\" referrerpolicy=\"strict-origin-when-cross-origin\" allowfullscreen><\/iframe>                <div class=\"bg-background\"><\/div>\r\n            <\/div>\r\n        <\/div>\r\n                    <div class=\"caption\"><p>V\u00eddeo: En Ben\u00edn, residuos de mandioca para producir energ\u00eda limpia 11 minutos<\/p><\/div>\r\n            <\/div>\r\n<\/section>\r\n\r\n\n\n\r\n\r\n<section class=\"block-title-solid\" id=\"block_06fd067f805ced4bdc6b3dd9b1a7b85f\" data-waypoint=\".25\">\r\n    <div class=\"container medium\">\r\n        <div class=\"content\">\r\n            <h2 class=\"title\">Estudio De caso: Comunidades Ind\u00edgenas Luchan Contra el Monocultivo Y Crean &quot;Bioeconom\u00edas&quot; En La Amazonia Brasile\u00f1a <\/h2> \r\n        <\/div>\r\n    <\/div>\r\n<\/section>\r\n \r\n\n\n\r\n\r\n<section class=\"block-copy-text\" data-waypoint=\".25\">\r\n    <div class=\"container medium\">\r\n                    <div class=\"block-copy-text__content\">\r\n                <div class=\"text\"><p><span style=\"font-weight: 400\">Las comunidades ind\u00edgenas del Mosaico Tupi de Brasil est\u00e1n desarrollando empresas econ\u00f3micas que promueven la conservaci\u00f3n de los bosques. <em>\u00abEl paradigma actual de desarrollo econ\u00f3mico en la Amazonia se basa en econom\u00edas de un solo producto, como la carne de vaca, la soja y el aceite de palma\u00bb<\/em>.\u00a0 Sin embargo, hay otros modelos para hacer negocios, como a trav\u00e9s de \u00ab<em>los sistemas tradicionales de la Amazonia que se basan en la diversidad, no en el monocultivo, donde las comunidades locales e ind\u00edgenas han estado aprovechando una multitud de cultivos y alimentos recolectados de forma silvestre durante generaciones, aprovechando cuidadosamente los diferentes tipos de bosques y \u00e1reas cultivadas, y manteniendo intacto el paisaje en general.\u00bb<\/em> Las cadenas de valor que se han desarrollado con el acompa\u00f1amiento de Forest Trends son el aca\u00ed, los productos artesanales, las nueces de Brasil, el cacao y un modelo de negocio para el cultivo de semillas aut\u00f3ctonas.\u00a0<\/span><\/p>\n<p><span style=\"font-weight: 400\">Lea las siguientes p\u00e1ginas de este ilustrativo informe para m\u00e1s informaci\u00f3n: <\/span><a href=\"https:\/\/www.forest-trends.org\/wp-content\/uploads\/2023\/01\/Forest-based-Value-Chains-Forest-Trends-UPDATED.pdf\"><strong>Una nueva bioeconom\u00eda en la selva amaz\u00f3nica<\/strong><\/a><\/p>\n<p><span style=\"font-weight: 400\">\ud83d\udcd6 <a href=\"https:\/\/drive.google.com\/file\/d\/1MXRn34f9eKUMZp9__Un3Y98dlsF3l9yg\/view\">Lee las p\u00e1ginas 17 y 18 para conocer la cadena de valor del a\u00e7a\u00ed<\/a><\/span><\/p>\n<p><span style=\"font-weight: 400\">\ud83d\udcd6<a href=\"https:\/\/drive.google.com\/file\/d\/1ljX_enYYl6lIzDoiphqIY34oUG9gYfdv\/view\">Lee las p\u00e1ginas 21 y 22 para conocer los productos artesanos<\/a>\u00a0<\/span><\/p>\n<\/div>\r\n            <\/div>\r\n         \r\n    <\/div>\r\n<\/section>\r\n\r\n\n\n\r\n\r\n<section class=\"block-title-solid\" id=\"block_4ae1ea9c779a47ed11f612f8b03b9809\" data-waypoint=\".25\">\r\n    <div class=\"container medium\">\r\n        <div class=\"content\">\r\n            <h2 class=\"title\">Mapear Los Activos O Capitales De Vida <\/h2> \r\n        <\/div>\r\n    <\/div>\r\n<\/section>\r\n \r\n\n\n\r\n\r\n<section class=\"block-copy-text\" data-waypoint=\".25\">\r\n    <div class=\"container medium\">\r\n                    <div class=\"block-copy-text__content\">\r\n                <div class=\"text\"><p><span style=\"font-weight: 400\">Reflexionar sobre los activos o el capital de su comunidad o territorio (lo que la gente utiliza para ganarse la vida) son los primeros pasos importantes para idear posibles medios de vida.<\/span><\/p>\n<p>Los activos pueden clasificarse en cinco tipos:<\/p>\n<ol>\n<li><strong>El capital humano<\/strong> es la parte de los recursos humanos que viene determinada por las cualidades de las personas, por ejemplo, sus personalidades, actitudes, aptitudes, habilidades, conocimientos, tambi\u00e9n su salud f\u00edsica, mental y espiritual.<\/li>\n<li><strong>El capital social<\/strong> es la parte de los recursos humanos determinada por las relaciones que las personas mantienen con otras. Estas relaciones pueden ser entre familiares, amigos, trabajadores, comunidades y organizaciones.<\/li>\n<li><strong>El capital natural<\/strong> est\u00e1 formado por los recursos naturales utilizados por las personas: aire, tierra, suelo, minerales, agua, vida vegetal y animal. Proporcionan bienes y servicios, ya sea sin la influencia de las personas, (fauna forestal, conformaci\u00f3n del suelo) o con su intervenci\u00f3n activa (cultivos agr\u00edcolas, plantaciones de \u00e1rboles). El capital natural puede medirse en t\u00e9rminos de cantidad y calidad (superficie, cabezas de ganado, diversidad y fertilidad).<\/li>\n<li><strong>El capital f\u00edsico<\/strong> se deriva de los recursos creados por las personas. Incluye edificios, carreteras, transporte, agua potable, electricidad, sistemas de comunicaci\u00f3n y equipos y maquinaria que producen m\u00e1s capital. El capital f\u00edsico se compone de bienes y servicios de producci\u00f3n y bienes de consumo que est\u00e1n a disposici\u00f3n de las personas para su uso.<\/li>\n<li><strong>El capital financiero <\/strong>comprende la financiaci\u00f3n disponible para las personas en forma de salarios, ahorros, suministros de cr\u00e9dito, remesas o pensiones. Suele ser, por definici\u00f3n, el activo m\u00e1s limitante de los pobres.<\/li>\n<\/ol>\n<p><span style=\"font-weight: 400\">Diferentes personas tambi\u00e9n acceder\u00e1n a los activos de diferentes maneras, por ejemplo, a trav\u00e9s de la propiedad privada, la propiedad colectiva o como derecho consuetudinario.<\/span><\/p>\n<p>&nbsp;<\/p>\n<p><span style=\"font-weight: 400\">\ud83d\udcd6 Lee m\u00e1s sobre los pilares y capitales de los medios de vida aqu\u00ed: <\/span><strong><a href=\"https:\/\/drive.google.com\/file\/d\/1mxG03p_EPyq649oMHDeSrdrksGfcrMUf\/view\">\u00a0La gesti\u00f3n de la agrobiodiversidad desde la perspectiva de los medios de vida sostenibles<\/a><\/strong><span style=\"font-weight: 400\"> (hasta la secci\u00f3n \u00abEquilibrio\u00bb)\u00a0<\/span><\/p>\n<\/div>\r\n            <\/div>\r\n         \r\n    <\/div>\r\n<\/section>\r\n\r\n\n\n\r\n\r\n<section class=\"block-title-solid\" id=\"block_68beeac83acd2e7aed9902b39fb81cab\" data-waypoint=\".25\">\r\n    <div class=\"container medium\">\r\n        <div class=\"content\">\r\n            <h2 class=\"title\">Modos De Vida, Un Enfoque De Los Medios De Vida Basado En Valores <\/h2> \r\n        <\/div>\r\n    <\/div>\r\n<\/section>\r\n \r\n\n\n\r\n\r\n<section class=\"block-copy-text\" data-waypoint=\".25\">\r\n    <div class=\"container medium\">\r\n                    <div class=\"block-copy-text__content\">\r\n                <div class=\"text\"><p><span style=\"font-weight: 400\">El manual \u00ab<em>Medios de Vida e Innovaci\u00f3n Territorial para el Fortalecimiento de la Armon\u00eda Comunitaria\u00bb<\/em> del Colegio de la Frontera Sur en Chiapas, M\u00e9xico, introduce el concepto de <em>\u00abModos de Vida\u00bb<\/em> como un enfoque de los medios de vida basado en valores. Los modos de vida en este marco territorial se describe de la siguiente manera:<\/span><\/p>\n<p style=\"text-align: center\"><span style=\"font-weight: 400\">\u00a0<\/span><em><span style=\"font-weight: 400\">\u201cEs todo lo que da fruto a nuestro alrededor.\u00a8<\/span><\/em><\/p>\n<p style=\"text-align: center\"><em><span style=\"font-weight: 400\">\u00a8Saber utilizar lo que tiene vida y\u00a0<\/span><\/em><\/p>\n<p style=\"text-align: center\"><em><span style=\"font-weight: 400\">lo que no tiene vida\u00bb.\u00a0<\/span><\/em><\/p>\n<p><span style=\"font-weight: 400\">Los autores sugieren que nos hagamos estas preguntas antes de empezar a marear los capitales de nuestra comunidad: <em>\u00a8\u00bfQu\u00e9 queremos cambiar? \u00bfCu\u00e1les son los valores que ayudan al cambio de estrategia?&#8230;ya que \u00e9stos son simplemente un medio para identificar los resultados que esperamos, y no el fin en s\u00ed mismo.\u00a0<\/em><\/span><\/p>\n<p><em><span style=\"font-weight: 400\">Los modos de vida comprenden las estrategias seguidas por las comunidades en funci\u00f3n de sus capitales disponibles para satisfacer sus necesidades, de acuerdo con sus valores. Los modos de vida no son est\u00e1ticos, se dinamizan con las innovaciones territoriales que las comunidades ponen a prueba constantemente.\u00a8<\/span><\/em><\/p>\n<p><span style=\"font-weight: 400\">\ud83d\udcd6 <a href=\"https:\/\/drive.google.com\/file\/d\/1VZTXQsk9RlJOfEnPHcqnaBT0Zd6ZhImy\/view\">Lee las p\u00e1ginas 24, 25 y 26<\/a> para obtener una visi\u00f3n general de Modos de Vida en\u00a0 <\/span><strong><a href=\"https:\/\/drive.google.com\/file\/d\/1VZTXQsk9RlJOfEnPHcqnaBT0Zd6ZhImy\/view\">Medios de vida e innovaci\u00f3n territorial para el fortalecimiento de la armon\u00eda comunitaria<\/a>.<\/strong><\/p>\n<p>&nbsp;<\/p>\n<div id=\"gtx-trans\" style=\"position: absolute;left: -26px;top: 374.667px\">\n<div class=\"gtx-trans-icon\"><\/div>\n<\/div>\n<\/div>\r\n            <\/div>\r\n         \r\n    <\/div>\r\n<\/section>\r\n\r\n\n\n\n\n<section class=\"block-image\" data-waypoint=\".25\">\n    <div class=\"container medium\">\n        <div class=\"block-image__content\">\n                            <div class=\"block-image__image\">\n                    <img decoding=\"async\" width=\"1004\" height=\"1160\" src=\"https:\/\/rightsandresources.org\/livelihoods\/wp-content\/uploads\/2024\/05\/Screen-Shot-2024-05-30-at-16.40.02.png\" class=\"\" alt=\"\" loading=\"lazy\" srcset=\"https:\/\/rightsandresources.org\/livelihoods\/wp-content\/uploads\/2024\/05\/Screen-Shot-2024-05-30-at-16.40.02.png 1004w, https:\/\/rightsandresources.org\/livelihoods\/wp-content\/uploads\/2024\/05\/Screen-Shot-2024-05-30-at-16.40.02-779x900.png 779w, https:\/\/rightsandresources.org\/livelihoods\/wp-content\/uploads\/2024\/05\/Screen-Shot-2024-05-30-at-16.40.02-935x1080.png 935w, https:\/\/rightsandresources.org\/livelihoods\/wp-content\/uploads\/2024\/05\/Screen-Shot-2024-05-30-at-16.40.02-519x600.png 519w, https:\/\/rightsandresources.org\/livelihoods\/wp-content\/uploads\/2024\/05\/Screen-Shot-2024-05-30-at-16.40.02-768x887.png 768w\" sizes=\"auto, (max-width: 1004px) 100vw, 1004px\" \/>                <\/div>\n                                <\/div>\n    <\/div>\n<\/section>\n\n\n\n\r\n\r\n<section class=\"block-title-solid\" id=\"block_006c4d6d3299150b71873b9ab26c6771\" data-waypoint=\".25\">\r\n    <div class=\"container medium\">\r\n        <div class=\"content\">\r\n            <h2 class=\"title\">Tarea<\/h2> \r\n        <\/div>\r\n    <\/div>\r\n<\/section>\r\n \r\n\n\n\r\n\r\n<section class=\"block-copy-text\" data-waypoint=\".25\">\r\n    <div class=\"container medium\">\r\n                    <div class=\"block-copy-text__content\">\r\n                <div class=\"text\"><p><em><span style=\"font-weight: 400\">Actividades para realizar despu\u00e9s de la primera sesi\u00f3n virtual.<br \/>\nDuraci\u00f3n aproximada: 1 hora y 30 minutos.<\/span><\/em><\/p>\n<\/div>\r\n            <\/div>\r\n         \r\n    <\/div>\r\n<\/section>\r\n\r\n\n\n\n\n\n<section class=\"block-homework\" data-waypoint=\".1\">\n    <div class=\"container medium\">\n                                    <div class=\"homework-item\">\n                    <div class=\"title\"><p><a href=\"https:\/\/drive.google.com\/file\/d\/1y-74WtMf6pWTXrUl1sbmJfmBzNnZTtN2\/view?usp=sharing\" target=\"_blank\" rel=\"noopener\"><strong>Actividad individual (30min)<\/strong><\/a><\/p>\n<p><span style=\"font-weight: 400\">Preguntas gu\u00edas que facilitan el di\u00e1logo sobre medios de vida sostenibles con las personas mayores de la comunidad.[insertar enlace a PDF]<\/span><\/p>\n<\/div>\n\n                                    <\/div>\n                \n                            <div class=\"homework-item\">\n                    <div class=\"title\"><p><a href=\"https:\/\/drive.google.com\/file\/d\/1_vQo7vGsEw9DlesNqCSQgbFZ89vP3Gcc\/view?usp=sharing\" target=\"_blank\" rel=\"noopener\"><strong>Actividades en grupo (60min)<\/strong><\/a><\/p>\n<p><span style=\"font-weight: 400\">Identificar los valores y deseos de su comunidad, proporcionando una base para mapear los activos e identificar las posibilidades de medios de vida sostenible. [insertar enlace a PDF]<\/span><\/p>\n<\/div>\n\n                                    <\/div>\n                \n                     \n    <\/div>\n<\/section>\n\n","protected":false},"excerpt":{"rendered":"","protected":false},"author":1,"featured_media":0,"parent":674,"menu_order":1,"comment_status":"closed","ping_status":"closed","template":"","meta":{"_acf_changed":false,"footnotes":""},"class_list":["post-862","page","type-page","status-publish","hentry"],"acf":[],"_links":{"self":[{"href":"https:\/\/rightsandresources.org\/livelihoods\/es\/wp-json\/wp\/v2\/pages\/862","targetHints":{"allow":["GET"]}}],"collection":[{"href":"https:\/\/rightsandresources.org\/livelihoods\/es\/wp-json\/wp\/v2\/pages"}],"about":[{"href":"https:\/\/rightsandresources.org\/livelihoods\/es\/wp-json\/wp\/v2\/types\/page"}],"author":[{"embeddable":true,"href":"https:\/\/rightsandresources.org\/livelihoods\/es\/wp-json\/wp\/v2\/users\/1"}],"replies":[{"embeddable":true,"href":"https:\/\/rightsandresources.org\/livelihoods\/es\/wp-json\/wp\/v2\/comments?post=862"}],"version-history":[{"count":0,"href":"https:\/\/rightsandresources.org\/livelihoods\/es\/wp-json\/wp\/v2\/pages\/862\/revisions"}],"up":[{"embeddable":true,"href":"https:\/\/rightsandresources.org\/livelihoods\/es\/wp-json\/wp\/v2\/pages\/674"}],"wp:attachment":[{"href":"https:\/\/rightsandresources.org\/livelihoods\/es\/wp-json\/wp\/v2\/media?parent=862"}],"curies":[{"name":"wp","href":"https:\/\/api.w.org\/{rel}","templated":true}]}}