{"id":75986,"date":"2025-10-08T18:54:47","date_gmt":"2025-10-08T22:54:47","guid":{"rendered":"https:\/\/rightsandresources.org\/?page_id=75986"},"modified":"2025-11-10T18:36:44","modified_gmt":"2025-11-10T23:36:44","slug":"5e-conference-regionale-des-institutions-foncieres-nationales-sur-la-securisation-des-droits-fonciers-communautaires-en-afrique","status":"publish","type":"page","link":"https:\/\/rightsandresources.org\/fr\/5e-conference-regionale-des-institutions-foncieres-nationales-sur-la-securisation-des-droits-fonciers-communautaires-en-afrique\/","title":{"rendered":"5e Conf\u00e9rence r\u00e9gionale des institutions fonci\u00e8res nationales sur la s\u00e9curisation des droits fonciers communautaires en Afrique"},"content":{"rendered":"","protected":false},"excerpt":{"rendered":"","protected":false},"author":126,"featured_media":0,"parent":0,"menu_order":0,"comment_status":"closed","ping_status":"closed","template":"template-master.php","meta":{"_acf_changed":false,"inline_featured_image":false,"footnotes":""},"class_list":["post-75986","page","type-page","status-publish","hentry","keywords-africa-keyword","keywords-collective-land-rights","keywords-rights-and-climate-keyword","keywords-local-communities","keywords-measuring-progress-keyword","keywords-indigenous-peoples-2"],"acf":[],"aioseo_notices":[],"publishpress_future_action":{"enabled":false,"date":"2026-04-23 00:04:50","action":"change-status","newStatus":"draft","terms":[],"taxonomy":"keywords","extraData":[]},"publishpress_future_workflow_manual_trigger":{"enabledWorkflows":[]},"_links":{"self":[{"href":"https:\/\/rightsandresources.org\/fr\/wp-json\/wp\/v2\/pages\/75986","targetHints":{"allow":["GET"]}}],"collection":[{"href":"https:\/\/rightsandresources.org\/fr\/wp-json\/wp\/v2\/pages"}],"about":[{"href":"https:\/\/rightsandresources.org\/fr\/wp-json\/wp\/v2\/types\/page"}],"author":[{"embeddable":true,"href":"https:\/\/rightsandresources.org\/fr\/wp-json\/wp\/v2\/users\/126"}],"replies":[{"embeddable":true,"href":"https:\/\/rightsandresources.org\/fr\/wp-json\/wp\/v2\/comments?post=75986"}],"version-history":[{"count":14,"href":"https:\/\/rightsandresources.org\/fr\/wp-json\/wp\/v2\/pages\/75986\/revisions"}],"predecessor-version":[{"id":77080,"href":"https:\/\/rightsandresources.org\/fr\/wp-json\/wp\/v2\/pages\/75986\/revisions\/77080"}],"wp:attachment":[{"href":"https:\/\/rightsandresources.org\/fr\/wp-json\/wp\/v2\/media?parent=75986"}],"curies":[{"name":"wp","href":"https:\/\/api.w.org\/{rel}","templated":true}]}}