{"id":62110,"date":"2023-10-04T11:51:51","date_gmt":"2023-10-04T15:51:51","guid":{"rendered":"https:\/\/rightsandresources.org\/?page_id=62110"},"modified":"2023-11-23T15:46:50","modified_gmt":"2023-11-23T20:46:50","slug":"evenement-les-peuples-autochtones-et-les-communautes-locales-accueillent-le-tout-premier-congres-africain-sur-la-conservation-pilotee-par-les-communautes","status":"publish","type":"page","link":"https:\/\/rightsandresources.org\/fr\/evenement-les-peuples-autochtones-et-les-communautes-locales-accueillent-le-tout-premier-congres-africain-sur-la-conservation-pilotee-par-les-communautes\/","title":{"rendered":"\u00c9V\u00c9NEMENT \u2014 Les peuples autochtones et les communaut\u00e9s locales accueillent le tout premier congr\u00e8s africain sur la conservation pilot\u00e9e par les communaut\u00e9s"},"content":{"rendered":"","protected":false},"excerpt":{"rendered":"","protected":false},"author":82,"featured_media":0,"parent":0,"menu_order":0,"comment_status":"closed","ping_status":"closed","template":"template-master.php","meta":{"_acf_changed":false,"inline_featured_image":false,"footnotes":""},"class_list":["post-62110","page","type-page","status-publish","hentry","keywords-africa-keyword","keywords-rights-and-climate-keyword"],"acf":[],"aioseo_notices":[],"publishpress_future_action":{"enabled":false,"date":"2026-04-29 21:32:50","action":"change-status","newStatus":"draft","terms":[],"taxonomy":"keywords","extraData":[]},"publishpress_future_workflow_manual_trigger":{"enabledWorkflows":[]},"_links":{"self":[{"href":"https:\/\/rightsandresources.org\/fr\/wp-json\/wp\/v2\/pages\/62110","targetHints":{"allow":["GET"]}}],"collection":[{"href":"https:\/\/rightsandresources.org\/fr\/wp-json\/wp\/v2\/pages"}],"about":[{"href":"https:\/\/rightsandresources.org\/fr\/wp-json\/wp\/v2\/types\/page"}],"author":[{"embeddable":true,"href":"https:\/\/rightsandresources.org\/fr\/wp-json\/wp\/v2\/users\/82"}],"replies":[{"embeddable":true,"href":"https:\/\/rightsandresources.org\/fr\/wp-json\/wp\/v2\/comments?post=62110"}],"version-history":[{"count":14,"href":"https:\/\/rightsandresources.org\/fr\/wp-json\/wp\/v2\/pages\/62110\/revisions"}],"predecessor-version":[{"id":62713,"href":"https:\/\/rightsandresources.org\/fr\/wp-json\/wp\/v2\/pages\/62110\/revisions\/62713"}],"wp:attachment":[{"href":"https:\/\/rightsandresources.org\/fr\/wp-json\/wp\/v2\/media?parent=62110"}],"curies":[{"name":"wp","href":"https:\/\/api.w.org\/{rel}","templated":true}]}}