{"id":58956,"date":"2022-07-07T14:59:49","date_gmt":"2022-07-07T18:59:49","guid":{"rendered":"https:\/\/rightsandresources.org\/?page_id=58956"},"modified":"2024-04-26T17:48:55","modified_gmt":"2024-04-26T21:48:55","slug":"salle-de-presse-le-congres-des-aires-protegees-dafrique-de-luicn","status":"publish","type":"page","link":"https:\/\/rightsandresources.org\/fr\/salle-de-presse-le-congres-des-aires-protegees-dafrique-de-luicn\/","title":{"rendered":"Salle de presse: Le Congr\u00e8s des aires prot\u00e9g\u00e9es d&rsquo;Afrique de l&rsquo;UICN (APAC)"},"content":{"rendered":"","protected":false},"excerpt":{"rendered":"","protected":false},"author":82,"featured_media":0,"parent":0,"menu_order":0,"comment_status":"closed","ping_status":"closed","template":"template-master.php","meta":{"_acf_changed":false,"inline_featured_image":false,"footnotes":""},"class_list":["post-58956","page","type-page","status-publish","hentry","keywords-africa-keyword","keywords-conservation"],"acf":[],"aioseo_notices":[],"publishpress_future_action":{"enabled":false,"date":"2026-05-01 13:56:48","action":"change-status","newStatus":"draft","terms":[],"taxonomy":"keywords","extraData":[]},"publishpress_future_workflow_manual_trigger":{"enabledWorkflows":[]},"_links":{"self":[{"href":"https:\/\/rightsandresources.org\/fr\/wp-json\/wp\/v2\/pages\/58956","targetHints":{"allow":["GET"]}}],"collection":[{"href":"https:\/\/rightsandresources.org\/fr\/wp-json\/wp\/v2\/pages"}],"about":[{"href":"https:\/\/rightsandresources.org\/fr\/wp-json\/wp\/v2\/types\/page"}],"author":[{"embeddable":true,"href":"https:\/\/rightsandresources.org\/fr\/wp-json\/wp\/v2\/users\/82"}],"replies":[{"embeddable":true,"href":"https:\/\/rightsandresources.org\/fr\/wp-json\/wp\/v2\/comments?post=58956"}],"version-history":[{"count":11,"href":"https:\/\/rightsandresources.org\/fr\/wp-json\/wp\/v2\/pages\/58956\/revisions"}],"predecessor-version":[{"id":66225,"href":"https:\/\/rightsandresources.org\/fr\/wp-json\/wp\/v2\/pages\/58956\/revisions\/66225"}],"wp:attachment":[{"href":"https:\/\/rightsandresources.org\/fr\/wp-json\/wp\/v2\/media?parent=58956"}],"curies":[{"name":"wp","href":"https:\/\/api.w.org\/{rel}","templated":true}]}}