{"id":56319,"date":"2017-02-21T10:27:19","date_gmt":"2017-02-21T15:27:19","guid":{"rendered":"https:\/\/rightsandresources.org\/previous-events\/"},"modified":"2021-10-20T08:30:26","modified_gmt":"2021-10-20T12:30:26","slug":"previous-events","status":"publish","type":"page","link":"https:\/\/rightsandresources.org\/fr\/previous-events\/","title":{"rendered":"\u00c9v\u00e9nements pass\u00e9s"},"content":{"rendered":"","protected":false},"excerpt":{"rendered":"","protected":false},"author":60,"featured_media":0,"parent":0,"menu_order":0,"comment_status":"closed","ping_status":"closed","template":"page-events-previous.php","meta":{"_acf_changed":false,"inline_featured_image":false,"footnotes":""},"class_list":["post-56319","page","type-page","status-publish","hentry"],"acf":[],"aioseo_notices":[],"publishpress_future_action":{"enabled":false,"date":"2026-05-03 11:06:00","action":"change-status","newStatus":"draft","terms":[],"taxonomy":"keywords","extraData":[]},"publishpress_future_workflow_manual_trigger":{"enabledWorkflows":[]},"_links":{"self":[{"href":"https:\/\/rightsandresources.org\/fr\/wp-json\/wp\/v2\/pages\/56319","targetHints":{"allow":["GET"]}}],"collection":[{"href":"https:\/\/rightsandresources.org\/fr\/wp-json\/wp\/v2\/pages"}],"about":[{"href":"https:\/\/rightsandresources.org\/fr\/wp-json\/wp\/v2\/types\/page"}],"author":[{"embeddable":true,"href":"https:\/\/rightsandresources.org\/fr\/wp-json\/wp\/v2\/users\/60"}],"replies":[{"embeddable":true,"href":"https:\/\/rightsandresources.org\/fr\/wp-json\/wp\/v2\/comments?post=56319"}],"version-history":[{"count":1,"href":"https:\/\/rightsandresources.org\/fr\/wp-json\/wp\/v2\/pages\/56319\/revisions"}],"predecessor-version":[{"id":56322,"href":"https:\/\/rightsandresources.org\/fr\/wp-json\/wp\/v2\/pages\/56319\/revisions\/56322"}],"wp:attachment":[{"href":"https:\/\/rightsandresources.org\/fr\/wp-json\/wp\/v2\/media?parent=56319"}],"curies":[{"name":"wp","href":"https:\/\/api.w.org\/{rel}","templated":true}]}}