{"id":56058,"date":"2021-10-05T10:35:52","date_gmt":"2021-10-05T14:35:52","guid":{"rendered":"https:\/\/rightsandresources.org\/?page_id=56058"},"modified":"2024-04-26T16:38:04","modified_gmt":"2024-04-26T20:38:04","slug":"evenement-3e-conference-regionale-des-institutions-foncieres-nationales-sur-la-securisation-des-droits-fonciers-communautaires-en-afrique","status":"publish","type":"page","link":"https:\/\/rightsandresources.org\/fr\/evenement-3e-conference-regionale-des-institutions-foncieres-nationales-sur-la-securisation-des-droits-fonciers-communautaires-en-afrique\/","title":{"rendered":"\u00c9v\u00e9nement: 3e Conf\u00e9rence r\u00e9gionale des institutions fonci\u00e8res nationales sur la s\u00e9curisation des droits fonciers communautaires en Afrique"},"content":{"rendered":"","protected":false},"excerpt":{"rendered":"","protected":false},"author":82,"featured_media":0,"parent":0,"menu_order":0,"comment_status":"closed","ping_status":"closed","template":"template-master.php","meta":{"_acf_changed":false,"inline_featured_image":false,"footnotes":""},"class_list":["post-56058","page","type-page","status-publish","hentry"],"acf":[],"aioseo_notices":[],"publishpress_future_action":{"enabled":false,"date":"2026-05-01 15:40:29","action":"change-status","newStatus":"draft","terms":[],"taxonomy":"keywords","extraData":[]},"publishpress_future_workflow_manual_trigger":{"enabledWorkflows":[]},"_links":{"self":[{"href":"https:\/\/rightsandresources.org\/fr\/wp-json\/wp\/v2\/pages\/56058","targetHints":{"allow":["GET"]}}],"collection":[{"href":"https:\/\/rightsandresources.org\/fr\/wp-json\/wp\/v2\/pages"}],"about":[{"href":"https:\/\/rightsandresources.org\/fr\/wp-json\/wp\/v2\/types\/page"}],"author":[{"embeddable":true,"href":"https:\/\/rightsandresources.org\/fr\/wp-json\/wp\/v2\/users\/82"}],"replies":[{"embeddable":true,"href":"https:\/\/rightsandresources.org\/fr\/wp-json\/wp\/v2\/comments?post=56058"}],"version-history":[{"count":13,"href":"https:\/\/rightsandresources.org\/fr\/wp-json\/wp\/v2\/pages\/56058\/revisions"}],"predecessor-version":[{"id":66208,"href":"https:\/\/rightsandresources.org\/fr\/wp-json\/wp\/v2\/pages\/56058\/revisions\/66208"}],"wp:attachment":[{"href":"https:\/\/rightsandresources.org\/fr\/wp-json\/wp\/v2\/media?parent=56058"}],"curies":[{"name":"wp","href":"https:\/\/api.w.org\/{rel}","templated":true}]}}