{"id":54294,"date":"2020-09-15T16:35:17","date_gmt":"2020-09-15T20:35:17","guid":{"rendered":"https:\/\/rightsandresources.org\/?page_id=54294"},"modified":"2021-03-18T10:32:31","modified_gmt":"2021-03-18T14:32:31","slug":"urgence-et-opportunite-salle-de-presse","status":"publish","type":"page","link":"https:\/\/rightsandresources.org\/fr\/urgence-et-opportunite-salle-de-presse\/","title":{"rendered":"Urgence et opportunit\u00e9 &#8211; salle de presse"},"content":{"rendered":"<p>Nous sommes ravis de partager avec vous trois nouvelles analyses techniques qui serviront de feuille de route pour intensifier les r\u00e9formes des r\u00e9gimes fonciers \u00e0 l&rsquo;\u00e9chelle mondiale. Le lancement de ces analyses est destin\u00e9 \u00e0 influencer les bailleurs de fonds, les d\u00e9cideurs politiques, les n\u00e9gociateurs et les investisseurs avant la Semaine du climat des Nations unies, et \u00e0 alimenter les n\u00e9gociations du Cadre mondial pour la biodiversit\u00e9 de l&rsquo;apr\u00e8s-2020, de la Convention sur la diversit\u00e9 biologique 15 et de la CCNUCC COP 26. Les rapports comprennent :<\/p>\n<ol>\n<li><a href=\"https:\/\/rightsandresources.org\/es\/publication\/calculo-de-la-superficie-de-tierras-y-territorios-de-pueblos-indigenas-comunidades-locales-y-afrodescendientes-donde-se-han-reconocido-sus-derechos\/\"><em>L\u2019Estimation de la superficie des terres et territoires des peuples autochtones, des communaut\u00e9s locales et des peuples Afro-descendants dont les droits n&rsquo;ont pas \u00e9t\u00e9 reconnus (seulement disponible en anglais am\u00e9ricain)<\/em><\/a> &#8211; Ce document repr\u00e9sente le premier effort global visant \u00e0 \u00e9tablir une base de r\u00e9f\u00e9rence mondiale de la superficie totale des terres dont les droits des peuples autochtones, des communaut\u00e9s locales et des peuples Afro-descendants ne sont pas reconnus. L&rsquo;analyse porte sur 42 pays, repr\u00e9sentant pr\u00e8s de 50 % de la superficie totale des terres. Elle r\u00e9v\u00e8le que les populations autochtones, les communaut\u00e9s locales et les peuples Afro-descendants exercent des droits coutumiers sur au moins 50 % de la superficie des pays \u00e9tudi\u00e9s, et qu&rsquo;au moins 46 % de cette superficie n&rsquo;est pas encore reconnue.<\/li>\n<li><a href=\"https:\/\/rightsandresources.org\/es\/publication\/marco-de-oportunidades-2020\/\"><em>Le Cadre d\u2019opportunit\u00e9s : Identifier les opportunit\u00e9s pour les investisseurs dans la s\u00e9curisation des droits de tenure collective dans les zones foresti\u00e8res des pays \u00e0 revenu faible et interm\u00e9diaire (seulement disponible en anglais am\u00e9ricain) <\/em><\/a>&#8211; Le Cadre d&rsquo;opportunit\u00e9s fournit un outil simple pour aider \u00e0 faciliter, prioriser et mobiliser des investissements plus importants afin d&rsquo;accro\u00eetre la reconnaissance des droits fonciers et forestiers des communaut\u00e9s locales et des peuples autochtones. Ce rapport est une analyse ind\u00e9pendante et experte de haut niveau de l&rsquo;\u00e9tat de pr\u00e9paration des pays aux investissements visant \u00e0 garantir ces droits, en donnant la priorit\u00e9 aux pays membres du Fonds de partenariat pour le carbone forestier (FCPF). Selon les r\u00e9sultats de l&rsquo;\u00e9tude, des investissements dans 7 pays seulement permettraient de transf\u00e9rer quelque 176 millions d&rsquo;hectares de terres foresti\u00e8res de la propri\u00e9t\u00e9 publique \u00e0 la propri\u00e9t\u00e9 des populations autochtones ou des communaut\u00e9s, ce qui ferait plus que doubler les progr\u00e8s r\u00e9alis\u00e9s au cours des 15 derni\u00e8res ann\u00e9es, profitant \u00e0 quelque 400 millions de personnes et contribuant \u00e0 la s\u00e9curisation de quelque 153 milliards de tonnes de carbone.<\/li>\n<li><a href=\"https:\/\/rightsandresources.org\/wp-content\/uploads\/2020\/09\/Area-Brief-FR-2.pdf\"><em>Urgence et opportunit\u00e9 : confronter les crises li\u00e9es \u00e0 la sant\u00e9, au climat et \u00e0 la biodiversit\u00e9 en d\u00e9veloppant la reconnaissance et la protection des droits fonciers et des moyens de subsistance des peuples autochtones et des communaut\u00e9s locales<\/em><\/a>\u00a0&#8211; Ce brief r\u00e9sume les conclusions des analyses techniques ci-dessus, ainsi que d&rsquo;autres points de donn\u00e9es tir\u00e9s des recherches historiques de RRI, afin d&rsquo;orienter ces arguments au c\u0153ur des n\u00e9gociations en cours sur le climat, la biodiversit\u00e9 et la r\u00e9ponse mondiale au Covid-19. Le brief se termine par un appel de la Coalition RRI, destin\u00e9 aux gouvernements, \u00e0 la communaut\u00e9 internationale, aux organisations de conservation et au secteur priv\u00e9 sur les actions prioritaires \u00e0 entreprendre pour combler le foss\u00e9 dans la reconnaissance l\u00e9gale et la protection des droits fonciers et forestiers coutumiers des communaut\u00e9s pour att\u00e9nuer le changement climatique, prot\u00e9ger les \u00e9cosyst\u00e8mes vitaux et acc\u00e9l\u00e9rer les progr\u00e8s vers un d\u00e9veloppement inclusif et durable.<\/li>\n<\/ol>\n<p>Vous pouvez acc\u00e9der\u00a0au <a href=\"https:\/\/rightsandresources.org\/wp-content\/uploads\/2020\/09\/Press-Release-ENG-9.14.2020.pdf\"><strong>communiqu\u00e9 de presse ici (en anglais seulement)<\/strong><\/a> et au kit m\u00e9dia <a href=\"https:\/\/rightsandresources.org\/wp-content\/uploads\/2020\/09\/FR-RRI-Social-Toolkit_v2.pdf\"><strong>ici<\/strong><\/a>.<\/p>\n","protected":false},"excerpt":{"rendered":"<p>Nous sommes ravis de partager avec vous trois nouvelles analyses techniques qui serviront de feuille de route pour intensifier les r\u00e9formes des r\u00e9gimes fonciers \u00e0&#8230;<\/p>\n","protected":false},"author":60,"featured_media":54140,"parent":0,"menu_order":0,"comment_status":"closed","ping_status":"closed","template":"","meta":{"_acf_changed":false,"inline_featured_image":false,"footnotes":""},"class_list":["post-54294","page","type-page","status-publish","has-post-thumbnail","hentry"],"acf":[],"aioseo_notices":[],"publishpress_future_action":{"enabled":false,"date":"2026-05-01 16:52:17","action":"change-status","newStatus":"draft","terms":[],"taxonomy":"keywords","extraData":[]},"publishpress_future_workflow_manual_trigger":{"enabledWorkflows":[]},"_links":{"self":[{"href":"https:\/\/rightsandresources.org\/fr\/wp-json\/wp\/v2\/pages\/54294","targetHints":{"allow":["GET"]}}],"collection":[{"href":"https:\/\/rightsandresources.org\/fr\/wp-json\/wp\/v2\/pages"}],"about":[{"href":"https:\/\/rightsandresources.org\/fr\/wp-json\/wp\/v2\/types\/page"}],"author":[{"embeddable":true,"href":"https:\/\/rightsandresources.org\/fr\/wp-json\/wp\/v2\/users\/60"}],"replies":[{"embeddable":true,"href":"https:\/\/rightsandresources.org\/fr\/wp-json\/wp\/v2\/comments?post=54294"}],"version-history":[{"count":8,"href":"https:\/\/rightsandresources.org\/fr\/wp-json\/wp\/v2\/pages\/54294\/revisions"}],"predecessor-version":[{"id":55208,"href":"https:\/\/rightsandresources.org\/fr\/wp-json\/wp\/v2\/pages\/54294\/revisions\/55208"}],"wp:featuredmedia":[{"embeddable":true,"href":"https:\/\/rightsandresources.org\/fr\/wp-json\/wp\/v2\/media\/54140"}],"wp:attachment":[{"href":"https:\/\/rightsandresources.org\/fr\/wp-json\/wp\/v2\/media?parent=54294"}],"curies":[{"name":"wp","href":"https:\/\/api.w.org\/{rel}","templated":true}]}}