{"id":53969,"date":"2020-08-25T14:11:30","date_gmt":"2020-08-25T18:11:30","guid":{"rendered":"https:\/\/rightsandresources.org\/?page_id=53969"},"modified":"2026-02-24T19:34:59","modified_gmt":"2026-02-25T00:34:59","slug":"levolution-des-bases-de-donnees-foncieres-de-rri","status":"publish","type":"page","link":"https:\/\/rightsandresources.org\/fr\/le-suivi-des-donnees-foncieres\/levolution-des-bases-de-donnees-foncieres-de-rri\/","title":{"rendered":"L\u2019\u00e9volution des bases de donn\u00e9es fonci\u00e8res de RRI"},"content":{"rendered":"","protected":false},"excerpt":{"rendered":"","protected":false},"author":60,"featured_media":0,"parent":46014,"menu_order":0,"comment_status":"closed","ping_status":"closed","template":"template-master.php","meta":{"_acf_changed":false,"inline_featured_image":false,"footnotes":""},"class_list":["post-53969","page","type-page","status-publish","hentry"],"acf":[],"aioseo_notices":[],"publishpress_future_action":{"enabled":false,"date":"2026-04-30 19:54:10","action":"change-status","newStatus":"draft","terms":[],"taxonomy":"keywords","extraData":[]},"publishpress_future_workflow_manual_trigger":{"enabledWorkflows":[]},"_links":{"self":[{"href":"https:\/\/rightsandresources.org\/fr\/wp-json\/wp\/v2\/pages\/53969","targetHints":{"allow":["GET"]}}],"collection":[{"href":"https:\/\/rightsandresources.org\/fr\/wp-json\/wp\/v2\/pages"}],"about":[{"href":"https:\/\/rightsandresources.org\/fr\/wp-json\/wp\/v2\/types\/page"}],"author":[{"embeddable":true,"href":"https:\/\/rightsandresources.org\/fr\/wp-json\/wp\/v2\/users\/60"}],"replies":[{"embeddable":true,"href":"https:\/\/rightsandresources.org\/fr\/wp-json\/wp\/v2\/comments?post=53969"}],"version-history":[{"count":8,"href":"https:\/\/rightsandresources.org\/fr\/wp-json\/wp\/v2\/pages\/53969\/revisions"}],"predecessor-version":[{"id":77774,"href":"https:\/\/rightsandresources.org\/fr\/wp-json\/wp\/v2\/pages\/53969\/revisions\/77774"}],"up":[{"embeddable":true,"href":"https:\/\/rightsandresources.org\/fr\/wp-json\/wp\/v2\/pages\/46014"}],"wp:attachment":[{"href":"https:\/\/rightsandresources.org\/fr\/wp-json\/wp\/v2\/media?parent=53969"}],"curies":[{"name":"wp","href":"https:\/\/api.w.org\/{rel}","templated":true}]}}