{"id":45997,"date":"2017-01-21T12:24:58","date_gmt":"2017-01-21T12:24:58","guid":{"rendered":"https:\/\/rightsandresources.org\/carte-landmark\/"},"modified":"2024-02-28T16:26:01","modified_gmt":"2024-02-28T21:26:01","slug":"carte-landmark","status":"publish","type":"page","link":"https:\/\/rightsandresources.org\/fr\/carte-landmark\/","title":{"rendered":"Carte LandMark"},"content":{"rendered":"<p><a href=\"http:\/\/www.landmarkmap.org\/map\/#x=-102.46&amp;y=13.47&amp;l=3\" target=\"_blank\" rel=\"noopener noreferrer\"><\/a>Certains \u00c9tats ont lanc\u00e9 les r\u00e9formes essentielles au respect des droits fonciers des peuples autochtones et des communaut\u00e9s locales, mais l&rsquo;absence d&rsquo;une cartographie fiable et accessible au public laisse ces communaut\u00e9s en situation de vuln\u00e9rabilit\u00e9 face aux violations, tandis que les autorit\u00e9s publiques ne disposent pas des outils n\u00e9cessaires pour tenir leurs engagements.<\/p>\n<p>La carte LandMark vise \u00e0 rem\u00e9dier \u00e0 cette insuffisance de donn\u00e9es fonci\u00e8res fiables. Elle est la premi\u00e8re plateforme interactive mondiale \u00e0 fournir des cartes et des informations sur les terres collectives, au moyen d&rsquo;images satellitaires et d&rsquo;autres syst\u00e8mes destin\u00e9s \u00e0 cartographier la d\u00e9limitation des territoires des communaut\u00e9s locales et autochtones.<\/p>\n<p>Lanc\u00e9e en 2015 par 13 organisations, dont RRI, \u00e0 la suite de la <a href=\"\/blog\/international-conference-on-scaling-up-strategies-to-secure-community-land-and-resource-rights-begins\/\">Conf\u00e9rence de 2013 sur l&rsquo;intensification des efforts visant \u00e0 s\u00e9curiser les droits sur les terres et les ressources des communaut\u00e9s<\/a>, LandMark s&rsquo;est av\u00e9r\u00e9 un outil essentiel dans la lutte pour la s\u00e9curisation de la tenure fonci\u00e8re. M\u00eame lorsque les \u00c9tats ne reconnaissent pas formellement les r\u00e9gimes fonciers communautaires, les acteurs autochtones et locaux ont d\u00e9fendu leurs droits de tenure en utilisant les donn\u00e9es de cet outil. La carte LandMark aide \u00e9galement les \u00c9tats, les chercheurs et les entreprises priv\u00e9es \u00e0 mieux comprendre la situation sur le terrain.<\/p>\n<h4><a href=\"http:\/\/www.landmarkmap.org\/\" target=\"_blank\" rel=\"noopener noreferrer\">D\u00e9couvrez la carte interactive LandMark<\/a><\/h4>\n","protected":false},"excerpt":{"rendered":"<p>Certains \u00c9tats ont lanc\u00e9 les r\u00e9formes essentielles au respect des droits fonciers des peuples autochtones et des communaut\u00e9s locales, mais l&rsquo;absence d&rsquo;une cartographie fiable et&#8230;<\/p>\n","protected":false},"author":60,"featured_media":0,"parent":0,"menu_order":0,"comment_status":"closed","ping_status":"closed","template":"template-master.php","meta":{"_acf_changed":false,"inline_featured_image":false,"footnotes":""},"class_list":["post-45997","page","type-page","status-publish","hentry"],"acf":[],"aioseo_notices":[],"publishpress_future_action":{"enabled":false,"date":"2026-05-13 13:32:49","action":"change-status","newStatus":"draft","terms":[],"taxonomy":"keywords","extraData":[]},"publishpress_future_workflow_manual_trigger":{"enabledWorkflows":[]},"_links":{"self":[{"href":"https:\/\/rightsandresources.org\/fr\/wp-json\/wp\/v2\/pages\/45997","targetHints":{"allow":["GET"]}}],"collection":[{"href":"https:\/\/rightsandresources.org\/fr\/wp-json\/wp\/v2\/pages"}],"about":[{"href":"https:\/\/rightsandresources.org\/fr\/wp-json\/wp\/v2\/types\/page"}],"author":[{"embeddable":true,"href":"https:\/\/rightsandresources.org\/fr\/wp-json\/wp\/v2\/users\/60"}],"replies":[{"embeddable":true,"href":"https:\/\/rightsandresources.org\/fr\/wp-json\/wp\/v2\/comments?post=45997"}],"version-history":[{"count":1,"href":"https:\/\/rightsandresources.org\/fr\/wp-json\/wp\/v2\/pages\/45997\/revisions"}],"predecessor-version":[{"id":52646,"href":"https:\/\/rightsandresources.org\/fr\/wp-json\/wp\/v2\/pages\/45997\/revisions\/52646"}],"wp:attachment":[{"href":"https:\/\/rightsandresources.org\/fr\/wp-json\/wp\/v2\/media?parent=45997"}],"curies":[{"name":"wp","href":"https:\/\/api.w.org\/{rel}","templated":true}]}}