{"id":45990,"date":"2017-01-21T12:11:30","date_gmt":"2017-01-21T12:11:30","guid":{"rendered":"https:\/\/rightsandresources.org\/groupe-interlaken\/"},"modified":"2024-02-28T16:26:01","modified_gmt":"2024-02-28T21:26:01","slug":"groupe-interlaken","status":"publish","type":"page","link":"https:\/\/rightsandresources.org\/fr\/groupe-interlaken\/","title":{"rendered":"Groupe Interlaken"},"content":{"rendered":"<p>Le dialogue entre les \u00c9tats, les communaut\u00e9s locales ou autochtones et le secteur priv\u00e9 est une \u00e9tape cruciale dans l&rsquo;att\u00e9nuation des risques fonciers qu&rsquo;encourent les entreprises lorsqu&rsquo;elles investissent dans des pays o\u00f9 les droits fonciers des communaut\u00e9s ne sont pas clairs et garantis. Pour favoriser cette collaboration, RRI a contribu\u00e9 \u00e0 r\u00e9unir le <a href=\"http:\/\/www.interlakengroup.org\/\" target=\"_blank\" rel=\"noopener noreferrer\">Groupe Interlaken<\/a>, un r\u00e9seau informel d&rsquo;acteurs issus du monde de l&rsquo;entreprise, de l&rsquo;administration publique, des organisations de la soci\u00e9t\u00e9 civile et des organisations internationales, qui se sont engag\u00e9s \u00e0 \u00e9tendre et \u00e0 d\u00e9multiplier l&rsquo;action du secteur priv\u00e9 de fa\u00e7on \u00e0 garantir les droits fonciers des communaut\u00e9s. Le groupe cr\u00e9e, adopte et diffuse des outils et des m\u00e9canismes pour acc\u00e9l\u00e9rer l&rsquo;apprentissage du secteur priv\u00e9 sur les pratiques responsables en mati\u00e8re de droits fonciers.<\/p>\n<p>Le Groupe Interlaken a publi\u00e9 un guide sur ces questions intitul\u00e9 <a href=\"https:\/\/rightsandresources.org\/publication\/respecting-land-and-forest-rights-a-guide-for-companies\/\" target=\"_blank\" rel=\"noopener noreferrer\">Respecting Land and Forest Rights: A Guide for Companies<\/a>, qui propose des mesures simples aux dirigeants et aux \u00e9quipes op\u00e9rationnelles des grandes entreprises pour les aider \u00e0 mettre les politiques et activit\u00e9s de l&rsquo;entreprise en conformit\u00e9 avec les normes \u00e9tablies dans les Directives volontaires pour une gouvernance responsable des r\u00e9gimes fonciers (VGGT) de la FAO. Ce guide, publi\u00e9 en 2015 avec la contribution du secteur priv\u00e9 et dirig\u00e9 par RRI, donne aux entreprises les outils dont elles ont besoin pour respecter leurs engagements en mati\u00e8re de respect des droits fonciers des peuples autochtones et des communaut\u00e9s locales.<\/p>\n<p>Andy White, coordonnateur de RRI, co-pr\u00e9side le Groupe Interlaken aux c\u00f4t\u00e9s de Mark Constantine, de la Soci\u00e9t\u00e9 financi\u00e8re internationale. Le Groupe Interlaken a \u00e9t\u00e9 constitu\u00e9 lors de la <a href=\"http:\/\/communitylandrights.org\/\" target=\"_blank\" rel=\"noopener noreferrer\">Conf\u00e9rence internationale 2013 de RRI<\/a>, qui s&rsquo;est tenue \u00e0 Interlaken, en Suisse.<\/p>\n<h4>Consultez le guide interactif du Groupe Interlaken<\/h4>\n","protected":false},"excerpt":{"rendered":"<p>Le dialogue entre les \u00c9tats, les communaut\u00e9s locales ou autochtones et le secteur priv\u00e9 est une \u00e9tape cruciale dans l&rsquo;att\u00e9nuation des risques fonciers qu&rsquo;encourent les&#8230;<\/p>\n","protected":false},"author":60,"featured_media":0,"parent":0,"menu_order":0,"comment_status":"closed","ping_status":"closed","template":"template-master.php","meta":{"_acf_changed":false,"inline_featured_image":false,"footnotes":""},"class_list":["post-45990","page","type-page","status-publish","hentry"],"acf":[],"aioseo_notices":[],"publishpress_future_action":{"enabled":false,"date":"2026-05-03 17:11:36","action":"change-status","newStatus":"draft","terms":[],"taxonomy":"keywords","extraData":[]},"publishpress_future_workflow_manual_trigger":{"enabledWorkflows":[]},"_links":{"self":[{"href":"https:\/\/rightsandresources.org\/fr\/wp-json\/wp\/v2\/pages\/45990","targetHints":{"allow":["GET"]}}],"collection":[{"href":"https:\/\/rightsandresources.org\/fr\/wp-json\/wp\/v2\/pages"}],"about":[{"href":"https:\/\/rightsandresources.org\/fr\/wp-json\/wp\/v2\/types\/page"}],"author":[{"embeddable":true,"href":"https:\/\/rightsandresources.org\/fr\/wp-json\/wp\/v2\/users\/60"}],"replies":[{"embeddable":true,"href":"https:\/\/rightsandresources.org\/fr\/wp-json\/wp\/v2\/comments?post=45990"}],"version-history":[{"count":4,"href":"https:\/\/rightsandresources.org\/fr\/wp-json\/wp\/v2\/pages\/45990\/revisions"}],"predecessor-version":[{"id":64479,"href":"https:\/\/rightsandresources.org\/fr\/wp-json\/wp\/v2\/pages\/45990\/revisions\/64479"}],"wp:attachment":[{"href":"https:\/\/rightsandresources.org\/fr\/wp-json\/wp\/v2\/media?parent=45990"}],"curies":[{"name":"wp","href":"https:\/\/api.w.org\/{rel}","templated":true}]}}