{"id":45981,"date":"2017-01-21T11:54:33","date_gmt":"2017-01-21T11:54:33","guid":{"rendered":"https:\/\/rightsandresources.org\/international-land-and-forest-tenure-facility\/"},"modified":"2020-04-17T09:02:17","modified_gmt":"2020-04-17T13:02:17","slug":"international-land-and-forest-tenure-facility","status":"publish","type":"page","link":"https:\/\/rightsandresources.org\/fr\/international-land-and-forest-tenure-facility\/","title":{"rendered":"International Land and Forest Tenure Facility"},"content":{"rendered":"<p><a href=\"http:\/\/thetenurefacility.org\/project\/indonesia\/\" target=\"_blank\" rel=\"noopener noreferrer\"><img loading=\"lazy\" decoding=\"async\" class=\"alignright wp-image-37374\" src=\"https:\/\/rightsandresources.org\/wp-content\/uploads\/2017\/01\/Tenure-Facility_Indonesia_Timeline.jpg\" alt=\"The Tenure Facility | History of Indigenous Peoples Land Rights in Indonesia Timeline\" width=\"257\" height=\"859\" srcset=\"https:\/\/rightsandresources.org\/wp-content\/uploads\/2017\/01\/Tenure-Facility_Indonesia_Timeline.jpg 550w, https:\/\/rightsandresources.org\/wp-content\/uploads\/2017\/01\/Tenure-Facility_Indonesia_Timeline-269x900.jpg 269w, https:\/\/rightsandresources.org\/wp-content\/uploads\/2017\/01\/Tenure-Facility_Indonesia_Timeline-479x1600.jpg 479w, https:\/\/rightsandresources.org\/wp-content\/uploads\/2017\/01\/Tenure-Facility_Indonesia_Timeline-90x300.jpg 90w, https:\/\/rightsandresources.org\/wp-content\/uploads\/2017\/01\/Tenure-Facility_Indonesia_Timeline-459x1536.jpg 459w\" sizes=\"auto, (max-width: 257px) 100vw, 257px\" \/><\/a>Le International Land and Forest Tenure Facility (\u00ab le Tenure Facility \u00bb) est n\u00e9 de la prise de conscience que les initiatives visant \u00e0 pr\u00e9server les droits des communaut\u00e9s sur la terre et les for\u00eats ne disposaient pas de ressources suffisantes pour faire face \u00e0 l&rsquo;ins\u00e9curit\u00e9 ambiante dans la plupart des pays en d\u00e9veloppement.<\/p>\n<p>Lanc\u00e9 en 2014 et h\u00e9berg\u00e9 par RRI durant ces premi\u00e8res ann\u00e9es, le Tenure Facility est la premi\u00e8re et la seule institution de financement d\u00e9di\u00e9e \u00e0 s\u00e9curiser les droits fonciers des communaut\u00e9s locales et des peuples autochtones. Il est con\u00e7u pour \u00eatre enclench\u00e9 rapidement et de mani\u00e8re flexible, ainsi que pour compl\u00e9ter les efforts d\u00e9ploy\u00e9s par les acteurs locaux et autochtones \u00e0 l&rsquo;\u00e9chelle nationale, tout en permettant \u00e0 ses partenaires du monde entier d&rsquo;apprendre les uns des autres et de collaborer.<\/p>\n<p>Le Tenure Facility soutient actuellement six initiatives pilotes au Cameroun, en Indon\u00e9sie, au Liberia, au Mali, au Panama et au P\u00e9rou. Par ce biais, il fournit une aide technique et financi\u00e8re aux organisations locales et autochtones afin qu&rsquo;elles renforcent et \u00e9largissent leurs initiatives en cours.<\/p>\n<p>Le Tenure Facility offre \u00e9galement un espace favorable \u00e0 la collaboration entre les autorit\u00e9s nationales et les peuples autochtones et communaut\u00e9s locales, ainsi que des outils aux administrations leur permettant d&rsquo;acc\u00e9l\u00e9rer le processus de reconnaissance de la tenure fonci\u00e8re communautaire.<\/p>\n<h4><a href=\"http:\/\/thetenurefacility.org\" target=\"_blank\" rel=\"noopener noreferrer\">Consultez le site web du Tenure Facility<\/a><\/h4>\n","protected":false},"excerpt":{"rendered":"<p>Le International Land and Forest Tenure Facility (\u00ab le Tenure Facility \u00bb) est n\u00e9 de la prise de conscience que les initiatives visant \u00e0 pr\u00e9server&#8230;<\/p>\n","protected":false},"author":60,"featured_media":0,"parent":0,"menu_order":0,"comment_status":"closed","ping_status":"closed","template":"template-master.php","meta":{"_acf_changed":false,"inline_featured_image":false,"footnotes":""},"class_list":["post-45981","page","type-page","status-publish","hentry"],"acf":[],"aioseo_notices":[],"publishpress_future_action":{"enabled":false,"date":"2026-04-22 19:30:04","action":"change-status","newStatus":"draft","terms":[],"taxonomy":"keywords","extraData":[]},"publishpress_future_workflow_manual_trigger":{"enabledWorkflows":[]},"_links":{"self":[{"href":"https:\/\/rightsandresources.org\/fr\/wp-json\/wp\/v2\/pages\/45981","targetHints":{"allow":["GET"]}}],"collection":[{"href":"https:\/\/rightsandresources.org\/fr\/wp-json\/wp\/v2\/pages"}],"about":[{"href":"https:\/\/rightsandresources.org\/fr\/wp-json\/wp\/v2\/types\/page"}],"author":[{"embeddable":true,"href":"https:\/\/rightsandresources.org\/fr\/wp-json\/wp\/v2\/users\/60"}],"replies":[{"embeddable":true,"href":"https:\/\/rightsandresources.org\/fr\/wp-json\/wp\/v2\/comments?post=45981"}],"version-history":[{"count":1,"href":"https:\/\/rightsandresources.org\/fr\/wp-json\/wp\/v2\/pages\/45981\/revisions"}],"predecessor-version":[{"id":52641,"href":"https:\/\/rightsandresources.org\/fr\/wp-json\/wp\/v2\/pages\/45981\/revisions\/52641"}],"wp:attachment":[{"href":"https:\/\/rightsandresources.org\/fr\/wp-json\/wp\/v2\/media?parent=45981"}],"curies":[{"name":"wp","href":"https:\/\/api.w.org\/{rel}","templated":true}]}}