{"id":45970,"date":"2016-10-27T06:48:33","date_gmt":"2016-10-27T06:48:33","guid":{"rendered":"https:\/\/rightsandresources.org\/le-but\/"},"modified":"2024-10-17T10:40:34","modified_gmt":"2024-10-17T14:40:34","slug":"qui-nous-sommes","status":"publish","type":"page","link":"https:\/\/rightsandresources.org\/fr\/qui-nous-sommes\/","title":{"rendered":"Qui nous sommes"},"content":{"rendered":"<p>En tant que coalition h\u00e9t\u00e9rog\u00e8ne d\u2019organisations de d\u00e9veloppement r\u00e9solue \u00e0 faire avancer les droits des peuples autochtones et des communaut\u00e9s locales sur les terres et les ressources, RRI a encourag\u00e9 la cr\u00e9ation et la mise en \u0153uvre de solutions innovantes destin\u00e9es \u00e0 garantir les r\u00e9gimes d\u2019occupation des terres, en vue de la r\u00e9alisation de <strong>trois objectifs \u00e0 l\u2019\u00e9chelle mondiale\u00a0<\/strong>:<\/p>\n<ol>\n<li>Accro\u00eetre substantiellement la surface foresti\u00e8re poss\u00e9d\u00e9e et g\u00e9r\u00e9e par les populations locales\u00a0;<\/li>\n<li>Pr\u00e9venir toute modification des lois et des r\u00e9glementations nationales pouvant affaiblir les droits fonciers coutumiers des peuples autochtones et des communaut\u00e9s locales, ainsi que ceux \u00e9tablis par la loi, et promouvoir dans un m\u00eame temps de nouvelles lois destin\u00e9es \u00e0 renforcer ces droits\u00a0;<\/li>\n<li>R\u00e9duire sensiblement la pauvret\u00e9 dans les zones foresti\u00e8res du monde.<\/li>\n<\/ol>\n<p>S\u2019agissant des indicateurs mondiaux de progr\u00e8s, RRI promeut<strong> deux cibles<\/strong> qui s\u2019inscrivent dans le cadre des Objectifs de d\u00e9veloppement durable\u00a0:<\/p>\n<ol>\n<li>\u00c0 l\u2019horizon\u00a02030, au moins 50\u00a0% de la surface bois\u00e9e des pays \u00e0 revenu faible et interm\u00e9diaire appartient ou est l\u00e9galement assign\u00e9e aux peuples autochtones et aux communaut\u00e9s l\u00e9gales;<\/li>\n<li>\u00c0 l\u2019horizon\u00a02030, les droits des peuples autochtones et des communaut\u00e9s locales \u00e0 g\u00e9rer, pr\u00e9server, utiliser et commercialiser des produits et des services forestiers dans la totalit\u00e9 du territoire qu\u2019ils poss\u00e8dent ou qui leur est l\u00e9galement assign\u00e9, sont reconnus.<\/li>\n<\/ol>\n<p><strong>Mission\u00a0:<\/strong> RRI soutient la lutte contre la pauvret\u00e9 et la marginalisation des populations locales et autochtones, en encourageant, \u00e0 l\u2019\u00e9chelle mondiale, la mobilisation et l\u2019action en faveur de r\u00e9formes du march\u00e9, de la l\u00e9gislation et de l\u2019action publique, garantissant les droits de ces populations \u00e0 poss\u00e9der, ma\u00eetriser et tirer des avantages des ressources naturelles, en particulier des terres et des for\u00eats.<\/p>\n<p><strong>Propositions de valeur\u00a0:<\/strong> Avec un investissement suppl\u00e9mentaire limit\u00e9 dans l\u2019am\u00e9lioration de la coh\u00e9rence et de la coordination, les organisations peuvent consid\u00e9rablement augmenter leur contribution aux droits, \u00e0 la dignit\u00e9 et au d\u00e9veloppement des populations tributaires des for\u00eats au niveau mondial, ainsi qu\u2019\u00e0 la pr\u00e9servation des for\u00eats, et \u00e0 un d\u00e9veloppement social et \u00e9conomique plus \u00e9quitable.<\/p>\n<p>Pour en savoir plus sur <a href=\"https:\/\/rightsandresources.org\/fr\/la-coalition\/\">la coalition<\/a> et la fa\u00e7on dont RRI mesure les progr\u00e8s accomplis pour atteindre ces cibles, cliquez ici.<\/p>\n","protected":false},"excerpt":{"rendered":"<p>En tant que coalition h\u00e9t\u00e9rog\u00e8ne d\u2019organisations de d\u00e9veloppement r\u00e9solue \u00e0 faire avancer les droits des peuples autochtones et des communaut\u00e9s locales sur les terres et&#8230;<\/p>\n","protected":false},"author":60,"featured_media":50103,"parent":0,"menu_order":0,"comment_status":"closed","ping_status":"closed","template":"template-master.php","meta":{"_acf_changed":false,"inline_featured_image":false,"footnotes":""},"class_list":["post-45970","page","type-page","status-publish","has-post-thumbnail","hentry"],"acf":[],"aioseo_notices":[],"publishpress_future_action":{"enabled":false,"date":"2026-05-12 10:21:17","action":"change-status","newStatus":"draft","terms":[],"taxonomy":"keywords","extraData":[]},"publishpress_future_workflow_manual_trigger":{"enabledWorkflows":[]},"_links":{"self":[{"href":"https:\/\/rightsandresources.org\/fr\/wp-json\/wp\/v2\/pages\/45970","targetHints":{"allow":["GET"]}}],"collection":[{"href":"https:\/\/rightsandresources.org\/fr\/wp-json\/wp\/v2\/pages"}],"about":[{"href":"https:\/\/rightsandresources.org\/fr\/wp-json\/wp\/v2\/types\/page"}],"author":[{"embeddable":true,"href":"https:\/\/rightsandresources.org\/fr\/wp-json\/wp\/v2\/users\/60"}],"replies":[{"embeddable":true,"href":"https:\/\/rightsandresources.org\/fr\/wp-json\/wp\/v2\/comments?post=45970"}],"version-history":[{"count":12,"href":"https:\/\/rightsandresources.org\/fr\/wp-json\/wp\/v2\/pages\/45970\/revisions"}],"predecessor-version":[{"id":71144,"href":"https:\/\/rightsandresources.org\/fr\/wp-json\/wp\/v2\/pages\/45970\/revisions\/71144"}],"wp:featuredmedia":[{"embeddable":true,"href":"https:\/\/rightsandresources.org\/fr\/wp-json\/wp\/v2\/media\/50103"}],"wp:attachment":[{"href":"https:\/\/rightsandresources.org\/fr\/wp-json\/wp\/v2\/media?parent=45970"}],"curies":[{"name":"wp","href":"https:\/\/api.w.org\/{rel}","templated":true}]}}