{"id":43463,"date":"2013-08-27T21:22:34","date_gmt":"2013-08-27T21:22:34","guid":{"rendered":"https:\/\/rightsandresources.org\/contactez-nous\/"},"modified":"2025-04-07T15:29:10","modified_gmt":"2025-04-07T19:29:10","slug":"contactez-nous","status":"publish","type":"page","link":"https:\/\/rightsandresources.org\/fr\/contactez-nous\/","title":{"rendered":"Contactez-nous"},"content":{"rendered":"<div class=\"m-all t-1of2 d-1of2\">\n<h3 class=\"staff-heading\">International Secretariat :<\/h3>\n<p>2715\u00a0M Street NW<br \/>\nSuite 300<br \/>\nWashington, DC 20007<br \/>\n\u00c9tats-Unis<\/p>\n<p>T\u00e9l\u00e9phone\u00a0: +1 202 470 3900<br \/>\nFax: +1 202 944 3315<br \/>\n<a href=\"mailto:info@rigtsandresources.org\">info@rightsandresources.org<\/a><\/p>\n<\/div>\n<div class=\"m-all t-1of2 d-1of2\">\n<h3 class=\"staff-heading\">Contact M\u00e9dia :<\/h3>\n<p>Jenna DiPaolo Colley<br \/>\n<em>Directrice,\u00a0Communication Strat\u00e9gique<\/em><br \/>\n+1 202 470 3894<br \/>\n<a href=\"mailto:jdipaolo@rightsandresources.org\">jdipaolo@rightsandresources.org<\/a><\/p>\n<\/div>\n","protected":false},"excerpt":{"rendered":"<p>International Secretariat : 2715\u00a0M Street NW Suite 300 Washington, DC 20007 \u00c9tats-Unis T\u00e9l\u00e9phone\u00a0: +1 202 470 3900 Fax: +1 202 944 3315 info@rightsandresources.org Contact M\u00e9dia&#8230;<\/p>\n","protected":false},"author":60,"featured_media":0,"parent":0,"menu_order":0,"comment_status":"closed","ping_status":"closed","template":"template-master.php","meta":{"_acf_changed":false,"inline_featured_image":false,"footnotes":""},"class_list":["post-43463","page","type-page","status-publish","hentry"],"acf":[],"aioseo_notices":[],"publishpress_future_action":{"enabled":false,"date":"2026-05-05 12:40:51","action":"change-status","newStatus":"draft","terms":[],"taxonomy":"keywords","extraData":[]},"publishpress_future_workflow_manual_trigger":{"enabledWorkflows":[]},"_links":{"self":[{"href":"https:\/\/rightsandresources.org\/fr\/wp-json\/wp\/v2\/pages\/43463","targetHints":{"allow":["GET"]}}],"collection":[{"href":"https:\/\/rightsandresources.org\/fr\/wp-json\/wp\/v2\/pages"}],"about":[{"href":"https:\/\/rightsandresources.org\/fr\/wp-json\/wp\/v2\/types\/page"}],"author":[{"embeddable":true,"href":"https:\/\/rightsandresources.org\/fr\/wp-json\/wp\/v2\/users\/60"}],"replies":[{"embeddable":true,"href":"https:\/\/rightsandresources.org\/fr\/wp-json\/wp\/v2\/comments?post=43463"}],"version-history":[{"count":10,"href":"https:\/\/rightsandresources.org\/fr\/wp-json\/wp\/v2\/pages\/43463\/revisions"}],"predecessor-version":[{"id":73083,"href":"https:\/\/rightsandresources.org\/fr\/wp-json\/wp\/v2\/pages\/43463\/revisions\/73083"}],"wp:attachment":[{"href":"https:\/\/rightsandresources.org\/fr\/wp-json\/wp\/v2\/media?parent=43463"}],"curies":[{"name":"wp","href":"https:\/\/api.w.org\/{rel}","templated":true}]}}