{"id":43460,"date":"2013-08-27T21:21:30","date_gmt":"2013-08-27T21:21:30","guid":{"rendered":"https:\/\/rightsandresources.org\/offres-demploi\/"},"modified":"2025-09-17T11:49:39","modified_gmt":"2025-09-17T15:49:39","slug":"offres-demploi","status":"publish","type":"page","link":"https:\/\/rightsandresources.org\/fr\/offres-demploi\/","title":{"rendered":"Offres d&rsquo;Emploi"},"content":{"rendered":"<h2 class=\"intro\">D\u00e9sol\u00e9, cette page du site web est seulement disponible en <a href=\"https:\/\/rightsandresources.org\/fr\/offres-demploi\/\">anglais am\u00e9ricain.<\/a><\/h2>\n<p>&nbsp;<\/p>\n<hr \/>\n<p>&nbsp;<\/p>\n","protected":false},"excerpt":{"rendered":"<p>D\u00e9sol\u00e9, cette page du site web est seulement disponible en anglais am\u00e9ricain. &nbsp; &nbsp;<\/p>\n","protected":false},"author":60,"featured_media":50107,"parent":0,"menu_order":0,"comment_status":"closed","ping_status":"closed","template":"page-current-openings.php","meta":{"_acf_changed":false,"inline_featured_image":false,"footnotes":""},"class_list":["post-43460","page","type-page","status-publish","has-post-thumbnail","hentry"],"acf":[],"aioseo_notices":[],"publishpress_future_action":{"enabled":false,"date":"2026-05-01 12:14:20","action":"change-status","newStatus":"draft","terms":[],"taxonomy":"keywords","extraData":[]},"publishpress_future_workflow_manual_trigger":{"enabledWorkflows":[]},"_links":{"self":[{"href":"https:\/\/rightsandresources.org\/fr\/wp-json\/wp\/v2\/pages\/43460","targetHints":{"allow":["GET"]}}],"collection":[{"href":"https:\/\/rightsandresources.org\/fr\/wp-json\/wp\/v2\/pages"}],"about":[{"href":"https:\/\/rightsandresources.org\/fr\/wp-json\/wp\/v2\/types\/page"}],"author":[{"embeddable":true,"href":"https:\/\/rightsandresources.org\/fr\/wp-json\/wp\/v2\/users\/60"}],"replies":[{"embeddable":true,"href":"https:\/\/rightsandresources.org\/fr\/wp-json\/wp\/v2\/comments?post=43460"}],"version-history":[{"count":7,"href":"https:\/\/rightsandresources.org\/fr\/wp-json\/wp\/v2\/pages\/43460\/revisions"}],"predecessor-version":[{"id":75645,"href":"https:\/\/rightsandresources.org\/fr\/wp-json\/wp\/v2\/pages\/43460\/revisions\/75645"}],"wp:featuredmedia":[{"embeddable":true,"href":"https:\/\/rightsandresources.org\/fr\/wp-json\/wp\/v2\/media\/50107"}],"wp:attachment":[{"href":"https:\/\/rightsandresources.org\/fr\/wp-json\/wp\/v2\/media?parent=43460"}],"curies":[{"name":"wp","href":"https:\/\/api.w.org\/{rel}","templated":true}]}}