{"id":43454,"date":"2013-08-27T21:20:54","date_gmt":"2013-08-27T21:20:54","guid":{"rendered":"https:\/\/rightsandresources.org\/membres-associes-de-rri\/"},"modified":"2025-10-23T15:54:10","modified_gmt":"2025-10-23T19:54:10","slug":"membres-associes-de-rri","status":"publish","type":"page","link":"https:\/\/rightsandresources.org\/fr\/qui-nous-sommes\/la-coalition\/membres-associes-de-rri\/","title":{"rendered":"Membres associ\u00e9s de RRI"},"content":{"rendered":"<p>Les postes de membres associ\u00e9s de RRI sont honorifiques et permettent une collaboration \u00e0 long terme avec des personnalit\u00e9s \u00e9minentes qui ne font pas partie des institutions partenaires de RRI.<\/p>\n<h3>Membres associ\u00e9s actuels de l\u2019Initiative des droits et ressources<\/h3>\n","protected":false},"excerpt":{"rendered":"<p>Les postes de membres associ\u00e9s de RRI sont honorifiques et permettent une collaboration \u00e0 long terme avec des personnalit\u00e9s \u00e9minentes qui ne font pas partie&#8230;<\/p>\n","protected":false},"author":60,"featured_media":0,"parent":45967,"menu_order":0,"comment_status":"closed","ping_status":"closed","template":"template-master.php","meta":{"_acf_changed":false,"inline_featured_image":false,"footnotes":""},"class_list":["post-43454","page","type-page","status-publish","hentry"],"acf":[],"aioseo_notices":[],"publishpress_future_action":{"enabled":false,"date":"2026-04-23 02:02:29","action":"change-status","newStatus":"draft","terms":[],"taxonomy":"keywords","extraData":[]},"publishpress_future_workflow_manual_trigger":{"enabledWorkflows":[]},"_links":{"self":[{"href":"https:\/\/rightsandresources.org\/fr\/wp-json\/wp\/v2\/pages\/43454","targetHints":{"allow":["GET"]}}],"collection":[{"href":"https:\/\/rightsandresources.org\/fr\/wp-json\/wp\/v2\/pages"}],"about":[{"href":"https:\/\/rightsandresources.org\/fr\/wp-json\/wp\/v2\/types\/page"}],"author":[{"embeddable":true,"href":"https:\/\/rightsandresources.org\/fr\/wp-json\/wp\/v2\/users\/60"}],"replies":[{"embeddable":true,"href":"https:\/\/rightsandresources.org\/fr\/wp-json\/wp\/v2\/comments?post=43454"}],"version-history":[{"count":14,"href":"https:\/\/rightsandresources.org\/fr\/wp-json\/wp\/v2\/pages\/43454\/revisions"}],"predecessor-version":[{"id":76175,"href":"https:\/\/rightsandresources.org\/fr\/wp-json\/wp\/v2\/pages\/43454\/revisions\/76175"}],"up":[{"embeddable":true,"href":"https:\/\/rightsandresources.org\/fr\/wp-json\/wp\/v2\/pages\/45967"}],"wp:attachment":[{"href":"https:\/\/rightsandresources.org\/fr\/wp-json\/wp\/v2\/media?parent=43454"}],"curies":[{"name":"wp","href":"https:\/\/api.w.org\/{rel}","templated":true}]}}