{"id":43451,"date":"2013-08-27T21:20:36","date_gmt":"2013-08-27T21:20:36","guid":{"rendered":"https:\/\/rightsandresources.org\/conseil-de-direction\/"},"modified":"2026-02-06T16:00:15","modified_gmt":"2026-02-06T21:00:15","slug":"conseil-de-direction","status":"publish","type":"page","link":"https:\/\/rightsandresources.org\/fr\/qui-nous-sommes\/la-coalition\/conseil-de-direction\/","title":{"rendered":"Conseil de direction"},"content":{"rendered":"<p>Le conseil de direction re\u00e7oit \u00e9galement des commentaires sur la gouvernance, suite aux r\u00e9unions r\u00e9guli\u00e8res des partenaires de RRI, qui ont souvent lieu en m\u00eame temps que les r\u00e9unions du conseil.<\/p>\n<h3 class=\"staff-heading\">CONSEIL DE DIRECTION<\/h3>\n","protected":false},"excerpt":{"rendered":"<p>Le conseil de direction re\u00e7oit \u00e9galement des commentaires sur la gouvernance, suite aux r\u00e9unions r\u00e9guli\u00e8res des partenaires de RRI, qui ont souvent lieu en m\u00eame&#8230;<\/p>\n","protected":false},"author":60,"featured_media":50105,"parent":45967,"menu_order":0,"comment_status":"closed","ping_status":"closed","template":"page-board-of-directors.php","meta":{"_acf_changed":false,"inline_featured_image":false,"footnotes":""},"class_list":["post-43451","page","type-page","status-publish","has-post-thumbnail","hentry"],"acf":[],"aioseo_notices":[],"publishpress_future_action":{"enabled":false,"date":"2026-04-22 18:34:38","action":"change-status","newStatus":"draft","terms":[],"taxonomy":"keywords","extraData":[]},"publishpress_future_workflow_manual_trigger":{"enabledWorkflows":[]},"_links":{"self":[{"href":"https:\/\/rightsandresources.org\/fr\/wp-json\/wp\/v2\/pages\/43451","targetHints":{"allow":["GET"]}}],"collection":[{"href":"https:\/\/rightsandresources.org\/fr\/wp-json\/wp\/v2\/pages"}],"about":[{"href":"https:\/\/rightsandresources.org\/fr\/wp-json\/wp\/v2\/types\/page"}],"author":[{"embeddable":true,"href":"https:\/\/rightsandresources.org\/fr\/wp-json\/wp\/v2\/users\/60"}],"replies":[{"embeddable":true,"href":"https:\/\/rightsandresources.org\/fr\/wp-json\/wp\/v2\/comments?post=43451"}],"version-history":[{"count":19,"href":"https:\/\/rightsandresources.org\/fr\/wp-json\/wp\/v2\/pages\/43451\/revisions"}],"predecessor-version":[{"id":77642,"href":"https:\/\/rightsandresources.org\/fr\/wp-json\/wp\/v2\/pages\/43451\/revisions\/77642"}],"up":[{"embeddable":true,"href":"https:\/\/rightsandresources.org\/fr\/wp-json\/wp\/v2\/pages\/45967"}],"wp:featuredmedia":[{"embeddable":true,"href":"https:\/\/rightsandresources.org\/fr\/wp-json\/wp\/v2\/media\/50105"}],"wp:attachment":[{"href":"https:\/\/rightsandresources.org\/fr\/wp-json\/wp\/v2\/media?parent=43451"}],"curies":[{"name":"wp","href":"https:\/\/api.w.org\/{rel}","templated":true}]}}