{"id":43448,"date":"2013-08-27T21:19:21","date_gmt":"2013-08-27T21:19:21","guid":{"rendered":"https:\/\/rightsandresources.org\/partenaires-reseaux-affilies-et-collaborateurs\/"},"modified":"2024-04-26T16:42:58","modified_gmt":"2024-04-26T20:42:58","slug":"partenaires-et-collaborateurs","status":"publish","type":"page","link":"https:\/\/rightsandresources.org\/fr\/qui-nous-sommes\/la-coalition\/partenaires-et-collaborateurs\/","title":{"rendered":"Partenaires et collaborateurs"},"content":{"rendered":"<h3 id=\"top\">Collaborateurs<\/h3>\n<p>RRI collabore \u00e9galement avec un groupe important de plus de 150 collaborateurs qui mettent en place et soutiennent les activit\u00e9s de RRI dans le monde. Vous trouverez ci-apr\u00e8s une liste qui ne cesse de s\u2019\u00e9toffer des collaborateurs de RRI.<\/p>\n","protected":false},"excerpt":{"rendered":"<p>Collaborateurs RRI collabore \u00e9galement avec un groupe important de plus de 150 collaborateurs qui mettent en place et soutiennent les activit\u00e9s de RRI dans le&#8230;<\/p>\n","protected":false},"author":60,"featured_media":53809,"parent":45967,"menu_order":0,"comment_status":"closed","ping_status":"closed","template":"page-partners-collaborators.php","meta":{"_acf_changed":false,"inline_featured_image":false,"footnotes":""},"class_list":["post-43448","page","type-page","status-publish","has-post-thumbnail","hentry"],"acf":[],"aioseo_notices":[],"publishpress_future_action":{"enabled":false,"date":"2026-04-15 04:30:19","action":"change-status","newStatus":"draft","terms":[],"taxonomy":"keywords","extraData":[]},"publishpress_future_workflow_manual_trigger":{"enabledWorkflows":[]},"_links":{"self":[{"href":"https:\/\/rightsandresources.org\/fr\/wp-json\/wp\/v2\/pages\/43448","targetHints":{"allow":["GET"]}}],"collection":[{"href":"https:\/\/rightsandresources.org\/fr\/wp-json\/wp\/v2\/pages"}],"about":[{"href":"https:\/\/rightsandresources.org\/fr\/wp-json\/wp\/v2\/types\/page"}],"author":[{"embeddable":true,"href":"https:\/\/rightsandresources.org\/fr\/wp-json\/wp\/v2\/users\/60"}],"replies":[{"embeddable":true,"href":"https:\/\/rightsandresources.org\/fr\/wp-json\/wp\/v2\/comments?post=43448"}],"version-history":[{"count":14,"href":"https:\/\/rightsandresources.org\/fr\/wp-json\/wp\/v2\/pages\/43448\/revisions"}],"predecessor-version":[{"id":66212,"href":"https:\/\/rightsandresources.org\/fr\/wp-json\/wp\/v2\/pages\/43448\/revisions\/66212"}],"up":[{"embeddable":true,"href":"https:\/\/rightsandresources.org\/fr\/wp-json\/wp\/v2\/pages\/45967"}],"wp:featuredmedia":[{"embeddable":true,"href":"https:\/\/rightsandresources.org\/fr\/wp-json\/wp\/v2\/media\/53809"}],"wp:attachment":[{"href":"https:\/\/rightsandresources.org\/fr\/wp-json\/wp\/v2\/media?parent=43448"}],"curies":[{"name":"wp","href":"https:\/\/api.w.org\/{rel}","templated":true}]}}