{"id":43326,"date":"2013-08-19T23:38:36","date_gmt":"2013-08-19T23:38:36","guid":{"rendered":"https:\/\/rightsandresources.org\/notre-impact\/"},"modified":"2024-10-17T10:37:28","modified_gmt":"2024-10-17T14:37:28","slug":"notre-impact","status":"publish","type":"page","link":"https:\/\/rightsandresources.org\/fr\/qui-nous-sommes\/notre-impact\/","title":{"rendered":"Notre impact"},"content":{"rendered":"<p><a href=\"https:\/\/rightsandresources.org\/fr\/la-coalition\/\">La coalition<\/a> vise \u00e0 compl\u00e9ter les initiatives existantes de mani\u00e8re strat\u00e9gique et \u00e0 leur apporter une valeur ajout\u00e9e, tout en s&rsquo;assurant que les repr\u00e9sentants des organisations communautaires et des peuples autochtones jouent un r\u00f4le majeur dans l&rsquo;orientation et la gouvernance de la coalition. Chaque ann\u00e9e, les priorit\u00e9s de RRI r\u00e9pondent aux besoins des populations locales et de leurs communaut\u00e9s et les soutiennent.<\/p>\n<p>L\u2019empreinte collective des partenaires, des r\u00e9seaux affili\u00e9s et des collaborateurs de RRI se refl\u00e8te dans des r\u00e9formes majeures de la tenure au Br\u00e9sil, en Chine et en Indon\u00e9sie, dans un plaidoyer plus solide de la tenure en Asie du sud, en Am\u00e9rique centrale et en Afrique de l\u2019Ouest et centrale, dans une meilleure reconnaissance au niveau mondial de la tenure dans le cadre de la REDD, dans des normes de responsabilit\u00e9 sociale et des politiques plus avanc\u00e9es ainsi que dans la mobilisation pour les droits des femmes sur les ressources naturelles en Am\u00e9rique latine et en Afrique centrale et de l\u2019Ouest. Les institutions appartenant \u00e0 la grande famille de RRI sont conscientes de l&rsquo;\u00e9norme travail qui doit encore \u00eatre fourni pour les for\u00eats du monde et pour les personnes et les communaut\u00e9s qui les habitent.<\/p>\n<p>Regardez la carte ci-dessous pour en savoir davantage sur la mani\u00e8re dont RRI se diff\u00e9rencie dans son approche du d\u00e9veloppement.<\/p>\n","protected":false},"excerpt":{"rendered":"<p>La coalition vise \u00e0 compl\u00e9ter les initiatives existantes de mani\u00e8re strat\u00e9gique et \u00e0 leur apporter une valeur ajout\u00e9e, tout en s&rsquo;assurant que les repr\u00e9sentants des&#8230;<\/p>\n","protected":false},"author":60,"featured_media":0,"parent":45970,"menu_order":0,"comment_status":"closed","ping_status":"closed","template":"template-master.php","meta":{"_acf_changed":false,"inline_featured_image":false,"footnotes":""},"class_list":["post-43326","page","type-page","status-publish","hentry"],"acf":[],"aioseo_notices":[],"publishpress_future_action":{"enabled":false,"date":"2026-04-23 01:50:48","action":"change-status","newStatus":"draft","terms":[],"taxonomy":"keywords","extraData":[]},"publishpress_future_workflow_manual_trigger":{"enabledWorkflows":[]},"_links":{"self":[{"href":"https:\/\/rightsandresources.org\/fr\/wp-json\/wp\/v2\/pages\/43326","targetHints":{"allow":["GET"]}}],"collection":[{"href":"https:\/\/rightsandresources.org\/fr\/wp-json\/wp\/v2\/pages"}],"about":[{"href":"https:\/\/rightsandresources.org\/fr\/wp-json\/wp\/v2\/types\/page"}],"author":[{"embeddable":true,"href":"https:\/\/rightsandresources.org\/fr\/wp-json\/wp\/v2\/users\/60"}],"replies":[{"embeddable":true,"href":"https:\/\/rightsandresources.org\/fr\/wp-json\/wp\/v2\/comments?post=43326"}],"version-history":[{"count":7,"href":"https:\/\/rightsandresources.org\/fr\/wp-json\/wp\/v2\/pages\/43326\/revisions"}],"predecessor-version":[{"id":71141,"href":"https:\/\/rightsandresources.org\/fr\/wp-json\/wp\/v2\/pages\/43326\/revisions\/71141"}],"up":[{"embeddable":true,"href":"https:\/\/rightsandresources.org\/fr\/wp-json\/wp\/v2\/pages\/45970"}],"wp:attachment":[{"href":"https:\/\/rightsandresources.org\/fr\/wp-json\/wp\/v2\/media?parent=43326"}],"curies":[{"name":"wp","href":"https:\/\/api.w.org\/{rel}","templated":true}]}}