{"id":73921,"date":"2025-07-22T22:06:49","date_gmt":"2025-07-23T02:06:49","guid":{"rendered":"https:\/\/rightsandresources.org\/?page_id=73921"},"modified":"2025-07-22T22:24:28","modified_gmt":"2025-07-23T02:24:28","slug":"evento-foro-global-de-juventudes-2025","status":"publish","type":"page","link":"https:\/\/rightsandresources.org\/es\/evento-foro-global-de-juventudes-2025\/","title":{"rendered":"Evento: Foro Global de Juventudes 2025"},"content":{"rendered":"<p><b>Fecha: <\/b>22\/07\/2025 &#8211; 25\/07\/2025<\/p>\n<p><b>Lugar: <\/b>Bali, Indonesia<\/p>\n<p><b>Coanfitriones:<\/b> RRI, Barisan Pemuda Adat Nusantara (BPAN) y Aliansi Masyarakat Adat Nusantara (AMAN)<\/p>\n<p><em><strong>Exploremos y recuperemos el significado del liderazgo juvenil basado en los valores fundamentales de los derechos, la gesti\u00f3n responsable y la sostenibilidad. Ahora, en la COP30 y m\u00e1s all\u00e1, \u00a1Es nuestro momento de ser escuchados!<\/strong><\/em><\/p>\n<p>Los j\u00f3venes de Pueblos Ind\u00edgenas, Pueblos Afrodescendientes y comunidades locales de todo el mundo est\u00e1n dando un paso al frente para defender sus tierras, sus medios de vida y sus conocimientos ancestrales. Sin embargo, siguen enfrent\u00e1ndose a dificultades considerables, como el acceso desigual a los recursos, la fragmentaci\u00f3n y la falta de coordinaci\u00f3n de los esfuerzos para promover sus intereses y la necesidad apremiante de reforzar su liderazgo y su capacidad de defensa. Para abordar estas deficiencias, <b>RRI<\/b>, <b>Barisan Pemuda Adat Nusantara (BPAN)<\/b> y <a href=\"https:\/\/www.aman.or.id\/\"><b>Aliansi Masyarakat Adat Nusantara (AMAN) <\/b><\/a>coorganizar\u00e1n el primer Foro Mundial de la Juventud (GYF) en Bali (Indonesia) del 22 al 25 de julio de 2025.<\/p>\n<p>Este foro reune a 50 j\u00f3venes l\u00edderes de Pueblos Ind\u00edgenas, Pueblos Afrodescendientes y comunidades locales que forman parte de la coalici\u00f3n mundial de RRI. All\u00ed se reflexionar\u00e1 el papel de los j\u00f3venes en el impulso de un cambio transformador en las tierras y bosques comunitarios.<\/p>\n<p>J\u00f3venes y ancianos de Asia, \u00c1frica y Am\u00e9rica Latina intercambiar\u00e1n experiencias con el fin de reflexionar sobre los retos y oportunidades del liderazgo juvenil y establecer colectivamente una agenda para avanzar en sus prioridades en la defensa de sus territorios, culturas y medios de vida.<\/p>\n<p>El GYF forma parte de los esfuerzos de la RRI para apoyar de forma intencionada a los l\u00edderes juveniles de la coalici\u00f3n con el fin de crear una red s\u00f3lida de una nueva generaci\u00f3n que defienda los derechos consuetudinarios sobre la tierra.<\/p>\n<p><strong>Encuentre el resumen del evento aqu\u00ed:<\/strong><\/p>\n<ul>\n<li><a href=\"#Dia_1_gyf\"><strong>D\u00eda 1<\/strong><\/a><\/li>\n<\/ul>\n<img loading=\"lazy\" decoding=\"async\" src=\"https:\/\/rightsandresources.org\/wp-content\/uploads\/Flyer-ES-2-1-900x900.png\" alt=\"Global Youth Forum\" width=\"658\" height=\"658\" class=\"alignnone wp-image-73864\" srcset=\"https:\/\/rightsandresources.org\/wp-content\/uploads\/Flyer-ES-2-1-900x900.png 900w, https:\/\/rightsandresources.org\/wp-content\/uploads\/Flyer-ES-2-1-300x300.png 300w, https:\/\/rightsandresources.org\/wp-content\/uploads\/Flyer-ES-2-1-125x125.png 125w, https:\/\/rightsandresources.org\/wp-content\/uploads\/Flyer-ES-2-1.png 1080w\" sizes=\"auto, (max-width: 658px) 100vw, 658px\" \/>\n<h2 style=\"text-align: center;\"><a href=\"https:\/\/rightsandresources.org\/wp-content\/uploads\/BALI2025Agenda_final_July-20.pdf\">Descargar la agenda<\/a><\/h2>\n<h1>Galeria de fotos<\/h1>\n<p><!-- Slider container --><\/p>\n<div class=\"my-slider\">\n<div><img decoding=\"async\" src=\"https:\/\/rightsandresources.org\/wp-content\/uploads\/Day-1-Photo-1-scaled.jpg\" alt=\"Slide 1\" \/><\/div>\n<div><img decoding=\"async\" src=\"https:\/\/rightsandresources.org\/wp-content\/uploads\/Day-1-Photo-3-Fav-scaled.jpg\" alt=\"Slide 2\" \/><\/div>\n<div><img decoding=\"async\" src=\"https:\/\/rightsandresources.org\/wp-content\/uploads\/Day-1-Photo-4-scaled.jpg\" alt=\"Slide 3\" \/><\/div>\n<div><img decoding=\"async\" src=\"https:\/\/rightsandresources.org\/wp-content\/uploads\/Day-1-Photo-5-scaled.jpg\" alt=\"Slide 4\" \/><\/div>\n<div><img decoding=\"async\" src=\"https:\/\/rightsandresources.org\/wp-content\/uploads\/Day-1-Photo-6-scaled.jpg\" alt=\"Slide 5\" \/><\/div>\n<div><img decoding=\"async\" src=\"https:\/\/rightsandresources.org\/wp-content\/uploads\/Day-1-photo-N.-8-scaled.jpg\" alt=\"Slide 6\" \/><\/div>\n<\/div>\n<p><!-- Slick Slider CSS --><\/p>\n<p><!-- Slick Slider Theme (optional) --><\/p>\n<p><!-- Slick Slider JS --><br \/>\n<script src=\"https:\/\/cdn.jsdelivr.net\/npm\/slick-carousel@1.8.1\/slick\/slick.min.js\"><\/script><\/p>\n<style>\n.my-slider img {<br \/>  width: 100%;<br \/>  height: auto;<br \/>  border-radius: 8px;<br \/>}<br \/><\/style>\n<p><script>\njQuery(document).ready(function($) {\n  $('.my-slider').slick({\n      arrows: true,\n    autoplay: true,\n    autoplaySpeed: 3000\n  });\n});\n<\/script><\/p>\n<h1><b><span data-contrast=\"auto\"><a id=\"day1-gyf-summary\"><\/a><a id=\"Dia_1_gyf\"><\/a>D\u00eda uno: Un llamado a la acci\u00f3n colectivo basado\u00a0 en el conocimiento ancestral<\/span><\/b><\/h1>\n<p>El primer d\u00eda del Foro Mundial de la Juventud en Bali, Indonesia, se inaugur\u00f3 con un poderoso ritual espiritual llamado <i>Pejati<\/i>, dirigido por Pak Jro Putu Serenga. Este ritual honra las tradiciones balinesas y conecta a los participantes con la tierra y sus antepasados.<\/p>\n<p>Presentado por la joven Indigena activista medioambiental, Archana Soreng (tribu Kharia, India), el foro comenz\u00f3 con una pregunta reflexiva: <i>\u00ab\u00bfC\u00f3mo es el colectivo de la juventud mundial?\u00bb.<\/i> Su respuesta reson\u00f3 a lo largo de toda la jornada: \u00ab<strong>Estamos aqu\u00ed como uno solo. Como una coalici\u00f3n juvenil mundial<\/strong>\u00bb.<\/p>\n<h2><b>Un mensaje unificado de los mayores y los aliados<\/b><\/h2>\n<p>Las palabras de apertura de <b>Hero Aprila <\/b>(BPAN), <b>Rukka Sombolinggi, <\/b>secretaria general de AMAN, y <b>Solange Bandiaky-Badji, <\/b>presidenta y coordinadora de RRI hicieron hincapi\u00e9 en la unidad, la identidad y la responsabilidad intergeneracional. Rukka inst\u00f3 a los j\u00f3venes a reconectarse con sus territorios, desafiando la creencia de que el \u00e9xito solo se encuentra en las ciudades. Record\u00f3 a los participantes que \u00ab<i>somos el futuro de nuestro conocimiento y nuestros territorios<\/i>\u00bb.<\/p>\n<p><b>Solange Bandiaky-Badji<\/b> reforz\u00f3 el compromiso de RRI con el liderazgo juvenil:<\/p>\n<blockquote><p><i>\u00abEl Foro Mundial de la Juventud es un hito para situar a los j\u00f3venes como actores clave de las soluciones globales, soluciones arraigadas en el conocimiento ancestral, los derechos colectivos y la justicia clim\u00e1tica\u00bb.<\/i><\/p><\/blockquote>\n<h2><b>Comprender nuestro mundo: \u00bfcu\u00e1les son las perspectivas de los j\u00f3venes frente a los retos actuales?<\/b><\/h2>\n<p>En la primera mesa redonda, j\u00f3venes l\u00edderes de la Rep\u00fablica Democr\u00e1tica del Congo, Filipinas, Liberia y la comunidad Guna Ayala de Panam\u00e1 compartieron perspectivas regionales sobre los retos m\u00e1s acuciantes de la actualidad. Entre ellos se encuentran las violaciones de los derechos sobre la tierra, los desplazamientos, la discriminaci\u00f3n, el cambio clim\u00e1tico y la erosi\u00f3n cultural.<\/p>\n<blockquote><p>\u00ab<i>Los j\u00f3venes vivimos en esa delgada l\u00ednea entre la tecnolog\u00eda y los conocimientos ancestrales<\/i>\u00bb, afirm\u00f3 <b>Funa-ay Claver <\/b>(AYIPN, Filipinas).<\/p>\n<p>&nbsp;<\/p>\n<p>\u00ab<i>No somos v\u00edctimas, somos la soluci\u00f3n<\/i>\u00bb, afirm\u00f3 <b>Yaily Nadir Castillo<\/b>, l\u00edder juvenil de la comunidad Guna Yala.<\/p><\/blockquote>\n<h2><b>Di\u00e1logo intergeneracional: construir una incidencia pol\u00edtica juntos<\/b><\/h2>\n<p>El segundo panel reuni\u00f3 a mayores Ind\u00edgenas, Afro-descendientes y defensores de la juventud de diferentes generaciones. Ponentes como <b>Rene Ngongo <\/b>(RDC), <b>Rukka Sombolinggi <\/b>(AMAN)<b>, America Anayelli <\/b>(GATC, M\u00e9xico) y <b>Dario Solano <\/b>(RedAfros, Rep\u00fablica Dominicana) pidieron un liderazgo audaz, arraigado en las estructuras colectivas y la memoria hist\u00f3rica.<\/p>\n<blockquote><p>\u00ab<em>Confiar en los j\u00f3venes es una forma de resistencia<\/em>\u00bb, afirm\u00f3 <b>Kim Falyao <\/b>(Siklab, Red de J\u00f3venes Ind\u00edgenas de Filipinas).<\/p>\n<p>\u00ab<em>Debemos ser audaces, sabios y construir alianzas verdaderas<\/em>\u00bb, afirm\u00f3 <b>Rukka Sombolinggi <\/b>(AMAN).<\/p><\/blockquote>\n<h2><b>Una agenda compartida para una generaci\u00f3n global<\/b><\/h2>\n<p>A lo largo del d\u00eda, los participantes comenzaron a identificar prioridades comunes y a definir sus propias narrativas utilizando palabras como \u00abunidad\u00bb, \u00abesperanza\u00bb, \u00abinterconectividad\u00bb y \u00abterritorios\u00bb para describir el Foro.<\/p>\n<p>El primer d\u00eda no termin\u00f3 con respuestas definitivas, sino con una determinaci\u00f3n colectiva. Como record\u00f3 <b>Anjatiana Radoharinina <\/b>(AIKA, Madagascar) a todos los presentes:<\/p>\n<blockquote><p>\u00ab<i>No somos los l\u00edderes del ma\u00f1ana. Somos los l\u00edderes de hoy<\/i>\u00bb.<\/p><\/blockquote>\n<h4><a href=\"https:\/\/rightsandresources.org\/wp-content\/uploads\/PARA-PUBLICACION-INMEDIATA-GYF-COMUNICADO-DE-PRENSA.pdf\">Encuentre aqu\u00ed el comunicado de prensa.<\/a><\/h4>\n","protected":false},"excerpt":{"rendered":"<p>Fecha: 22\/07\/2025 &#8211; 25\/07\/2025 Lugar: Bali, Indonesia Coanfitriones: RRI, Barisan Pemuda Adat Nusantara (BPAN) y Aliansi Masyarakat Adat Nusantara (AMAN) Exploremos y recuperemos el significado&#8230;<\/p>\n","protected":false},"author":60,"featured_media":0,"parent":0,"menu_order":0,"comment_status":"closed","ping_status":"closed","template":"","meta":{"_acf_changed":false,"inline_featured_image":false,"footnotes":""},"class_list":["post-73921","page","type-page","status-publish","hentry","keywords-africa-keyword","keywords-latin-america-keyword","keywords-asia-keyword","keywords-climate-change","keywords-conservation"],"acf":[],"aioseo_notices":[],"publishpress_future_action":{"enabled":false,"date":"2026-05-19 14:09:41","action":"change-status","newStatus":"draft","terms":[],"taxonomy":"keywords","extraData":[]},"publishpress_future_workflow_manual_trigger":{"enabledWorkflows":[]},"_links":{"self":[{"href":"https:\/\/rightsandresources.org\/es\/wp-json\/wp\/v2\/pages\/73921","targetHints":{"allow":["GET"]}}],"collection":[{"href":"https:\/\/rightsandresources.org\/es\/wp-json\/wp\/v2\/pages"}],"about":[{"href":"https:\/\/rightsandresources.org\/es\/wp-json\/wp\/v2\/types\/page"}],"author":[{"embeddable":true,"href":"https:\/\/rightsandresources.org\/es\/wp-json\/wp\/v2\/users\/60"}],"replies":[{"embeddable":true,"href":"https:\/\/rightsandresources.org\/es\/wp-json\/wp\/v2\/comments?post=73921"}],"version-history":[{"count":2,"href":"https:\/\/rightsandresources.org\/es\/wp-json\/wp\/v2\/pages\/73921\/revisions"}],"predecessor-version":[{"id":73929,"href":"https:\/\/rightsandresources.org\/es\/wp-json\/wp\/v2\/pages\/73921\/revisions\/73929"}],"wp:attachment":[{"href":"https:\/\/rightsandresources.org\/es\/wp-json\/wp\/v2\/media?parent=73921"}],"curies":[{"name":"wp","href":"https:\/\/api.w.org\/{rel}","templated":true}]}}