{"id":73439,"date":"2025-06-10T13:06:18","date_gmt":"2025-06-10T17:06:18","guid":{"rendered":"https:\/\/rightsandresources.org\/?page_id=73439"},"modified":"2025-06-11T10:18:52","modified_gmt":"2025-06-11T14:18:52","slug":"transmision-en-directo-de-la-celebracion-del-20o-aniversario-de-rri","status":"publish","type":"page","link":"https:\/\/rightsandresources.org\/es\/transmision-en-directo-de-la-celebracion-del-20o-aniversario-de-rri\/","title":{"rendered":"Transmisi\u00f3n en directo de la celebraci\u00f3n del 20\u00ba aniversario de RRI"},"content":{"rendered":"<p style=\"text-align: center;\">Mientras nuestra coalici\u00f3n celebra con orgullo su 20 aniversario, RRI y sus aliados se re\u00fanen para honrar dos d\u00e9cadas de compromiso inquebrantable con la promoci\u00f3n de los derechos a la tierra, los bosques y los recursos de los Pueblos Ind\u00edgenas, los Pueblos Afrodescendientes y las Comunidades Locales, incluidas las mujeres y los j\u00f3venes de estos grupos.<\/p>\n<p style=\"text-align: center;\">En nuestra celebraci\u00f3n en Katmand\u00fa, Nepal, el 30 de junio, pondremos en contacto a l\u00edderes de movimientos de titulares de derechos de todo el mundo, mostraremos sus logros y haremos balance de los retos actuales y previstos a los que se enfrenta la acci\u00f3n mundial en favor de los derechos de las comunidades. <strong>Entendemos que no todo el mundo puede asistir en persona, por lo que ya est\u00e1 abierta la inscripci\u00f3n para la transmisi\u00f3n en directo del evento el 30 de junio de 2025. \u00a1Inscr\u00edbase ya!<\/strong><\/p>\n<p style=\"text-align: center;\">Nuestra celebraci\u00f3n tambi\u00e9n incluir\u00e1 el lanzamiento de los primeros Premios a la Acci\u00f3n Colectiva de RRI, que reconocen los extraordinarios logros y esfuerzos de las comunidades ind\u00edgenas, afrodescendientes y locales de \u00c1frica, Asia y Am\u00e9rica Latina, destacando su innovaci\u00f3n, resistencia y compromiso inquebrantable con la protecci\u00f3n de la naturaleza y la preservaci\u00f3n de los conocimientos tradicionales para las generaciones futuras.<\/p>\n<p style=\"text-align: center;\"><strong>Ya sea que asista en persona o virtualmente, juntos celebraremos el poder indeleble de la acci\u00f3n colectiva y el movimiento de solidaridad global cultivado por RRI.<\/strong><\/p>\n<h2>Horario de la transmisi\u00f3n en directo &#8211; 30 de junio de 2025<\/h2>\n<p><strong>Ceremonia de apertura y bienvenida del Gobierno de Nepal<\/strong><\/p>\n<p>Hora: 9:00 &#8211; 9:45 (GMT+5:45) | 23:15 &#8211; 00:00 noche anterior (EDT) | 05:15 &#8211; 06:00 (CEST)<\/p>\n<p><strong>Reflexiones sobre 20 a\u00f1os de solidaridad<\/strong><\/p>\n<p>Hora: 10:00 &#8211; 10:45 (GMT+5:45) | 00:15 &#8211; 01:00 (EDT) | 06:15 &#8211; 07:00 (CEST)<\/p>\n<p><strong>Mesa redonda 1: Construir un futuro pr\u00f3spero, seguro y ecol\u00f3gicamente equilibrado<\/strong><\/p>\n<p>Hora: 11:10 &#8211; 12:00 (GMT+5:45) | 01:25 &#8211; 02:15 (EDT) | 07:25 &#8211; 08:15 (CEST)<\/p>\n<p><strong>Paneles de debate 2 y 3: Lecciones y logros de la silvicultura comunitaria en Nepal<\/strong><\/p>\n<p>Panel 2: 12:10 &#8211; 13:00 (GMT+5:45) | 02:25 &#8211; 03:15 (EDT) | 08:25 &#8211; 09:15 (CEST)<\/p>\n<p>Panel 3: 14:00 &#8211; 14:50 (GMT+5:45) | 04:15 &#8211; 05:05 (EDT) | 10:15 &#8211; 11:05 (CEST)<\/p>\n<p>Entre los oradores de este panel figuran la Presidenta de RRI, Dra. Solange Bandiaky-Badji, y los l\u00edderes de los socios de la coalici\u00f3n de RRI en Nepal: Dr. Pasang Dolma Sherpa (Presidente de CIPRED), Thakur Bhandari (Presidente de FECOFUN) y Ghanshyam Pandey (Presidente de Green Foundation).<\/p>\n<p><strong>Primeros Premios a la Acci\u00f3n Colectiva de RRI<\/strong><\/p>\n<p>Hora: 17:00 &#8211; 18:00 (GMT+5:45) | 07:15 &#8211; 08:15 (EDT) | 13:15 &#8211; 14:15 (CEST)<\/p>\n<p>Este premio celebra los extraordinarios logros y esfuerzos de las comunidades de \u00c1frica, Asia y Am\u00e9rica Latina, destacando su innovaci\u00f3n, resistencia y compromiso inquebrantable con los medios de vida sostenibles, la protecci\u00f3n de la naturaleza y la preservaci\u00f3n de los conocimientos tradicionales para las generaciones futuras.<\/p>\n<ul>\n<li>Presentaci\u00f3n de los premios por parte de la Presidenta de RRI, Dra. Solange Bandiaky-Badji, incluida la presentaci\u00f3n de los finalistas de los premios.<\/li>\n<li>Anuncio de los ganadores y entrega de los premios.<\/li>\n<li>Comentarios especiales de la delegaci\u00f3n que representa a las 3 comunidades\/territorios ganadores<\/li>\n<\/ul>\n<p><strong>\u00danase a nuestra transmisi\u00f3n en directo para participar en nuestra celebraci\u00f3n.<\/strong><\/p>\n","protected":false},"excerpt":{"rendered":"<p>Mientras nuestra coalici\u00f3n celebra con orgullo su 20 aniversario, RRI y sus aliados se re\u00fanen para honrar dos d\u00e9cadas de compromiso inquebrantable con la promoci\u00f3n&#8230;<\/p>\n","protected":false},"author":125,"featured_media":0,"parent":0,"menu_order":0,"comment_status":"closed","ping_status":"closed","template":"template-master.php","meta":{"_acf_changed":false,"inline_featured_image":false,"footnotes":""},"class_list":["post-73439","page","type-page","status-publish","hentry","keywords-annual-review","keywords-asia-keyword","keywords-collective-land-rights","keywords-local-communities-2","keywords-global","keywords-indigenous-peoples","keywords-women","keywords-nepal-keyword","keywords-afro-descendant-peoples"],"acf":[],"aioseo_notices":[],"publishpress_future_action":{"enabled":false,"date":"2026-04-22 20:04:13","action":"change-status","newStatus":"draft","terms":[],"taxonomy":"keywords","extraData":[]},"publishpress_future_workflow_manual_trigger":{"enabledWorkflows":[]},"_links":{"self":[{"href":"https:\/\/rightsandresources.org\/es\/wp-json\/wp\/v2\/pages\/73439","targetHints":{"allow":["GET"]}}],"collection":[{"href":"https:\/\/rightsandresources.org\/es\/wp-json\/wp\/v2\/pages"}],"about":[{"href":"https:\/\/rightsandresources.org\/es\/wp-json\/wp\/v2\/types\/page"}],"author":[{"embeddable":true,"href":"https:\/\/rightsandresources.org\/es\/wp-json\/wp\/v2\/users\/125"}],"replies":[{"embeddable":true,"href":"https:\/\/rightsandresources.org\/es\/wp-json\/wp\/v2\/comments?post=73439"}],"version-history":[{"count":9,"href":"https:\/\/rightsandresources.org\/es\/wp-json\/wp\/v2\/pages\/73439\/revisions"}],"predecessor-version":[{"id":73464,"href":"https:\/\/rightsandresources.org\/es\/wp-json\/wp\/v2\/pages\/73439\/revisions\/73464"}],"wp:attachment":[{"href":"https:\/\/rightsandresources.org\/es\/wp-json\/wp\/v2\/media?parent=73439"}],"curies":[{"name":"wp","href":"https:\/\/api.w.org\/{rel}","templated":true}]}}