{"id":60254,"date":"2022-12-04T19:05:14","date_gmt":"2022-12-05T00:05:14","guid":{"rendered":"https:\/\/rightsandresources.org\/?page_id=60254"},"modified":"2022-12-04T19:05:14","modified_gmt":"2022-12-05T00:05:14","slug":"p2s-evento-cop15","status":"publish","type":"page","link":"https:\/\/rightsandresources.org\/es\/p2s-evento-cop15\/","title":{"rendered":"Financiaci\u00f3n de soluciones clim\u00e1ticas y de conservaci\u00f3n basadas en los derechos"},"content":{"rendered":"","protected":false},"excerpt":{"rendered":"","protected":false},"author":82,"featured_media":0,"parent":0,"menu_order":0,"comment_status":"closed","ping_status":"closed","template":"template-master.php","meta":{"_acf_changed":false,"inline_featured_image":false,"footnotes":""},"class_list":["post-60254","page","type-page","status-publish","hentry","keywords-africa-keyword","keywords-latin-america-keyword","keywords-asia-keyword","keywords-indigenous-peoples","keywords-local-communities","keywords-private-sector-engagement-keyword"],"acf":[],"aioseo_notices":[],"publishpress_future_action":{"enabled":false,"date":"2026-04-29 11:24:40","action":"change-status","newStatus":"draft","terms":[],"taxonomy":"keywords","extraData":[]},"publishpress_future_workflow_manual_trigger":{"enabledWorkflows":[]},"_links":{"self":[{"href":"https:\/\/rightsandresources.org\/es\/wp-json\/wp\/v2\/pages\/60254","targetHints":{"allow":["GET"]}}],"collection":[{"href":"https:\/\/rightsandresources.org\/es\/wp-json\/wp\/v2\/pages"}],"about":[{"href":"https:\/\/rightsandresources.org\/es\/wp-json\/wp\/v2\/types\/page"}],"author":[{"embeddable":true,"href":"https:\/\/rightsandresources.org\/es\/wp-json\/wp\/v2\/users\/82"}],"replies":[{"embeddable":true,"href":"https:\/\/rightsandresources.org\/es\/wp-json\/wp\/v2\/comments?post=60254"}],"version-history":[{"count":5,"href":"https:\/\/rightsandresources.org\/es\/wp-json\/wp\/v2\/pages\/60254\/revisions"}],"predecessor-version":[{"id":60264,"href":"https:\/\/rightsandresources.org\/es\/wp-json\/wp\/v2\/pages\/60254\/revisions\/60264"}],"wp:attachment":[{"href":"https:\/\/rightsandresources.org\/es\/wp-json\/wp\/v2\/media?parent=60254"}],"curies":[{"name":"wp","href":"https:\/\/api.w.org\/{rel}","templated":true}]}}