{"id":55819,"date":"2021-09-09T14:06:10","date_gmt":"2021-09-09T18:06:10","guid":{"rendered":"https:\/\/rightsandresources.org\/?page_id=55819"},"modified":"2021-09-22T14:31:42","modified_gmt":"2021-09-22T18:31:42","slug":"path-to-scale-event-es","status":"publish","type":"page","link":"https:\/\/rightsandresources.org\/es\/path-to-scale-event-es\/","title":{"rendered":"Evento: Ampliaci\u00f3n de la acci\u00f3n mundial sobre los derechos colectivos a la tierra en pro del clima, la conservaci\u00f3n y los medios de vida"},"content":{"rendered":"","protected":false},"excerpt":{"rendered":"","protected":false},"author":60,"featured_media":0,"parent":0,"menu_order":0,"comment_status":"closed","ping_status":"closed","template":"template-master.php","meta":{"_acf_changed":false,"inline_featured_image":false,"footnotes":""},"class_list":["post-55819","page","type-page","status-publish","hentry"],"acf":[],"aioseo_notices":[],"publishpress_future_action":{"enabled":false,"date":"2026-04-23 08:50:21","action":"change-status","newStatus":"draft","terms":[],"taxonomy":"keywords","extraData":[]},"publishpress_future_workflow_manual_trigger":{"enabledWorkflows":[]},"_links":{"self":[{"href":"https:\/\/rightsandresources.org\/es\/wp-json\/wp\/v2\/pages\/55819","targetHints":{"allow":["GET"]}}],"collection":[{"href":"https:\/\/rightsandresources.org\/es\/wp-json\/wp\/v2\/pages"}],"about":[{"href":"https:\/\/rightsandresources.org\/es\/wp-json\/wp\/v2\/types\/page"}],"author":[{"embeddable":true,"href":"https:\/\/rightsandresources.org\/es\/wp-json\/wp\/v2\/users\/60"}],"replies":[{"embeddable":true,"href":"https:\/\/rightsandresources.org\/es\/wp-json\/wp\/v2\/comments?post=55819"}],"version-history":[{"count":11,"href":"https:\/\/rightsandresources.org\/es\/wp-json\/wp\/v2\/pages\/55819\/revisions"}],"predecessor-version":[{"id":55945,"href":"https:\/\/rightsandresources.org\/es\/wp-json\/wp\/v2\/pages\/55819\/revisions\/55945"}],"wp:attachment":[{"href":"https:\/\/rightsandresources.org\/es\/wp-json\/wp\/v2\/media?parent=55819"}],"curies":[{"name":"wp","href":"https:\/\/api.w.org\/{rel}","templated":true}]}}