{"id":54288,"date":"2020-09-15T16:25:44","date_gmt":"2020-09-15T20:25:44","guid":{"rendered":"https:\/\/rightsandresources.org\/?page_id=54288"},"modified":"2021-03-18T10:33:47","modified_gmt":"2021-03-18T14:33:47","slug":"urgencia-y-oportunidad-sala-de-prensa","status":"publish","type":"page","link":"https:\/\/rightsandresources.org\/es\/urgencia-y-oportunidad-sala-de-prensa\/","title":{"rendered":"Urgencia y oportunidad &#8211; sala de prensa"},"content":{"rendered":"<p>Nos complace compartir con ustedes tres nuevos an\u00e1lisis t\u00e9cnicos que servir\u00e1n de gu\u00eda para ampliar las reformas de la tenencia de la tierra a nivel mundial. El lanzamiento de estos an\u00e1lisis tiene por objeto influir en los donantes, los encargados de la formulaci\u00f3n de pol\u00edticas, los negociadores y los inversores antes de la Semana del Clima de las Naciones Unidas, y contribuir a las negociaciones del Marco Mundial para la Diversidad Biol\u00f3gica posterior a 2020, el Convenio sobre la Diversidad Biol\u00f3gica 15 y la Conferencia de las Partes en la Convenci\u00f3n Marco de las Naciones Unidas sobre el Cambio Clim\u00e1tico 26. Los informes incluyen:<\/p>\n<ol>\n<li><a href=\"https:\/\/rightsandresources.org\/es\/publication\/calculo-de-la-superficie-de-tierras-y-territorios-de-pueblos-indigenas-comunidades-locales-y-afrodescendientes-donde-se-han-reconocido-sus-derechos\/\"><em>Estimaci\u00f3n de la superficie de las tierras y territorios de los pueblos ind\u00edgenas, las comunidades locales y los pueblos afrodescendientes en los que no se han reconocido sus derechos (disponible s\u00f3lo en ingl\u00e9s estadounidense)<\/em><\/a> &#8211; Este documento representa el primer esfuerzo integral para desarrollar una l\u00ednea de base mundial de la superficie total de tierras con derechos no reconocidos de los pueblos ind\u00edgenas, las comunidades locales y los pueblos afrodescendientes. El an\u00e1lisis abarca 42 pa\u00edses, que representan casi el 50% de la superficie terrestre mundial. Se constata que los pueblos ind\u00edgenas, las comunidades locales y los pueblos afrodescendientes ejercen derechos consuetudinarios sobre al menos el 50% de la superficie de tierras de los pa\u00edses estudiados, y que al menos el 46% de esa superficie a\u00fan no ha sido reconocida.<\/li>\n<li><a href=\"https:\/\/rightsandresources.org\/es\/publication\/marco-de-oportunidades-2020\/\"><em>El Marco de Oportunidades: Identificaci\u00f3n de oportunidades de inversi\u00f3n para asegurar los derechos de tenencia colectiva en las zonas forestales de los pa\u00edses de ingresos bajos y medios bajos (disponible s\u00f3lo en ingl\u00e9s estadounidense)<\/em><\/a> &#8211; El Marco de Oportunidades proporciona una herramienta sencilla para ayudar a facilitar, priorizar y movilizar mayores inversiones para ampliar el reconocimiento de los derechos sobre la tierra y los bosques de las comunidades locales y los pueblos ind\u00edgenas. Este informe es un an\u00e1lisis independiente y de alto nivel de expertos sobre el estado de preparaci\u00f3n de los pa\u00edses para las inversiones destinadas a garantizar esos derechos, dando prioridad a los pa\u00edses que son miembros del Fondo de Asociaci\u00f3n de Carbono Forestal (FCPF). Sobre la base de los resultados del estudio, la inversi\u00f3n en s\u00f3lo siete pa\u00edses transferir\u00eda unos 176 millones de hect\u00e1reas de tierras forestales de propiedad p\u00fablica a propiedad ind\u00edgena o comunitaria, lo que duplicar\u00eda con creces los progresos realizados en los \u00faltimos 15 a\u00f1os, beneficiar\u00eda a unos 400 millones de personas y contribuir\u00eda a asegurar unos 153.000 millones de toneladas de carbono.<\/li>\n<li><a href=\"https:\/\/rightsandresources.org\/wp-content\/uploads\/2020\/09\/Area-Brief-ES-2.pdf\"><em>Urgencia y oportunidad: Abordar las crisis mundiales de la salud, el clima y la diversidad biol\u00f3gica mediante la ampliaci\u00f3n del reconocimiento y la protecci\u00f3n de los derechos a la tierra y los medios de vida de los ind\u00edgenas y las comunidades<\/em><\/a>\u00a0&#8211; En este resumen se sintetizan las conclusiones de los an\u00e1lisis t\u00e9cnicos mencionados anteriormente, junto con otros puntos de datos extra\u00eddos de la investigaci\u00f3n hist\u00f3rica de la RRI, para orientar estos argumentos en el centro de las negociaciones en curso relacionadas con el clima, la diversidad biol\u00f3gica y la respuesta mundial al Covid-19. El informe concluye con un llamamiento de la Coalici\u00f3n de RRI, dirigido a los gobiernos, la comunidad internacional, las organizaciones de conservaci\u00f3n y el sector privado, sobre las medidas prioritarias que deben adoptarse para colmar la laguna en el reconocimiento jur\u00eddico y la protecci\u00f3n de los derechos consuetudinarios sobre las tierras y los bosques de las comunidades para mitigar el cambio clim\u00e1tico, proteger los ecosistemas vitales y acelerar el progreso hacia un desarrollo inclusivo y sostenible.<\/li>\n<\/ol>\n<p>Puede acceder al comunicado de prensa <a href=\"https:\/\/rightsandresources.org\/wp-content\/uploads\/2020\/09\/Press-Release-ESP-9.14.2020.pdf\"><strong>aqu\u00ed<\/strong><\/a> y el kit de prensa <strong><a href=\"https:\/\/rightsandresources.org\/wp-content\/uploads\/2020\/09\/ES-RRI-Social-Toolkit.pdf\">aqu\u00ed<\/a>.<\/strong><\/p>\n","protected":false},"excerpt":{"rendered":"<p>Nos complace compartir con ustedes tres nuevos an\u00e1lisis t\u00e9cnicos que servir\u00e1n de gu\u00eda para ampliar las reformas de la tenencia de la tierra a nivel&#8230;<\/p>\n","protected":false},"author":60,"featured_media":54140,"parent":0,"menu_order":0,"comment_status":"closed","ping_status":"closed","template":"","meta":{"_acf_changed":false,"inline_featured_image":false,"footnotes":""},"class_list":["post-54288","page","type-page","status-publish","has-post-thumbnail","hentry"],"acf":[],"aioseo_notices":[],"publishpress_future_action":{"enabled":false,"date":"2026-04-23 10:55:11","action":"change-status","newStatus":"draft","terms":[],"taxonomy":"keywords","extraData":[]},"publishpress_future_workflow_manual_trigger":{"enabledWorkflows":[]},"_links":{"self":[{"href":"https:\/\/rightsandresources.org\/es\/wp-json\/wp\/v2\/pages\/54288","targetHints":{"allow":["GET"]}}],"collection":[{"href":"https:\/\/rightsandresources.org\/es\/wp-json\/wp\/v2\/pages"}],"about":[{"href":"https:\/\/rightsandresources.org\/es\/wp-json\/wp\/v2\/types\/page"}],"author":[{"embeddable":true,"href":"https:\/\/rightsandresources.org\/es\/wp-json\/wp\/v2\/users\/60"}],"replies":[{"embeddable":true,"href":"https:\/\/rightsandresources.org\/es\/wp-json\/wp\/v2\/comments?post=54288"}],"version-history":[{"count":6,"href":"https:\/\/rightsandresources.org\/es\/wp-json\/wp\/v2\/pages\/54288\/revisions"}],"predecessor-version":[{"id":55210,"href":"https:\/\/rightsandresources.org\/es\/wp-json\/wp\/v2\/pages\/54288\/revisions\/55210"}],"wp:featuredmedia":[{"embeddable":true,"href":"https:\/\/rightsandresources.org\/es\/wp-json\/wp\/v2\/media\/54140"}],"wp:attachment":[{"href":"https:\/\/rightsandresources.org\/es\/wp-json\/wp\/v2\/media?parent=54288"}],"curies":[{"name":"wp","href":"https:\/\/api.w.org\/{rel}","templated":true}]}}