{"id":53191,"date":"2020-06-16T15:04:36","date_gmt":"2020-06-16T19:04:36","guid":{"rendered":"https:\/\/rightsandresources.org\/?page_id=53191"},"modified":"2026-01-28T09:53:25","modified_gmt":"2026-01-28T14:53:25","slug":"informacion-institucional","status":"publish","type":"page","link":"https:\/\/rightsandresources.org\/es\/informacion-institucional\/","title":{"rendered":"Informaci\u00f3n Institucional"},"content":{"rendered":"<p>Nuestros socios y organizaciones colaboradoras est\u00e1n directamente involucrados en las reformas de pol\u00edticas de tierra y forestales en cerca de 20 pa\u00edses de \u00c1frica, Asia y Am\u00e9rica Latina. Trabajamos juntos para fomentar mayor compromiso y acci\u00f3n a nivel mundial a favor de los pobres en cuanto a tenencia, pol\u00edticas y reformas de mercado.<\/p>\n<p>Conozca m\u00e1s sobre los socios y\u00a0<a title=\"Partners &amp; Collaborators\" href=\"https:\/\/rightsandresources.org\/es\/who-we-are\/partners-collaborators\/\">colaboradores de RRI<\/a>.<\/p>\n<div>\n<h3>Evaluaciones del Monitor Independiente<\/h3>\n<p>Como parte de la gobernanza y coordinaci\u00f3n de RRI, un Monitor Independiente debe realizar una evaluaci\u00f3n anual independiente del programa de RRI. El Monitor Independiente es responsable del monitoreo de todas las actividades de RRI y da recomendaciones de ajustes en el enfoque estrat\u00e9gico y\/o el funcionamiento de la coalici\u00f3n. Los informes anuales del Monitor Independiente de RRI est\u00e1n disponibles aqu\u00ed:<\/p>\n<p><a href=\"http:\/\/rightsandresources.org\/wp-content\/uploads\/2017\/05\/2016-Independent-Monitor-Report_RRI.pdf\">2016<\/a>\u00a0\/\u00a0<a href=\"http:\/\/rightsandresources.org\/wp-content\/uploads\/2014-IM-Final-Report.pdf\">2014<\/a>\u00a0\/\u00a0<a href=\"http:\/\/rightsandresources.org\/wp-content\/uploads\/C.-2013-Independent-Monitor-Final-Report-1.pdf\">2013<\/a>\u00a0\/\u00a0<a href=\"http:\/\/rightsandresources.org\/wp-content\/uploads\/2014\/01\/doc_5785.pdf\">2012<\/a>\u00a0\/\u00a0<a href=\"https:\/\/rightsandresources.org\/wp-content\/uploads\/2014\/01\/doc_4750.pdf\" target=\"_blank\" rel=\"noopener noreferrer\">2011<\/a>\u00a0\/<a href=\"https:\/\/rightsandresources.org\/wp-content\/uploads\/2014\/01\/doc_2286.pdf\" target=\"_blank\" rel=\"noopener noreferrer\">\u00a02010<\/a>\u00a0\/<a href=\"https:\/\/rightsandresources.org\/wp-content\/uploads\/2014\/01\/doc_2014.pdf\" target=\"_blank\" rel=\"noopener noreferrer\">\u00a02009<\/a>\u00a0\/\u00a0<a href=\"https:\/\/rightsandresources.org\/wp-content\/uploads\/2014\/01\/doc_2013.pdf\" target=\"_blank\" rel=\"noopener noreferrer\">2008<\/a><\/p>\n<p>En el 2015, RRI fue sometida a una evaluaci\u00f3n intermedia independiente sobre la implementaci\u00f3n de las actividades de RRI, y sus impactos, del 2013 al 2015. La evaluaci\u00f3n, realizada por Universalia, puede verse\u00a0<a href=\"http:\/\/rightsandresources.org\/wp-content\/uploads\/2016\/04\/RRI-Mid-term-Evaluation-2015_Universalia.pdf\" target=\"_blank\" rel=\"noopener noreferrer\">aqu\u00ed.<\/a><\/p>\n<p>En el 2011, RRI fue sometida a una evaluaci\u00f3n independiente sobre la implementaci\u00f3n de las actividades de RRI, y sus impactos, del 2008 al 2012. La evaluaci\u00f3n, realizada por The Mountain Institute, puede verse\u00a0<a href=\"https:\/\/rightsandresources.org\/wp-content\/uploads\/2014\/01\/doc_4728.pdf\" target=\"_blank\" rel=\"noopener noreferrer\">aqu\u00ed.<\/a><\/p>\n<h3>Informes narrativos anuales<\/h3>\n<p>Los informes narrativos anuales que resumen los negocios de la Iniciativa y sus actividades est\u00e1n disponibles al p\u00fablico. Acceda a ellos aqu\u00ed:<\/p>\n<p><a href=\"http:\/\/rightsandresources.org\/wp-content\/uploads\/2013\/08\/RRI_2016-Annual-Narrative-Report.pdf\">2016<\/a>\u00a0\/\u00a0<a href=\"http:\/\/rightsandresources.org\/wp-content\/uploads\/2016\/07\/Rights-and-Resources_Annual-Narrative-Report-2015.pdf\" target=\"_blank\" rel=\"noopener noreferrer\">2015<\/a>\u00a0\/\u00a0<a href=\"http:\/\/rightsandresources.org\/wp-content\/uploads\/2014-Annual-Narrative-Report-FINAL.pdf\" target=\"_blank\" rel=\"noopener noreferrer\">2014<\/a>\u00a0\/\u00a0<a href=\"http:\/\/rightsandresources.org\/wp-content\/uploads\/2013-Annual-Narrative-Report-3.0.pdf\" target=\"_blank\" rel=\"noopener noreferrer\">2013<\/a>\u00a0\/\u00a0<a href=\"http:\/\/rightsandresources.org\/wp-content\/uploads\/2014\/01\/doc_5822.pdf\" target=\"_blank\" rel=\"noopener noreferrer\">2012<\/a>\u00a0\/<a href=\"http:\/\/rightsandresources.org\/wp-content\/uploads\/2014\/01\/doc_5299.pdf\" target=\"_blank\" rel=\"noopener noreferrer\">\u00a02011<\/a>\u00a0\/\u00a0<a href=\"http:\/\/rightsandresources.org\/wp-content\/uploads\/2014\/01\/doc_2389.pdf\" target=\"_blank\" rel=\"noopener noreferrer\">2010<\/a>\u00a0\/<a href=\"https:\/\/rightsandresources.org\/wp-content\/uploads\/2014\/01\/doc_2390.pdf\" target=\"_blank\" rel=\"noopener noreferrer\">\u00a02009<\/a>\u00a0\/<a href=\"https:\/\/rightsandresources.org\/wp-content\/uploads\/2014\/01\/doc_1055.pdf\" target=\"_blank\" rel=\"noopener noreferrer\">\u00a02008<\/a>\u00a0\/\u00a0<a href=\"https:\/\/rightsandresources.org\/wp-content\/uploads\/2014\/01\/doc_164.pdf\" target=\"_blank\" rel=\"noopener noreferrer\">2007<\/a>\u00a0\/\u00a0<a href=\"https:\/\/rightsandresources.org\/wp-content\/uploads\/2014\/01\/doc_163.pdf\" target=\"_blank\" rel=\"noopener noreferrer\">2006<\/a><\/p>\n<h3>Acuerdo marco de RRI<\/h3>\n<p><a href=\"https:\/\/rightsandresources.org\/wp-content\/uploads\/2018\/10\/Tercer-Plan-Estrat%C3%A9gico-de-la-Iniciativa-para-los-Derechos-y-Recursos-RRI-2018-2022.pdf\" target=\"_blank\" rel=\"noopener noreferrer\">Tercer Plan Estrat\u00e9gico de RRI: 2018-2022<\/a><\/p>\n<h3>Estados Financieros Auditados<\/h3>\n<p>El Rights and Resources Group (RRG) [Grupo para los Derechos y Recursos], es una organizaci\u00f3n sin fines de lucro 501 c(3), y el mecanismo coordinador de la Iniciativa para los Derechos y Recursos. Ha sido encomendada por los que nos apoyan con recursos financieros para realizar la misi\u00f3n y los objetivos de la Iniciativa. Para justificar este confianza, el RRG se ha comprometido a ser administrador efectivo de estos recursos, y utilizarlos de la forma m\u00e1s efectiva en nuestro trabajo.<\/p>\n<p>El RRG documenta nuestra administraci\u00f3n efectiva a trav\u00e9s de una auditoria anual independiente de nuestras cuentas financieras. Para demostrar nuestro compromiso a la rendici\u00f3n de cuentas y transparencia financiera, nuestros Estados Financieros Auditados anuales est\u00e1n disponibles aqu\u00ed:<\/p>\n<p><a href=\"http:\/\/rightsandresources.org\/wp-content\/uploads\/2017\/05\/RRI_Audited-Financial-Statements-2016.pdf\">2016<\/a>\u00a0\/\u00a0<a href=\"http:\/\/rightsandresources.org\/wp-content\/uploads\/2016\/10\/RRI-Audited-Financial-Statement-2015.pdf\" target=\"_blank\" rel=\"noopener noreferrer\">2015<\/a>\u00a0\/\u00a0<a href=\"http:\/\/rightsandresources.org\/wp-content\/uploads\/RRI-2014-FS.pdf\" target=\"_blank\" rel=\"noopener noreferrer\">2014<\/a>\u00a0\/\u00a0<a href=\"http:\/\/rightsandresources.org\/wp-content\/uploads\/RRI-2013-FS.pdf\">2013<\/a>\u00a0\/\u00a0<a href=\"https:\/\/rightsandresources.org\/wp-content\/uploads\/2014\/01\/doc_6246.pdf\" target=\"_blank\" rel=\"noopener noreferrer\">2012<\/a>\u00a0\/\u00a0<a href=\"https:\/\/rightsandresources.org\/wp-content\/uploads\/2014\/01\/doc_5300.pdf\" target=\"_blank\" rel=\"noopener noreferrer\">2011<\/a>\u00a0\/\u00a0<a href=\"https:\/\/rightsandresources.org\/wp-content\/uploads\/2014\/01\/doc_2257.pdf\" target=\"_blank\" rel=\"noopener noreferrer\">2010<\/a>\u00a0\/\u00a0<a href=\"https:\/\/rightsandresources.org\/wp-content\/uploads\/2014\/01\/doc_2026.pdf\" target=\"_blank\" rel=\"noopener noreferrer\">2009<\/a>\u00a0\/\u00a0<a href=\"https:\/\/rightsandresources.org\/wp-content\/uploads\/2014\/01\/doc_2026.pdf\" target=\"_blank\" rel=\"noopener noreferrer\">2008<\/a>\u00a0\/\u00a0<a href=\"https:\/\/rightsandresources.org\/wp-content\/uploads\/2014\/01\/doc_958.pdf\" target=\"_blank\" rel=\"noopener noreferrer\">2007<\/a>\u00a0\/\u00a0<a href=\"https:\/\/rightsandresources.org\/wp-content\/uploads\/2014\/01\/doc_957.pdf\" target=\"_blank\" rel=\"noopener noreferrer\">2006<\/a><\/p>\n<h3>Propuesta marco de la Iniciativa para los Derechos y Recursos (RRI)<\/h3>\n<p>2013 \u2013 2017<\/p>\n<h3>Planilla Anual de IRS<\/h3>\n<p>Todas las organizaciones ben\u00e9ficas, libre de pago de impuestos, con sede en EEUU, deben llenar una planilla de impuestos anualmente para entregar al US Internal Revenue Service (IRS), las cuales deben documentar el ingreso, gastos, actividades, y gobernanza de la organizaci\u00f3n. Estas est\u00e1n disponibles para inspecci\u00f3n p\u00fablica en el US Internal Revenue Service, y tambi\u00e9n deben de estar disponibles a cualquier persona p\u00fablica que solicite una copia. Para llenar este requisito, y para demostrar plena transparencia y rendici\u00f3n de cuentas, la RRG las tiene disponible aqu\u00ed:<\/p>\n<p><a href=\"http:\/\/rightsandresources.org\/wp-content\/uploads\/2014-RRI-IRS-990.pdf\">2014<\/a>\u00a0\/\u00a0<a href=\"http:\/\/rightsandresources.org\/wp-content\/uploads\/2013-990-for-Website.pdf\">2013<\/a>\u00a0\/\u00a0<a href=\"http:\/\/rightsandresources.org\/wp-content\/uploads\/2012-990-web-FINAL.pdf\">2012<\/a>\u00a0\/<a href=\"https:\/\/rightsandresources.org\/wp-content\/uploads\/2014\/01\/doc_5696.pdf\" target=\"_blank\" rel=\"noopener noreferrer\">2011<\/a>\u00a0\/\u00a0<a href=\"https:\/\/rightsandresources.org\/wp-content\/uploads\/2014\/01\/doc_2305.pdf\" target=\"_blank\" rel=\"noopener noreferrer\">2010<\/a>\u00a0\/\u00a0<a href=\"https:\/\/rightsandresources.org\/wp-content\/uploads\/2014\/01\/doc_2041.pdf\" target=\"_blank\" rel=\"noopener noreferrer\">2009<\/a>\u00a0\/\u00a0<a href=\"https:\/\/rightsandresources.org\/wp-content\/uploads\/2014\/01\/doc_2038.pdf\" target=\"_blank\" rel=\"noopener noreferrer\">2008<\/a>\u00a0\/\u00a0<a href=\"https:\/\/rightsandresources.org\/wp-content\/uploads\/2014\/01\/doc_2040.pdf\" target=\"_blank\" rel=\"noopener noreferrer\">2007<\/a>\u00a0\/\u00a0<a href=\"https:\/\/rightsandresources.org\/wp-content\/uploads\/2014\/01\/doc_2039.pdf\" target=\"_blank\" rel=\"noopener noreferrer\">2006<\/a><\/p>\n<\/div>\n<h3>Documentaci\u00f3n de los Planes Anuales de Trabajo<\/h3>\n<p><strong>2017:<\/strong><\/p>\n<p><a href=\"http:\/\/rightsandresources.org\/wp-content\/uploads\/2013\/08\/RRI-2017-Program-Strategies-Work-Plans-Budget_March-2017.pdf\">Prioridades estrat\u00e9gicas y planes de trabajo de RRI para el 2017<\/a><\/p>\n<p><strong>2016:<\/strong><\/p>\n<p><a href=\"http:\/\/rightsandresources.org\/wp-content\/uploads\/2016\/04\/Rights-Resources-Initiative_Program-StrategiesWork-Plans-and-Budgets-2016.pdf\">Prioridades estrat\u00e9gicas y planes de trabajo de RRI para el 2016<\/a><\/p>\n<p><strong>2015:<\/strong><\/p>\n<div class=\"sixcol first\">\n<p><a href=\"http:\/\/rightsandresources.org\/wp-content\/uploads\/RRI-Strategic-Priorities-for-2015.pdf\">Prioridades estrat\u00e9gicas de RRI para el 2015<\/a><\/p>\n<p><a href=\"http:\/\/rightsandresources.org\/wp-content\/uploads\/RRI-Global-Programs-2015-Workplan.pdf\">Plan de trabajo de los Programas Globales de RRI para el 2015<\/a><\/p>\n<p><a href=\"http:\/\/rightsandresources.org\/wp-content\/uploads\/RRI-Africa-2015-Workplan.pdf\">Plan de trabajo de RRI en \u00c1frica para el 2015<\/a><\/p>\n<\/div>\n<div class=\"sixcol last\">\n<p><a href=\"http:\/\/rightsandresources.org\/wp-content\/uploads\/RRI-Latin-America-2015-Workplan.pdf\">Plan de trabajo de RRI en Am\u00e9rica Latina para el 2015<\/a><\/p>\n<p><a href=\"http:\/\/rightsandresources.org\/wp-content\/uploads\/RRI-Asia-2015-Workplan.pdf\">Plan de trabajo de RRI en Asia para el 2015<\/a><\/p>\n<p><strong>2014:<\/strong><\/p>\n<div class=\"sixcol first\">\n<p><a href=\"https:\/\/rightsandresources.org\/wp-content\/uploads\/RRI-Strategic-Priorities-for-2014.pdf\" target=\"_blank\" rel=\"noopener noreferrer\">Prioridades estrat\u00e9gicas de RRI para el 2014<\/a><\/p>\n<p><a href=\"https:\/\/rightsandresources.org\/wp-content\/uploads\/RRI-Global-Programs-2014-Workplan.pdf\" target=\"_blank\" rel=\"noopener noreferrer\">Plan de trabajo de los Programas Globales de RRI para el 2014<\/a><\/p>\n<p><a href=\"https:\/\/rightsandresources.org\/wp-content\/uploads\/RRI-Africa-2014-Workplan.pdf\" target=\"_blank\" rel=\"noopener noreferrer\">Plan de trabajo de RRI en \u00c1frica para el 2014<\/a><\/p>\n<\/div>\n<div class=\"sixcol last\">\n<p><a href=\"https:\/\/rightsandresources.org\/wp-content\/uploads\/RRI-Latin-America-2014-Workplan.pdf\" target=\"_blank\" rel=\"noopener noreferrer\">Plan de trabajo de RRI en Am\u00e9rica Latina para el 2014<\/a><\/p>\n<p><a href=\"https:\/\/rightsandresources.org\/wp-content\/uploads\/RRI-Asia-2014-Workplan.pdf\" target=\"_blank\" rel=\"noopener noreferrer\">Plan de trabajo de RRI en Asia para el 2014<\/a><\/p>\n<p><strong>2013:<\/strong><\/p>\n<div class=\"sixcol first\">\n<p><a href=\"https:\/\/rightsandresources.org\/wp-content\/uploads\/2014\/01\/doc_5826.pdf\" target=\"_blank\" rel=\"noopener noreferrer\">Prioridades estrat\u00e9gicas de RRI para el 2013<\/a><\/p>\n<p><a href=\"https:\/\/rightsandresources.org\/wp-content\/uploads\/2014\/01\/doc_5827.pdf\" target=\"_blank\" rel=\"noopener noreferrer\">Plan de trabajo de los Programas Globales de RRI para el 2013<\/a><\/p>\n<p><a href=\"https:\/\/rightsandresources.org\/wp-content\/uploads\/2014\/01\/doc_5823.pdf\" target=\"_blank\" rel=\"noopener noreferrer\">Plan de trabajo de RRI en \u00c1frica para el 2013<\/a><\/p>\n<\/div>\n<div class=\"sixcol last\">\n<p><a href=\"https:\/\/rightsandresources.org\/wp-content\/uploads\/2014\/01\/doc_5825.pdf\" target=\"_blank\" rel=\"noopener noreferrer\">Plan de trabajo de RRI en Am\u00e9rica Latina para el 2013<\/a><\/p>\n<p><a href=\"https:\/\/rightsandresources.org\/wp-content\/uploads\/2014\/01\/doc_5824.pdf\" target=\"_blank\" rel=\"noopener noreferrer\">Plan de trabajo de RRI en Asia para el 2013<\/a><\/p>\n<p><strong>2012:<\/strong><\/p>\n<div class=\"sixcol first\">\n<p><a href=\"https:\/\/rightsandresources.org\/wp-content\/uploads\/2014\/01\/doc_4751.pdf\" target=\"_blank\" rel=\"noopener noreferrer\">Prioridades estrat\u00e9gicas de RRI para el 2012<\/a><\/p>\n<p><a href=\"https:\/\/rightsandresources.org\/wp-content\/uploads\/2014\/01\/doc_4752.pdf\" target=\"_blank\" rel=\"noopener noreferrer\">Plan de trabajo de los Programas Globales de RRI para el 2012<\/a><\/p>\n<p><a href=\"https:\/\/rightsandresources.org\/wp-content\/uploads\/2014\/01\/doc_4753.pdf\" target=\"_blank\" rel=\"noopener noreferrer\">Plan de trabajo de RRI en \u00c1frica para el 2012<\/a><\/p>\n<\/div>\n<div class=\"sixcol\">\n<p><a href=\"https:\/\/rightsandresources.org\/wp-content\/uploads\/2014\/01\/doc_4754.pdf\" target=\"_blank\" rel=\"noopener noreferrer\">Plan de trabajo de RRI en Am\u00e9rica Latina para el 2012<\/a><\/p>\n<p><a href=\"https:\/\/rightsandresources.org\/wp-content\/uploads\/2014\/01\/doc_4755.pdf\" target=\"_blank\" rel=\"noopener noreferrer\">Plan de trabajo de RRI en Asia para el 2012<\/a><\/p>\n<p><strong>2011:<\/strong><\/p>\n<div class=\"sixcol first\">\n<p><a href=\"https:\/\/rightsandresources.org\/wp-content\/uploads\/2014\/01\/doc_2395.pdf\" target=\"_blank\" rel=\"noopener noreferrer\">Prioridades estrat\u00e9gicas de RRI para el 2011<\/a><\/p>\n<p><a href=\"https:\/\/rightsandresources.org\/wp-content\/uploads\/2014\/01\/doc_2394.pdf\" target=\"_blank\" rel=\"noopener noreferrer\">Plan de trabajo de los Programas Globales de RRI para el 2011<\/a><\/p>\n<p><a href=\"https:\/\/rightsandresources.org\/wp-content\/uploads\/2014\/01\/doc_2409.pdf\" target=\"_blank\" rel=\"noopener noreferrer\">Plan de trabajo de RRI en \u00c1frica para el 2011-2012<\/a><\/p>\n<\/div>\n<div class=\"sixcol\">\n<p><a href=\"https:\/\/rightsandresources.org\/wp-content\/uploads\/2014\/01\/doc_2393.pdf\" target=\"_blank\" rel=\"noopener noreferrer\">Plan de trabajo de RRI en Am\u00e9rica Latina para el 2011-2012<\/a><\/p>\n<p><a href=\"https:\/\/rightsandresources.org\/wp-content\/uploads\/2014\/01\/doc_2392.pdf\" target=\"_blank\" rel=\"noopener noreferrer\">Plan de trabajo de RRI en Asia para el 2011-2012<\/a><\/p>\n<p><strong>2010:<\/strong><\/p>\n<div class=\"sixcol first\">\n<p><a href=\"https:\/\/rightsandresources.org\/wp-content\/uploads\/2014\/01\/doc_1460.pdf\" target=\"_blank\" rel=\"noopener noreferrer\">Prioridades estrat\u00e9gicas de RRI para el 2010<\/a><\/p>\n<p><a href=\"https:\/\/rightsandresources.org\/wp-content\/uploads\/2014\/01\/doc_1457.pdf\" target=\"_blank\" rel=\"noopener noreferrer\">Plan de trabajo de los Programas Globales de RRI para el 2010<\/a><\/p>\n<p><a href=\"https:\/\/rightsandresources.org\/wp-content\/uploads\/2014\/01\/doc_1458.pdf\" target=\"_blank\" rel=\"noopener noreferrer\">Plan de trabajo de RRI en \u00c1frica para el 2010-2012<\/a><\/p>\n<\/div>\n<div class=\"sixcol\">\n<p><a href=\"https:\/\/rightsandresources.org\/wp-content\/uploads\/2014\/01\/doc_1459.pdf\" target=\"_blank\" rel=\"noopener noreferrer\">Plan de trabajo de RRI en Am\u00e9rica Latina para el 2010-2012<\/a><\/p>\n<p><a href=\"https:\/\/rightsandresources.org\/wp-content\/uploads\/2014\/01\/doc_1421.pdf\" target=\"_blank\" rel=\"noopener noreferrer\">Plan de trabajo de RRI en Asia para el 2010-2012<\/a><\/p>\n<\/div>\n<\/div>\n<\/div>\n<\/div>\n<\/div>\n<\/div>\n","protected":false},"excerpt":{"rendered":"<p>Nuestros socios y organizaciones colaboradoras est\u00e1n directamente involucrados en las reformas de pol\u00edticas de tierra y forestales en cerca de 20 pa\u00edses de \u00c1frica, Asia&#8230;<\/p>\n","protected":false},"author":60,"featured_media":0,"parent":0,"menu_order":0,"comment_status":"closed","ping_status":"closed","template":"template-master.php","meta":{"_acf_changed":false,"inline_featured_image":false,"footnotes":""},"class_list":["post-53191","page","type-page","status-publish","hentry"],"acf":[],"aioseo_notices":[],"publishpress_future_action":{"enabled":false,"date":"2026-04-24 23:40:56","action":"change-status","newStatus":"draft","terms":[],"taxonomy":"keywords","extraData":[]},"publishpress_future_workflow_manual_trigger":{"enabledWorkflows":[]},"_links":{"self":[{"href":"https:\/\/rightsandresources.org\/es\/wp-json\/wp\/v2\/pages\/53191","targetHints":{"allow":["GET"]}}],"collection":[{"href":"https:\/\/rightsandresources.org\/es\/wp-json\/wp\/v2\/pages"}],"about":[{"href":"https:\/\/rightsandresources.org\/es\/wp-json\/wp\/v2\/types\/page"}],"author":[{"embeddable":true,"href":"https:\/\/rightsandresources.org\/es\/wp-json\/wp\/v2\/users\/60"}],"replies":[{"embeddable":true,"href":"https:\/\/rightsandresources.org\/es\/wp-json\/wp\/v2\/comments?post=53191"}],"version-history":[{"count":21,"href":"https:\/\/rightsandresources.org\/es\/wp-json\/wp\/v2\/pages\/53191\/revisions"}],"predecessor-version":[{"id":77579,"href":"https:\/\/rightsandresources.org\/es\/wp-json\/wp\/v2\/pages\/53191\/revisions\/77579"}],"wp:attachment":[{"href":"https:\/\/rightsandresources.org\/es\/wp-json\/wp\/v2\/media?parent=53191"}],"curies":[{"name":"wp","href":"https:\/\/api.w.org\/{rel}","templated":true}]}}