{"id":45998,"date":"2017-01-21T12:24:58","date_gmt":"2017-01-21T12:24:58","guid":{"rendered":"https:\/\/rightsandresources.org\/mapa-de-landmark\/"},"modified":"2024-02-28T16:29:22","modified_gmt":"2024-02-28T21:29:22","slug":"mapa-de-landmark","status":"publish","type":"page","link":"https:\/\/rightsandresources.org\/es\/mapa-de-landmark\/","title":{"rendered":"Mapa de LandMark"},"content":{"rendered":"<p><a href=\"http:\/\/www.landmarkmap.org\/map\/#x=-102.46&amp;y=13.47&amp;l=3\" target=\"_blank\" rel=\"noopener noreferrer\"><\/a>Si bien algunos gobiernos han comenzado las reformas imprescindibles para respetar los derechos sobre la tierra de los pueblos ind\u00edgenas y las comunidades locales, la falta de mapas fiables disponibles al p\u00fablico suponen que estas comunidades siguen siendo vulnerables a la violaci\u00f3n de sus derechos, mientras que los gobiernos carecen de las herramientas necesarias para respetar sus compromisos.<\/p>\n<p>El mapa de LandMark pretende abordar esta falta de datos fiables sobre la tenencia al ser la primera plataforma mundial interactiva disponible en l\u00ednea que ofrece mapas y otros tipos de informaci\u00f3n sobre tierras colectivas, usando im\u00e1genes por sat\u00e9lite y otros sistemas para trazar un mapa de los l\u00edmites de las tierras de las comunidades ind\u00edgenas y locales.<\/p>\n<p>Creado en 2015 por 13 organizaciones, entre ellas la RRI, tras la <a href=\"\/blog\/international-conference-on-scaling-up-strategies-to-secure-community-land-and-resource-rights-begins\/\">Conferencia de 2013 \u00abAumentar las estrategias para garantizar los derechos a la tierra y a los recursos comunitarios\u00bb<\/a>, LandMark ha demostrado ser una herramienta esencial en la lucha por garantizar la tenencia de la tierra. Incluso en aquellos lugares en los que los gobiernos no reconocen oficialmente la tenencia comunitaria de la tierra, los agentes ind\u00edgenas y locales han defendido sus derechos de tenencia usando datos extra\u00eddos de esta herramienta. Asimismo, el mapa de LandMark ayuda a los gobiernos, investigadores y empresas privadas a entender mejor la situaci\u00f3n sobre el terreno.<\/p>\n<h4><a href=\"http:\/\/www.landmarkmap.org\/\" target=\"_blank\" rel=\"noopener noreferrer\">Explore el mapa de LandMark<\/a><\/h4>\n","protected":false},"excerpt":{"rendered":"<p>Si bien algunos gobiernos han comenzado las reformas imprescindibles para respetar los derechos sobre la tierra de los pueblos ind\u00edgenas y las comunidades locales, la&#8230;<\/p>\n","protected":false},"author":60,"featured_media":0,"parent":0,"menu_order":0,"comment_status":"closed","ping_status":"closed","template":"template-master.php","meta":{"_acf_changed":false,"inline_featured_image":false,"footnotes":""},"class_list":["post-45998","page","type-page","status-publish","hentry"],"acf":[],"aioseo_notices":[],"publishpress_future_action":{"enabled":false,"date":"2026-05-13 12:16:47","action":"change-status","newStatus":"draft","terms":[],"taxonomy":"keywords","extraData":[]},"publishpress_future_workflow_manual_trigger":{"enabledWorkflows":[]},"_links":{"self":[{"href":"https:\/\/rightsandresources.org\/es\/wp-json\/wp\/v2\/pages\/45998","targetHints":{"allow":["GET"]}}],"collection":[{"href":"https:\/\/rightsandresources.org\/es\/wp-json\/wp\/v2\/pages"}],"about":[{"href":"https:\/\/rightsandresources.org\/es\/wp-json\/wp\/v2\/types\/page"}],"author":[{"embeddable":true,"href":"https:\/\/rightsandresources.org\/es\/wp-json\/wp\/v2\/users\/60"}],"replies":[{"embeddable":true,"href":"https:\/\/rightsandresources.org\/es\/wp-json\/wp\/v2\/comments?post=45998"}],"version-history":[{"count":1,"href":"https:\/\/rightsandresources.org\/es\/wp-json\/wp\/v2\/pages\/45998\/revisions"}],"predecessor-version":[{"id":52647,"href":"https:\/\/rightsandresources.org\/es\/wp-json\/wp\/v2\/pages\/45998\/revisions\/52647"}],"wp:attachment":[{"href":"https:\/\/rightsandresources.org\/es\/wp-json\/wp\/v2\/media?parent=45998"}],"curies":[{"name":"wp","href":"https:\/\/api.w.org\/{rel}","templated":true}]}}