{"id":45991,"date":"2017-01-21T12:11:30","date_gmt":"2017-01-21T12:11:30","guid":{"rendered":"https:\/\/rightsandresources.org\/grupo-de-interlaken\/"},"modified":"2024-02-28T16:26:01","modified_gmt":"2024-02-28T21:26:01","slug":"grupo-de-interlaken","status":"publish","type":"page","link":"https:\/\/rightsandresources.org\/es\/grupo-de-interlaken\/","title":{"rendered":"Grupo de Interlaken"},"content":{"rendered":"<p>La interacci\u00f3n de los gobiernos, las comunidades ind\u00edgenas y locales y el sector privado es un paso fundamental para mitigar los riesgos relacionados con la tenencia que asumen las empresas al invertir en pa\u00edses en los que los derechos comunitarios sobre la tierra no est\u00e1n claros ni son seguros. Para fomentar esta colaboraci\u00f3n, la RRI ha contribuido a reunir al <a href=\"http:\/\/www.interlakengroup.org\/\" target=\"_blank\" rel=\"noopener noreferrer\">Grupo de Interlaken<\/a>, una red informal y autodefinida de agentes del sector empresarial, gobiernos, organizaciones de la sociedad civil y organizaciones internacionales que se han comprometido a aumentar y utilizar las acciones del sector privado para garantizar los derechos comunitarios sobre la tierra. Este grupo crea, adopta y difunde herramientas y mecanismos para acelerar el conocimiento del sector privado en el campo de las pr\u00e1cticas responsables relacionadas con los derechos sobre la tierra.<\/p>\n<p>El Grupo de Interlaken elabor\u00f3 la gu\u00eda <a href=\"https:\/\/rightsandresources.org\/publication\/respecting-land-and-forest-rights-a-guide-for-companies\/\" target=\"_blank\" rel=\"noopener noreferrer\">Respecting Land and Forest Rights: A Guide for Companies<\/a>, que ofrece a la alta direcci\u00f3n y los equipos operativos de las principales empresas unos pasos claros que les ayudan a adaptar sus pol\u00edticas y acciones corporativas a las normas de las Directrices voluntarias sobre la gobernanza responsable de la tenencia (DVGT) elaboradas por la Organizaci\u00f3n de las Naciones Unidas para la Alimentaci\u00f3n y la Agricultura. Esta gu\u00eda de los derechos sobre la tierra y los bosques, dirigida por la RRI y publicada en 2015 con aportaciones del sector privado, proporciona a las empresas las herramientas que necesitan para cumplir los compromisos que han adquirido de respetar los derechos sobre la tierra de los pueblos ind\u00edgenas y las comunidades locales.<\/p>\n<p>Andy White, coordinador de la RRI, copreside el Grupo de Interlaken junto con Mark Constantine, de la Corporaci\u00f3n Financiera Internacional. El Grupo de Interlaken se form\u00f3 en la <a href=\"http:\/\/communitylandrights.org\/\" target=\"_blank\" rel=\"noopener noreferrer\">Conferencia international de 2013 de la RRI<\/a>, que se celebr\u00f3 en Interlaken (Suiza).<\/p>\n<h4>Explore aqu\u00ed la herramienta de orientaci\u00f3n interactiva del Grupo de Interlaken<\/h4>\n","protected":false},"excerpt":{"rendered":"<p>La interacci\u00f3n de los gobiernos, las comunidades ind\u00edgenas y locales y el sector privado es un paso fundamental para mitigar los riesgos relacionados con la&#8230;<\/p>\n","protected":false},"author":60,"featured_media":0,"parent":0,"menu_order":0,"comment_status":"closed","ping_status":"closed","template":"template-master.php","meta":{"_acf_changed":false,"inline_featured_image":false,"footnotes":""},"class_list":["post-45991","page","type-page","status-publish","hentry"],"acf":[],"aioseo_notices":[],"publishpress_future_action":{"enabled":false,"date":"2026-05-03 16:58:21","action":"change-status","newStatus":"draft","terms":[],"taxonomy":"keywords","extraData":[]},"publishpress_future_workflow_manual_trigger":{"enabledWorkflows":[]},"_links":{"self":[{"href":"https:\/\/rightsandresources.org\/es\/wp-json\/wp\/v2\/pages\/45991","targetHints":{"allow":["GET"]}}],"collection":[{"href":"https:\/\/rightsandresources.org\/es\/wp-json\/wp\/v2\/pages"}],"about":[{"href":"https:\/\/rightsandresources.org\/es\/wp-json\/wp\/v2\/types\/page"}],"author":[{"embeddable":true,"href":"https:\/\/rightsandresources.org\/es\/wp-json\/wp\/v2\/users\/60"}],"replies":[{"embeddable":true,"href":"https:\/\/rightsandresources.org\/es\/wp-json\/wp\/v2\/comments?post=45991"}],"version-history":[{"count":3,"href":"https:\/\/rightsandresources.org\/es\/wp-json\/wp\/v2\/pages\/45991\/revisions"}],"predecessor-version":[{"id":64480,"href":"https:\/\/rightsandresources.org\/es\/wp-json\/wp\/v2\/pages\/45991\/revisions\/64480"}],"wp:attachment":[{"href":"https:\/\/rightsandresources.org\/es\/wp-json\/wp\/v2\/media?parent=45991"}],"curies":[{"name":"wp","href":"https:\/\/api.w.org\/{rel}","templated":true}]}}