{"id":45982,"date":"2017-01-21T11:54:33","date_gmt":"2017-01-21T11:54:33","guid":{"rendered":"https:\/\/rightsandresources.org\/international-land-and-forest-tenure-facility\/"},"modified":"2020-04-17T09:04:44","modified_gmt":"2020-04-17T13:04:44","slug":"international-land-and-forest-tenure-facility","status":"publish","type":"page","link":"https:\/\/rightsandresources.org\/es\/international-land-and-forest-tenure-facility\/","title":{"rendered":"International Land and Forest Tenure Facility"},"content":{"rendered":"<p><a href=\"http:\/\/thetenurefacility.org\/project\/indonesia\/\" target=\"_blank\" rel=\"noopener noreferrer\"><img loading=\"lazy\" decoding=\"async\" class=\"alignright wp-image-37374\" src=\"https:\/\/rightsandresources.org\/wp-content\/uploads\/2017\/01\/Tenure-Facility_Indonesia_Timeline.jpg\" alt=\"The Tenure Facility | History of Indigenous Peoples Land Rights in Indonesia Timeline\" width=\"257\" height=\"859\" srcset=\"https:\/\/rightsandresources.org\/wp-content\/uploads\/2017\/01\/Tenure-Facility_Indonesia_Timeline.jpg 550w, https:\/\/rightsandresources.org\/wp-content\/uploads\/2017\/01\/Tenure-Facility_Indonesia_Timeline-269x900.jpg 269w, https:\/\/rightsandresources.org\/wp-content\/uploads\/2017\/01\/Tenure-Facility_Indonesia_Timeline-479x1600.jpg 479w, https:\/\/rightsandresources.org\/wp-content\/uploads\/2017\/01\/Tenure-Facility_Indonesia_Timeline-90x300.jpg 90w, https:\/\/rightsandresources.org\/wp-content\/uploads\/2017\/01\/Tenure-Facility_Indonesia_Timeline-459x1536.jpg 459w\" sizes=\"auto, (max-width: 257px) 100vw, 257px\" \/><\/a>El International Land and Forest Tenure Facility (\u00abel Tenure Facility\u00bb) naci\u00f3 del reconocimiento de que las campa\u00f1as para garantizar los derechos comunitarios de tenencia de la tierra y los bosques no recib\u00edan suficientes recursos para abordar el nivel de inseguridad dominante en la mayor\u00eda de los pa\u00edses en desarrollo.<\/p>\n<p>El Tenure Facility, que se cre\u00f3 en 2014 y fue madurado por la RRI en sus comienzos, es la primera y la \u00fanica instituci\u00f3n de financiaci\u00f3n dedicada exclusivamente a garantizar los derechos de tenencia de las comunidades locales y los pueblos ind\u00edgenas. Este fondo est\u00e1 dise\u00f1ado de tal modo que pueda dar una respuesta r\u00e1pida y flexible y que complemente las campa\u00f1as en curso de los agentes ind\u00edgenas y locales del plano nacional. Adem\u00e1s, su objetivo es permitir que sus socios de todo el mundo colaboren y aprendan unos de otros.<\/p>\n<p>Actualmente hay seis iniciativas piloto que operan con apoyo del Tenure Facility. Se desarrollan en Camer\u00fan, Indonesia, Liberia, Mal\u00ed, Panam\u00e1 y Per\u00fa. Mediante estos proyectos piloto, el Tenure Facility ofrece ayuda t\u00e9cnica y financiera a organizaciones de pueblos ind\u00edgenas y comunidades locales para que aprovechen y ampl\u00eden sus campa\u00f1as en curso.<\/p>\n<p>El Tenure Facility tambi\u00e9n da cabida a la colaboraci\u00f3n de los gobiernos locales y nacionales con los pueblos ind\u00edgenas y las comunidades locales y proporciona herramientas para que los gobiernos aceleren el proceso de reconocimiento de la tenencia de la tierra comunitaria.<\/p>\n<h4><a href=\"http:\/\/thetenurefacility.org\" target=\"_blank\" rel=\"noopener noreferrer\">Visite el sitio web del Tenure Facility<\/a><\/h4>\n","protected":false},"excerpt":{"rendered":"<p>El International Land and Forest Tenure Facility (\u00abel Tenure Facility\u00bb) naci\u00f3 del reconocimiento de que las campa\u00f1as para garantizar los derechos comunitarios de tenencia de&#8230;<\/p>\n","protected":false},"author":60,"featured_media":0,"parent":0,"menu_order":0,"comment_status":"closed","ping_status":"closed","template":"template-master.php","meta":{"_acf_changed":false,"inline_featured_image":false,"footnotes":""},"class_list":["post-45982","page","type-page","status-publish","hentry"],"acf":[],"aioseo_notices":[],"publishpress_future_action":{"enabled":false,"date":"2026-04-22 17:43:41","action":"change-status","newStatus":"draft","terms":[],"taxonomy":"keywords","extraData":[]},"publishpress_future_workflow_manual_trigger":{"enabledWorkflows":[]},"_links":{"self":[{"href":"https:\/\/rightsandresources.org\/es\/wp-json\/wp\/v2\/pages\/45982","targetHints":{"allow":["GET"]}}],"collection":[{"href":"https:\/\/rightsandresources.org\/es\/wp-json\/wp\/v2\/pages"}],"about":[{"href":"https:\/\/rightsandresources.org\/es\/wp-json\/wp\/v2\/types\/page"}],"author":[{"embeddable":true,"href":"https:\/\/rightsandresources.org\/es\/wp-json\/wp\/v2\/users\/60"}],"replies":[{"embeddable":true,"href":"https:\/\/rightsandresources.org\/es\/wp-json\/wp\/v2\/comments?post=45982"}],"version-history":[{"count":1,"href":"https:\/\/rightsandresources.org\/es\/wp-json\/wp\/v2\/pages\/45982\/revisions"}],"predecessor-version":[{"id":52642,"href":"https:\/\/rightsandresources.org\/es\/wp-json\/wp\/v2\/pages\/45982\/revisions\/52642"}],"wp:attachment":[{"href":"https:\/\/rightsandresources.org\/es\/wp-json\/wp\/v2\/media?parent=45982"}],"curies":[{"name":"wp","href":"https:\/\/api.w.org\/{rel}","templated":true}]}}