{"id":45979,"date":"2016-12-08T00:42:52","date_gmt":"2016-12-08T00:42:52","guid":{"rendered":"https:\/\/rightsandresources.org\/temas\/"},"modified":"2024-02-28T16:30:57","modified_gmt":"2024-02-28T21:30:57","slug":"temas","status":"publish","type":"page","link":"https:\/\/rightsandresources.org\/es\/temas\/","title":{"rendered":"Temas"},"content":{"rendered":"<div class=\"themes-collect\">\n<div class=\"m-1of2 t-1of4 d-1of4\">\n<h2>Derechos y el Clima<\/h2>\n<\/div>\n<div class=\"m-1of2 t-1of4 d-1of4\">\n<h2>Justicia de G\u00e9nero<\/h2>\n<\/div>\n<div class=\"m-1of2 t-1of4 d-1of4\">\n<h2>Obtenci\u00f3n de Derechos<\/h2>\n<\/div>\n<div class=\"m-1of2 t-1of4 d-1of4\">\n<h2>Participaci\u00f3n del<br \/>\nSector Privado<\/h2>\n<\/div>\n<div class=\"clear\"><\/div>\n<\/div>\n","protected":false},"excerpt":{"rendered":"<p>Derechos y el Clima Justicia de G\u00e9nero Obtenci\u00f3n de Derechos Participaci\u00f3n del Sector Privado<\/p>\n","protected":false},"author":60,"featured_media":0,"parent":0,"menu_order":0,"comment_status":"closed","ping_status":"closed","template":"template-master.php","meta":{"_acf_changed":false,"inline_featured_image":false,"footnotes":""},"class_list":["post-45979","page","type-page","status-publish","hentry"],"acf":[],"aioseo_notices":[],"publishpress_future_action":{"enabled":false,"date":"2026-04-25 01:28:20","action":"change-status","newStatus":"draft","terms":[],"taxonomy":"keywords","extraData":[]},"publishpress_future_workflow_manual_trigger":{"enabledWorkflows":[]},"_links":{"self":[{"href":"https:\/\/rightsandresources.org\/es\/wp-json\/wp\/v2\/pages\/45979","targetHints":{"allow":["GET"]}}],"collection":[{"href":"https:\/\/rightsandresources.org\/es\/wp-json\/wp\/v2\/pages"}],"about":[{"href":"https:\/\/rightsandresources.org\/es\/wp-json\/wp\/v2\/types\/page"}],"author":[{"embeddable":true,"href":"https:\/\/rightsandresources.org\/es\/wp-json\/wp\/v2\/users\/60"}],"replies":[{"embeddable":true,"href":"https:\/\/rightsandresources.org\/es\/wp-json\/wp\/v2\/comments?post=45979"}],"version-history":[{"count":18,"href":"https:\/\/rightsandresources.org\/es\/wp-json\/wp\/v2\/pages\/45979\/revisions"}],"predecessor-version":[{"id":64517,"href":"https:\/\/rightsandresources.org\/es\/wp-json\/wp\/v2\/pages\/45979\/revisions\/64517"}],"wp:attachment":[{"href":"https:\/\/rightsandresources.org\/es\/wp-json\/wp\/v2\/media?parent=45979"}],"curies":[{"name":"wp","href":"https:\/\/api.w.org\/{rel}","templated":true}]}}