{"id":43449,"date":"2013-08-27T21:19:21","date_gmt":"2013-08-27T21:19:21","guid":{"rendered":"https:\/\/rightsandresources.org\/socios-redes-afiliadas-y-colaboradores\/"},"modified":"2024-04-26T16:44:08","modified_gmt":"2024-04-26T20:44:08","slug":"socios-y-colaboradores","status":"publish","type":"page","link":"https:\/\/rightsandresources.org\/es\/la-meta\/la-coalicion\/socios-y-colaboradores\/","title":{"rendered":"Socios y Colaboradores"},"content":{"rendered":"<h3><strong>Colaboradores<\/strong><\/h3>\n<p>RRI tambi\u00e9n interact\u00faa con un gran grupo de m\u00e1s de 150 colaboradores que implementan y apoyan las actividades de RRI alrededor del mundo. Se presenta a continuaci\u00f3n una creciente lista de colaboradores de RRI.<\/p>\n","protected":false},"excerpt":{"rendered":"<p>Colaboradores RRI tambi\u00e9n interact\u00faa con un gran grupo de m\u00e1s de 150 colaboradores que implementan y apoyan las actividades de RRI alrededor del mundo. Se&#8230;<\/p>\n","protected":false},"author":60,"featured_media":53809,"parent":45968,"menu_order":0,"comment_status":"closed","ping_status":"closed","template":"page-partners-collaborators.php","meta":{"_acf_changed":false,"inline_featured_image":false,"footnotes":""},"class_list":["post-43449","page","type-page","status-publish","has-post-thumbnail","hentry"],"acf":[],"aioseo_notices":[],"publishpress_future_action":{"enabled":false,"date":"2026-05-07 00:36:31","action":"change-status","newStatus":"draft","terms":[],"taxonomy":"keywords","extraData":[]},"publishpress_future_workflow_manual_trigger":{"enabledWorkflows":[]},"_links":{"self":[{"href":"https:\/\/rightsandresources.org\/es\/wp-json\/wp\/v2\/pages\/43449","targetHints":{"allow":["GET"]}}],"collection":[{"href":"https:\/\/rightsandresources.org\/es\/wp-json\/wp\/v2\/pages"}],"about":[{"href":"https:\/\/rightsandresources.org\/es\/wp-json\/wp\/v2\/types\/page"}],"author":[{"embeddable":true,"href":"https:\/\/rightsandresources.org\/es\/wp-json\/wp\/v2\/users\/60"}],"replies":[{"embeddable":true,"href":"https:\/\/rightsandresources.org\/es\/wp-json\/wp\/v2\/comments?post=43449"}],"version-history":[{"count":13,"href":"https:\/\/rightsandresources.org\/es\/wp-json\/wp\/v2\/pages\/43449\/revisions"}],"predecessor-version":[{"id":66214,"href":"https:\/\/rightsandresources.org\/es\/wp-json\/wp\/v2\/pages\/43449\/revisions\/66214"}],"up":[{"embeddable":true,"href":"https:\/\/rightsandresources.org\/es\/wp-json\/wp\/v2\/pages\/45968"}],"wp:featuredmedia":[{"embeddable":true,"href":"https:\/\/rightsandresources.org\/es\/wp-json\/wp\/v2\/media\/53809"}],"wp:attachment":[{"href":"https:\/\/rightsandresources.org\/es\/wp-json\/wp\/v2\/media?parent=43449"}],"curies":[{"name":"wp","href":"https:\/\/api.w.org\/{rel}","templated":true}]}}