{"id":43362,"date":"2013-08-26T19:27:47","date_gmt":"2013-08-26T19:27:47","guid":{"rendered":"https:\/\/rightsandresources.org\/america-latina\/"},"modified":"2022-01-26T10:45:23","modified_gmt":"2022-01-26T15:45:23","slug":"america-latina","status":"publish","type":"page","link":"https:\/\/rightsandresources.org\/es\/donde-trabajamos\/america-latina\/","title":{"rendered":"Am\u00e9rica Latina"},"content":{"rendered":"<p>En pa\u00edses de toda la regi\u00f3n, la puesta en pr\u00e1ctica de las pol\u00edticas agrarias sigue siendo un reto, mientras que las pol\u00edticas nuevas desintegran los derechos sobre la tierra y los bosques en favor del fomento de la agricultura y las industrias extractivas.<\/p>\n<p>La cooperaci\u00f3n regional entre los pa\u00edses latinoamericanos est\u00e1 demostrando ser una estrategia eficaz para influir sobre los dirigentes para que combatan la reducci\u00f3n de los derechos y fomenten su ejercicio.\u00a0RRI se enfoca en el fortalecimiento de los derechos colectivos de poblaciones ind\u00edgenas, afrodescendientes y comunidades forestales en la regi\u00f3n, al tiempo que contribuye con reformas legales de largo alcance.<\/p>\n<p>Desde el 2012, la Coalici\u00f3n se ha enfocado de manera particular en los derechos de las mujeres ind\u00edgenas y Afro descendientes, quienes a\u00fan se enfrentan a pol\u00edticas inadecuadas de tenencia de la tierra que normalmente ignoran la importancia del acceso de las mujeres a la tierra y las excluyen de los procesos de toma de decisiones.<\/p>\n<p>La RRI apoya activamente la coordinaci\u00f3n de los grupos de mujeres de la regi\u00f3n y el intercambio de informaci\u00f3n entre ellos para que puedan promover mejor sus derechos en la reforma pol\u00edtica nacional, los debates regionales y las campa\u00f1as de mitigaci\u00f3n del cambio clim\u00e1tico y adaptaci\u00f3n a este.<\/p>\n<p>Lea m\u00e1s informaci\u00f3n sobre nuestro trabajo en Per\u00fa y Colombia a continuaci\u00f3n.<\/p>\n<div id=\"fullAccordion\" style=\"margin: 40px 0 0 0; float: left;\">\n<ul class=\"resp-tabs-list\">\n<li>Colombia<\/li>\n<li>Per\u00fa<\/li>\n<\/ul>\n<div class=\"resp-tabs-container\">\n<div>\n<h3>La historia<\/h3>\n<p><strong>Colombia ha adoptado medidas importantes para reconocer los derechos de las comunidades ind\u00edgenas y locales.<\/strong> En 2014, Colombia aprob\u00f3 decretos constitucionales que otorgaban a las comunidades ind\u00edgenas una mayor autonom\u00eda para gestionar sus sistemas educativos, asistencia m\u00e9dica y agua potable. El Gobierno estableci\u00f3 tambi\u00e9n mecanismos legales para que estas comunidades obtuvieran sus tierras ancestrales. Tras 50 a\u00f1os de conflicto interno, en 2016 el Gobierno est\u00e1 ultimando acuerdos de paz que afectan a 20 millones de hect\u00e1reas de tierra para distribuir entre las comunidades campesinas.<\/p>\n<h3>La oportunidad y c\u00f3mo la RRI est\u00e1 provocando un cambio<\/h3>\n<p><strong>La RRI apoya las pol\u00edticas nuevas en materia de reconocimiento de derechos.<\/strong> Los colaboradores de la RRI y otras organizaciones de la sociedad civil defendieron con \u00e9xito la inclusi\u00f3n en el nuevo Plan Nacional de Desarrollo de Colombia de disposiciones para crear una pol\u00edtica p\u00fablica integral en materia de mujeres rurales y acceso de las mujeres a la tierra. Ahora hay organizaciones de mujeres, adem\u00e1s de otras organizaciones de campesinos, ind\u00edgenas y afrocolombianos, que colaboran con la Consejeria Presidencial para la Equidad de la Mujer sobre igualdad de g\u00e9nero para garantizar que se tomen medidas sobre el terreno.<\/p>\n<\/div>\n<div>\n<h3>La historia<\/h3>\n<p><strong>Los pueblos ind\u00edgenas de Per\u00fa se enfrentan a la amenaza de una reducci\u00f3n de sus derechos.<\/strong> Casi un 35\u00a0% de la tierra de Per\u00fa est\u00e1 bajo la propiedad o el control de los pueblos ind\u00edgenas y las comunidades locales. Las contribuciones de estos colectivos al desarrollo sostenible y la mitigaci\u00f3n del cambio clim\u00e1tico son especialmente importantes dado que Per\u00fa cuenta con el territorio de selva tropical m\u00e1s extenso de la Amazon\u00eda despu\u00e9s de Brasil. Seg\u00fan la Asociaci\u00f3n Inter\u00e9tnica de Desarrollo de la Selva Peruana (AIDESEP), Per\u00fa cuenta con la mayor superficie de tierra forestal comunitaria sin reconocer de Latinoam\u00e9rica: 20 millones de hect\u00e1reas. Sin embargo, el Gobierno ha concentrado sus esfuerzos en afianzar la econom\u00eda peruana, que pasa por grandes dificultades, entre otras cosas con una serie de cinco conjuntos de leyes, conocidos como \u00abpaquetazos\u00bb, que aceleran las concesiones y simplifican los requisitos sociales y ambientales necesarios para transferir tierra a inversores privados.<\/p>\n<h3>La oportunidad y c\u00f3mo la RRI est\u00e1 provocando un cambio<\/h3>\n<p><strong>La RRI trabaja para garantizar la tierra a los pueblos ind\u00edgenas y comunidades locales.<\/strong> Con nuestro apoyo, en 2014 la AIDESEP pudo asegurarse de que en el programa del Gobierno nacional se incluyeran propuestas para la creaci\u00f3n de cuatro reservas nuevas para pueblos ind\u00edgenas en aislamiento voluntario y contacto inicial, as\u00ed como propuestas para la recategorizaci\u00f3n de cinco reservas territoriales ya existentes. En mayo de 2016, tres de estas reservas territoriales se convirtieron en reservas ind\u00edgenas, con lo que culmin\u00f3 con \u00e9xito un proceso que hab\u00eda durado m\u00e1s de una d\u00e9cada. Pese a que el nuevo gobierno no ha mostrado inter\u00e9s en dar prioridad a las preocupaciones ind\u00edgenas, un consenso internacional acerca del papel de la seguridad territorial de los pueblos ind\u00edgenas puede presionar al gobierno que cumpla con sus compromisos.<\/p>\n<p><strong>Han surgido nuevas oportunidades gracias a los acuerdos de Per\u00fa con donantes internacionales.<\/strong> El activismo de los pueblos ind\u00edgenas en el \u00e1mbito de REDD+ y el cambio clim\u00e1tico ha hecho resurgir el inter\u00e9s de los donantes y ha aumentado el compromiso del Gobierno. Entre estos acuerdos se incluye el Programa de Inversi\u00f3n Forestal del Banco Mundial, que a\u00fan est\u00e1 en su fase previa de ejecuci\u00f3n pero que destinar\u00e1 siete millones de d\u00f3lares estadounidenses (US$) a la concesi\u00f3n a los pueblos ind\u00edgenas de la titularidad legal de sus tierras ancestrales. El Gobierno peruano tambi\u00e9n ha firmado un acuerdo con Noruega y Alemania para el mercado de carbono de REDD+, lo que puede convertirse en una plataforma prometedora para reafirmar los derechos de tenencia comunitaria. La coalici\u00f3n de la RRI en Per\u00fa trabaja para evitar la reducci\u00f3n de los derechos sobre la tierra al colocar la seguridad de la tenencia en el centro de estos debates nacionales e internacionales.<\/p>\n<\/div>\n<\/div>\n<\/div>\n<div class=\"clear\"><\/div>\n<div class=\"blue-bg-full\">\n<div id=\"icon-container\">\n<div class=\"partners-logos m-all t-all d-3of4\">\n<h3>Socios de Am\u00e9rica Latina<\/h3>\n<div class=\"brd\">\n<ul>\n<li class=\"individual-logos\">\n<div class=\"front-page-logo num-2\" style=\"width: 100%;\"><img decoding=\"async\" class=\"blackAndWhiteHover\" src=\"https:\/\/rightsandresources.org\/wp-content\/uploads\/partner-logos\/Partner_CIFOR.png\" alt=\"Center for International Forestry Research (CIFOR)\" \/><\/div>\n<\/li>\n<li class=\"individual-logos\">\n<div class=\"front-page-logo num-5\" style=\"width: 100%;\"><img decoding=\"async\" class=\"blackAndWhiteHover\" src=\"https:\/\/rightsandresources.org\/wp-content\/uploads\/partner-logos\/Partner_Forest-Peoples-Programme.png\" alt=\"Forest Peoples Programme\" \/><\/div>\n<\/li>\n<li class=\"individual-logos\">\n<div class=\"front-page-logo num-6\" style=\"width: 100%;\"><img decoding=\"async\" class=\"blackAndWhiteHover\" src=\"https:\/\/rightsandresources.org\/wp-content\/uploads\/partner-logos\/Partner_Forest Trends.png\" alt=\"Forest Trends\" \/><\/div>\n<\/li>\n<li class=\"individual-logos\">\n<div class=\"front-page-logo num-7\" style=\"width: 100%;\"><img decoding=\"async\" class=\"blackAndWhiteHover\" src=\"https:\/\/rightsandresources.org\/wp-content\/uploads\/partner-logos\/Partner_Helvetas.png\" alt=\"HELVETAS Swiss Intercooperation\" \/><\/div>\n<\/li>\n<li class=\"individual-logos\">\n<div class=\"front-page-logo num-9\" style=\"width: 100%;\"><img decoding=\"async\" class=\"blackAndWhiteHover\" src=\"https:\/\/rightsandresources.org\/wp-content\/uploads\/partner-logos\/Partner_ISA.png\" alt=\"Instituto Socioambiental\" \/><\/div>\n<\/li>\n<li class=\"individual-logos\">\n<div class=\"front-page-logo num-11\" style=\"width: 100%;\"><img decoding=\"async\" class=\"blackAndWhiteHover\" src=\"https:\/\/rightsandresources.org\/wp-content\/uploads\/partner-logos\/Partner_Prisma.png\" alt=\"PRISMA\" \/><\/div>\n<\/li>\n<\/ul>\n<\/div>\n<\/div>\n<div class=\"affiliated-logos m-all t-all d-1of4 last-col\">\n<h3>Redes Afiliadas de Am\u00e9rica Latina<\/h3>\n<ul>\n<li class=\"individual-logos\">\n<div class=\"front-page-logo num-17\" style=\"width: 100%;\"><img decoding=\"async\" class=\"blackAndWhiteHover\" src=\"https:\/\/rightsandresources.org\/wp-content\/uploads\/partner-logos\/Affiliated Network_AMPB.png\" alt=\"Alianza Mesoamericana de Pueblos y Bosques\" \/><\/div>\n<\/li>\n<li class=\"individual-logos\">\n<div class=\"front-page-logo num-18a\" style=\"width: 100%;\"><img decoding=\"async\" class=\"blackAndWhiteHover\" src=\"https:\/\/rightsandresources.org\/wp-content\/uploads\/partner-logos\/COICA_Affiliated Network.png\" alt=\"Coordinator of Indigenous Organizations of the Amazon River Basin\" \/><\/div>\n<\/li>\n<li class=\"individual-logos\">\n<div class=\"front-page-logo num-18\" style=\"width: 100%;\"><img decoding=\"async\" class=\"blackAndWhiteHover\" src=\"https:\/\/rightsandresources.org\/wp-content\/uploads\/partner-logos\/Affiliated Network_IASC.png\" alt=\"The International Association for the Study of the Commons\" \/><\/div>\n<\/li>\n<\/ul>\n<\/div>\n<\/div>\n<div class=\"clear\"><\/div>\n<div class=\"regions-collab\">\n<h3>Colaboradores de Am\u00e9rica Latina<\/h3>\n<div class=\"m-all t-1of2 d-1of2\">\n<ul>\n<li>Asociaci\u00f3n Ambiente y Sociedad<\/li>\n<li>Asociaci\u00f3n de Comunidades Forestales de Pet\u00e9n (ACOFOP)<\/li>\n<li>Asociaci\u00f3n de Forestar\u00eda Comunitaria de Guatemala Ut\u2019z Che\u2019<\/li>\n<li>Asociaci\u00f3n Inter\u00e9tnica de Desarrollo de la Selva Peruana (AIDESEP)<\/li>\n<li>Asociaci\u00f3n para contribuir a mejorar la Gobernanza de la Tierra, del Agua y de los Recursos Naturales (aGter)<\/li>\n<li>Association for Environment and Society<\/li>\n<li>Autoridad Nacional Afrocolombiana (ANAFRO)<\/li>\n<li>Centro de Estudios Jur\u00eddicos e Investigaci\u00f3n Social (CEJIS)<\/li>\n<li>Centro de Estudios para el Desarrollo Laboral y Agrario (CEDLA)<\/li>\n<li>Centro Peruano de Estudios Sociales (CEPES)<\/li>\n<li>Confederaci\u00f3n Campesina del Per\u00fa (CCP)<\/li>\n<li>Confederaci\u00f3n de Pueblos Indigenas de Bolivia<\/li>\n<li>Confederaci\u00f3n de Nacionalidades Amaz\u00f3nicas del Per\u00fa (CONAP)<\/li>\n<li>Confederaci\u00f3n Nacional Agraria (CNA)<\/li>\n<li>Consejo Civil Mexicano para la Silvicultura Sostenible (CCMSS)<\/li>\n<li>Coordinadora de Asociaciones y Comunidades para el Desarrollo Integral de la Regi\u00f3n Ch&#8217;orti&#8217; (COMUNDICH)<\/li>\n<li>Coordinadora Nacional de Pueblos Ind\u00edgenas de Panam\u00e1 (CONAPIP)<\/li>\n<li>Derecho Ambiente y Recursos Naturales (DAR)<\/li>\n<li>El Instituto de Investigaci\u00f3n y Desarrollo Nitlapan (NITLAPAN)<\/li>\n<\/ul>\n<\/div>\n<div class=\"m-all t-1of2 d-1of2\">\n<ul>\n<li>Federaci\u00f3n Departamental de Mujeres Campesinas de Cundinamarca (Fedemucc)<\/li>\n<li>Foro Inter\u00e9tnico Solidaridad Choco (FISCH)<\/li>\n<li>Fundaci\u00f3n Maya (Fundamaya)<\/li>\n<li>Instituto del Bien Com\u00fan (IBC)<\/li>\n<li>Instituto Latinoamericano para una Sociedad y un Derecho Alternativos (ILSA)<\/li>\n<li>Instituto Para el Hombre, Agricultura y Ecolog\u00eda (IPHAE)<\/li>\n<li>IUCN<\/li>\n<li>La Confederaci\u00f3n Nacional de Mujeres Ind\u00edgenas de Bolivia<\/li>\n<li>Liga de Defensa del Medio Ambiente (LIDEMA)<\/li>\n<li>Mesa de Incidencia Pol\u00edtica de las Mujeres Rurales Colombianas<\/li>\n<li>Proceso Comunidades Negras (PCN)<\/li>\n<li>Programa de Estudios Rurales y Territoriales, Universidad de San Carlos (PERT-FAUSAC)<\/li>\n<li>Observatorio de Territorios \u00c9tnicos y Campesinos, Pontificia Universidad Javeriana<\/li>\n<li>Organizaci\u00f3n Nacional de los Pueblos Ind\u00edgenas de la Amazonia Colombiana (OPIAC)<\/li>\n<li>Organizaci\u00f3n Nacional de Mujeres Andinas y Amaz\u00f3nicas del Per\u00fa (ONAMIAP)<\/li>\n<li>Organizaci\u00f3n Nacional Ind\u00edgena de Colombia (ONIC)<\/li>\n<li>Resguardo Ind\u00edgena Arhuaco<\/li>\n<li>Sociedad Peruana de Derecho Ambiental (SPDA)<\/li>\n<\/ul>\n<\/div>\n<\/div>\n<div class=\"clear\"><\/div>\n<\/div>\n","protected":false},"excerpt":{"rendered":"<p>En pa\u00edses de toda la regi\u00f3n, la puesta en pr\u00e1ctica de las pol\u00edticas agrarias sigue siendo un reto, mientras que las pol\u00edticas nuevas desintegran los&#8230;<\/p>\n","protected":false},"author":60,"featured_media":0,"parent":53212,"menu_order":0,"comment_status":"closed","ping_status":"closed","template":"template-master.php","meta":{"_acf_changed":false,"inline_featured_image":false,"footnotes":""},"class_list":["post-43362","page","type-page","status-publish","hentry"],"acf":[],"aioseo_notices":[],"publishpress_future_action":{"enabled":false,"date":"2026-04-24 18:26:27","action":"change-status","newStatus":"draft","terms":[],"taxonomy":"keywords","extraData":[]},"publishpress_future_workflow_manual_trigger":{"enabledWorkflows":[]},"_links":{"self":[{"href":"https:\/\/rightsandresources.org\/es\/wp-json\/wp\/v2\/pages\/43362","targetHints":{"allow":["GET"]}}],"collection":[{"href":"https:\/\/rightsandresources.org\/es\/wp-json\/wp\/v2\/pages"}],"about":[{"href":"https:\/\/rightsandresources.org\/es\/wp-json\/wp\/v2\/types\/page"}],"author":[{"embeddable":true,"href":"https:\/\/rightsandresources.org\/es\/wp-json\/wp\/v2\/users\/60"}],"replies":[{"embeddable":true,"href":"https:\/\/rightsandresources.org\/es\/wp-json\/wp\/v2\/comments?post=43362"}],"version-history":[{"count":10,"href":"https:\/\/rightsandresources.org\/es\/wp-json\/wp\/v2\/pages\/43362\/revisions"}],"predecessor-version":[{"id":57068,"href":"https:\/\/rightsandresources.org\/es\/wp-json\/wp\/v2\/pages\/43362\/revisions\/57068"}],"up":[{"embeddable":true,"href":"https:\/\/rightsandresources.org\/es\/wp-json\/wp\/v2\/pages\/53212"}],"wp:attachment":[{"href":"https:\/\/rightsandresources.org\/es\/wp-json\/wp\/v2\/media?parent=43362"}],"curies":[{"name":"wp","href":"https:\/\/api.w.org\/{rel}","templated":true}]}}